{"id":15,"date":"2015-08-10T14:32:52","date_gmt":"2015-08-10T14:32:52","guid":{"rendered":"http:\/\/www.hotelsolidaire.org\/?page_id=15"},"modified":"2015-11-05T14:02:04","modified_gmt":"2015-11-05T14:02:04","slug":"nous-trouver","status":"publish","type":"page","link":"https:\/\/hotelsolidairemangily.com\/fr\/nous-trouver\/","title":{"rendered":"Nous trouver"},"content":{"rendered":"<p style=\"text-align: left;\"><div id='' class='row'><div id='' class='col-xs-12'><\/div><br \/>\n<div id='' class='col-md-5'><\/p>\n<p style=\"text-align: left;\"><img loading=\"lazy\" decoding=\"async\" class=\"alignnone wp-image-793 \" src=\"http:\/\/www.aguadecoco.org\/hotel\/wp-content\/uploads\/Carte-01-e1445514315421.jpg\" alt=\"\" width=\"383\" height=\"622\" \/><\/p>\n<p style=\"text-align: left;\"><\/div><div id='' class='col-md-7'><\/p>\n<p>&nbsp;<\/p>\n<p style=\"text-align: left;\"><span style=\"color: #263500;\">Si vous recherchez l\u2019authentique Madagascar, le Madagascar des malgaches, de la musique, de la nature pr\u00e9serv\u00e9e, vous appr\u00e9cierez l\u2019H\u00f4tel Solidaire Mangily.<\/span><\/p>\n<p><span style=\"color: #263500;\">Situ\u00e9 entre les plages paradisiaques de l\u2019Oc\u00e9an Indien et la for\u00eat de baobabs mill\u00e9naires, \u00e0 la lisi\u00e8re des mangroves et des bancs de sable et \u00e0 port\u00e9e de pirogue de la r\u00e9serve marine du Massif des Roses, l\u2019H\u00f4tel Solidaire Mangily est fait pour les voyageurs en qu\u00eate d\u2019\u00e9motion et de qui\u00e9tude.<\/span><\/p>\n<p>&nbsp;<br \/>\n&nbsp;<br \/>\n<span style=\"color: #263500;\"> <strong>Comment se rendre \u00e0 l\u2019H\u00f4tel Solidaire Mangily ?<\/strong><\/span><\/p>\n<p><span style=\"color: #263500;\"> L\u2019H\u00f4tel Solidaire Mangily se situe au village de Mangily, \u00e0 25 km au nord de la ville de Tul\u00e9ar. Vous pouvez vous y rendre :<\/span><\/p>\n<p><span style=\"color: #263500;\">&#8211; Par transfert priv\u00e9 (taxi, 4&#215;4 ou minibus) depuis l&rsquo;a\u00e9roport ou la ville de Tul\u00e9ar<\/span> (<a href=\"http:\/\/hotelsolidario.org\/?p=17\">voir nos tarifs<\/a>)<\/p>\n<p><span style=\"color: #263500;\">&#8211; Par transport en commun (taxi-brousse) depuis le stationnement de Tsongobory (entre 3 000 et 5 000 Ar)<\/span><\/p>\n<p><\/div><div id='' class='col-md-7'><\/p>\n<p><\/div><div id='' class='col-xs-12'><\/p>\n<p><\/div><\/div><\/p>\n<p>&nbsp;<\/p>\n<p><iframe loading=\"lazy\" src=\"https:\/\/www.google.com\/maps\/embed?pb=!1m18!1m12!1m3!1d3669.1448810512625!2d43.61452531496964!3d-23.12837898489954!2m3!1f0!2f0!3f0!3m2!1i1024!2i768!4f13.1!3m3!1m2!1s0x0%3A0x9d4dee9a33bd5950!2sH%C3%B4tel+Solidaire+Mangily!5e0!3m2!1sfr!2s!4v1446627325281\" width=\"932\" height=\"350\" frameborder=\"0\" allowfullscreen=\"allowfullscreen\"><\/iframe><\/p>\n","protected":false},"excerpt":{"rendered":"<p>&nbsp;<\/p>\n","protected":false},"author":2,"featured_media":0,"parent":0,"menu_order":0,"comment_status":"closed","ping_status":"closed","template":"","meta":{"_acf_changed":false,"footnotes":""},"class_list":["post-15","page","type-page","status-publish","hentry"],"acf":[],"yoast_head":"<!-- This site is optimized with the Yoast SEO plugin v27.5 - https:\/\/yoast.com\/product\/yoast-seo-wordpress\/ -->\n<title>Nous trouver - H\u00f4tel Solidaire Mangily<\/title>\n<meta name=\"robots\" content=\"index, follow, max-snippet:-1, max-image-preview:large, max-video-preview:-1\" \/>\n<link rel=\"canonical\" href=\"https:\/\/hotelsolidairemangily.com\/ubicacion\/\" \/>\n<meta property=\"og:locale\" content=\"fr_FR\" \/>\n<meta property=\"og:type\" content=\"article\" \/>\n<meta property=\"og:title\" content=\"Nous trouver - H\u00f4tel Solidaire Mangily\" \/>\n<meta property=\"og:description\" content=\"&nbsp;\" \/>\n<meta property=\"og:url\" content=\"https:\/\/hotelsolidairemangily.com\/ubicacion\/\" \/>\n<meta property=\"og:site_name\" content=\"H\u00f4tel Solidaire Mangily\" \/>\n<meta property=\"article:modified_time\" content=\"2015-11-05T14:02:04+00:00\" \/>\n<meta property=\"og:image\" content=\"https:\/\/hotelsolidairemangily.com\/wp-content\/uploads\/Carte-01-e1445514315421.jpg\" \/>\n\t<meta property=\"og:image:width\" content=\"500\" \/>\n\t<meta property=\"og:image:height\" content=\"813\" \/>\n\t<meta property=\"og:image:type\" content=\"image\/jpeg\" \/>\n<meta name=\"twitter:card\" content=\"summary_large_image\" \/>\n<meta name=\"twitter:label1\" content=\"Dur\u00e9e de lecture estim\u00e9e\" \/>\n\t<meta name=\"twitter:data1\" content=\"1 minute\" \/>\n<script type=\"application\/ld+json\" class=\"yoast-schema-graph\">{\"@context\":\"https:\\\/\\\/schema.org\",\"@graph\":[{\"@type\":\"WebPage\",\"@id\":\"https:\\\/\\\/hotelsolidairemangily.com\\\/ubicacion\\\/\",\"url\":\"https:\\\/\\\/hotelsolidairemangily.com\\\/ubicacion\\\/\",\"name\":\"Nous trouver - H\u00f4tel Solidaire Mangily\",\"isPartOf\":{\"@id\":\"https:\\\/\\\/hotelsolidairemangily.com\\\/#website\"},\"primaryImageOfPage\":{\"@id\":\"https:\\\/\\\/hotelsolidairemangily.com\\\/ubicacion\\\/#primaryimage\"},\"image\":{\"@id\":\"https:\\\/\\\/hotelsolidairemangily.com\\\/ubicacion\\\/#primaryimage\"},\"thumbnailUrl\":\"http:\\\/\\\/www.aguadecoco.org\\\/hotel\\\/wp-content\\\/uploads\\\/Carte-01-e1445514315421.jpg\",\"datePublished\":\"2015-08-10T14:32:52+00:00\",\"dateModified\":\"2015-11-05T14:02:04+00:00\",\"breadcrumb\":{\"@id\":\"https:\\\/\\\/hotelsolidairemangily.com\\\/ubicacion\\\/#breadcrumb\"},\"inLanguage\":\"fr-FR\",\"potentialAction\":[{\"@type\":\"ReadAction\",\"target\":[\"https:\\\/\\\/hotelsolidairemangily.com\\\/ubicacion\\\/\"]}]},{\"@type\":\"ImageObject\",\"inLanguage\":\"fr-FR\",\"@id\":\"https:\\\/\\\/hotelsolidairemangily.com\\\/ubicacion\\\/#primaryimage\",\"url\":\"http:\\\/\\\/www.aguadecoco.org\\\/hotel\\\/wp-content\\\/uploads\\\/Carte-01-e1445514315421.jpg\",\"contentUrl\":\"http:\\\/\\\/www.aguadecoco.org\\\/hotel\\\/wp-content\\\/uploads\\\/Carte-01-e1445514315421.jpg\"},{\"@type\":\"BreadcrumbList\",\"@id\":\"https:\\\/\\\/hotelsolidairemangily.com\\\/ubicacion\\\/#breadcrumb\",\"itemListElement\":[{\"@type\":\"ListItem\",\"position\":1,\"name\":\"Accueil\",\"item\":\"https:\\\/\\\/hotelsolidairemangily.com\\\/fr\\\/\"},{\"@type\":\"ListItem\",\"position\":2,\"name\":\"Nous trouver\"}]},{\"@type\":\"WebSite\",\"@id\":\"https:\\\/\\\/hotelsolidairemangily.com\\\/#website\",\"url\":\"https:\\\/\\\/hotelsolidairemangily.com\\\/\",\"name\":\"H\u00f4tel Solidaire Mangily\",\"description\":\"\u00a1Viaja de forma distinta!\",\"potentialAction\":[{\"@type\":\"SearchAction\",\"target\":{\"@type\":\"EntryPoint\",\"urlTemplate\":\"https:\\\/\\\/hotelsolidairemangily.com\\\/?s={search_term_string}\"},\"query-input\":{\"@type\":\"PropertyValueSpecification\",\"valueRequired\":true,\"valueName\":\"search_term_string\"}}],\"inLanguage\":\"fr-FR\"}]}<\/script>\n<!-- \/ Yoast SEO plugin. -->","yoast_head_json":{"title":"Nous trouver - H\u00f4tel Solidaire Mangily","robots":{"index":"index","follow":"follow","max-snippet":"max-snippet:-1","max-image-preview":"max-image-preview:large","max-video-preview":"max-video-preview:-1"},"canonical":"https:\/\/hotelsolidairemangily.com\/ubicacion\/","og_locale":"fr_FR","og_type":"article","og_title":"Nous trouver - H\u00f4tel Solidaire Mangily","og_description":"&nbsp;","og_url":"https:\/\/hotelsolidairemangily.com\/ubicacion\/","og_site_name":"H\u00f4tel Solidaire Mangily","article_modified_time":"2015-11-05T14:02:04+00:00","og_image":[{"width":500,"height":813,"url":"https:\/\/hotelsolidairemangily.com\/wp-content\/uploads\/Carte-01-e1445514315421.jpg","type":"image\/jpeg"}],"twitter_card":"summary_large_image","twitter_misc":{"Dur\u00e9e de lecture estim\u00e9e":"1 minute"},"schema":{"@context":"https:\/\/schema.org","@graph":[{"@type":"WebPage","@id":"https:\/\/hotelsolidairemangily.com\/ubicacion\/","url":"https:\/\/hotelsolidairemangily.com\/ubicacion\/","name":"Nous trouver - H\u00f4tel Solidaire Mangily","isPartOf":{"@id":"https:\/\/hotelsolidairemangily.com\/#website"},"primaryImageOfPage":{"@id":"https:\/\/hotelsolidairemangily.com\/ubicacion\/#primaryimage"},"image":{"@id":"https:\/\/hotelsolidairemangily.com\/ubicacion\/#primaryimage"},"thumbnailUrl":"http:\/\/www.aguadecoco.org\/hotel\/wp-content\/uploads\/Carte-01-e1445514315421.jpg","datePublished":"2015-08-10T14:32:52+00:00","dateModified":"2015-11-05T14:02:04+00:00","breadcrumb":{"@id":"https:\/\/hotelsolidairemangily.com\/ubicacion\/#breadcrumb"},"inLanguage":"fr-FR","potentialAction":[{"@type":"ReadAction","target":["https:\/\/hotelsolidairemangily.com\/ubicacion\/"]}]},{"@type":"ImageObject","inLanguage":"fr-FR","@id":"https:\/\/hotelsolidairemangily.com\/ubicacion\/#primaryimage","url":"http:\/\/www.aguadecoco.org\/hotel\/wp-content\/uploads\/Carte-01-e1445514315421.jpg","contentUrl":"http:\/\/www.aguadecoco.org\/hotel\/wp-content\/uploads\/Carte-01-e1445514315421.jpg"},{"@type":"BreadcrumbList","@id":"https:\/\/hotelsolidairemangily.com\/ubicacion\/#breadcrumb","itemListElement":[{"@type":"ListItem","position":1,"name":"Accueil","item":"https:\/\/hotelsolidairemangily.com\/fr\/"},{"@type":"ListItem","position":2,"name":"Nous trouver"}]},{"@type":"WebSite","@id":"https:\/\/hotelsolidairemangily.com\/#website","url":"https:\/\/hotelsolidairemangily.com\/","name":"H\u00f4tel Solidaire Mangily","description":"\u00a1Viaja de forma distinta!","potentialAction":[{"@type":"SearchAction","target":{"@type":"EntryPoint","urlTemplate":"https:\/\/hotelsolidairemangily.com\/?s={search_term_string}"},"query-input":{"@type":"PropertyValueSpecification","valueRequired":true,"valueName":"search_term_string"}}],"inLanguage":"fr-FR"}]}},"_links":{"self":[{"href":"https:\/\/hotelsolidairemangily.com\/fr\/wp-json\/wp\/v2\/pages\/15","targetHints":{"allow":["GET"]}}],"collection":[{"href":"https:\/\/hotelsolidairemangily.com\/fr\/wp-json\/wp\/v2\/pages"}],"about":[{"href":"https:\/\/hotelsolidairemangily.com\/fr\/wp-json\/wp\/v2\/types\/page"}],"author":[{"embeddable":true,"href":"https:\/\/hotelsolidairemangily.com\/fr\/wp-json\/wp\/v2\/users\/2"}],"replies":[{"embeddable":true,"href":"https:\/\/hotelsolidairemangily.com\/fr\/wp-json\/wp\/v2\/comments?post=15"}],"version-history":[{"count":5,"href":"https:\/\/hotelsolidairemangily.com\/fr\/wp-json\/wp\/v2\/pages\/15\/revisions"}],"predecessor-version":[{"id":1121,"href":"https:\/\/hotelsolidairemangily.com\/fr\/wp-json\/wp\/v2\/pages\/15\/revisions\/1121"}],"wp:attachment":[{"href":"https:\/\/hotelsolidairemangily.com\/fr\/wp-json\/wp\/v2\/media?parent=15"}],"curies":[{"name":"wp","href":"https:\/\/api.w.org\/{rel}","templated":true}]}}