{"id":1505,"date":"2016-03-16T06:25:38","date_gmt":"2016-03-16T06:25:38","guid":{"rendered":"https:\/\/hotelsolidairemangily.com\/?page_id=1505"},"modified":"2016-03-16T06:27:08","modified_gmt":"2016-03-16T06:27:08","slug":"visite-solidaire","status":"publish","type":"page","link":"https:\/\/hotelsolidairemangily.com\/fr\/visite-solidaire\/","title":{"rendered":"Visite solidaire"},"content":{"rendered":"<p>L\u2019H\u00f4tel Solidaire Mangily propose une visite solidaire pour vous faire d\u00e9couvrir les projets \u00e9ducatifs et environnementaux de l\u2019ONG Bel Avenir \u00e0 Mangily:<\/p>\n<ul>\n<li>La Ferme \u00c9cole qui dispense une formation en agriculture, \u00e9levage et \u00e9cotourisme pour les jeunes des alentours<\/li>\n<li>Les Centres d\u2019\u00c9ducation Environnementale qui accueillent des enfants pour des s\u00e9jours de sensibilisation environnementale<\/li>\n<li>La biblioth\u00e8que ouverte \u00e0 tous les enfants du village<\/li>\n<li>Le projet de r\u00e9habilitation de la for\u00eat et de la mangrove<\/li>\n<\/ul>\n","protected":false},"excerpt":{"rendered":"<p>L\u2019H\u00f4tel Solidaire Mangily propose une visite solidaire pour vous faire d\u00e9couvrir les projets \u00e9ducatifs et environnementaux de l\u2019ONG Bel Avenir \u00e0 Mangily: La Ferme \u00c9cole qui dispense une formation en agriculture, \u00e9levage et \u00e9cotourisme pour les jeunes des alentours Les Centres d\u2019\u00c9ducation Environnementale qui accueillent des enfants pour des s\u00e9jours de sensibilisation environnementale La biblioth\u00e8que&#8230;  <a href=\"https:\/\/hotelsolidairemangily.com\/fr\/visite-solidaire\/\" class=\"more-link\" title=\"Read Visite solidaire\">Read more &raquo;<\/a><\/p>\n","protected":false},"author":3,"featured_media":0,"parent":0,"menu_order":0,"comment_status":"closed","ping_status":"closed","template":"templates\/big-slider.php","meta":{"_acf_changed":false,"footnotes":""},"class_list":["post-1505","page","type-page","status-publish","hentry"],"acf":[],"yoast_head":"<!-- This site is optimized with the Yoast SEO plugin v27.4 - https:\/\/yoast.com\/product\/yoast-seo-wordpress\/ -->\n<title>Visite solidaire - H\u00f4tel Solidaire Mangily<\/title>\n<meta name=\"robots\" content=\"index, follow, max-snippet:-1, max-image-preview:large, max-video-preview:-1\" \/>\n<link rel=\"canonical\" href=\"https:\/\/hotelsolidairemangily.com\/una-visita-solidaria-para-descubrir-los-proyectos-educativos-y-ambientales-de-la-ong-bel-avenir-en-mangily\/\" \/>\n<meta property=\"og:locale\" content=\"fr_FR\" \/>\n<meta property=\"og:type\" content=\"article\" \/>\n<meta property=\"og:title\" content=\"Visite solidaire - H\u00f4tel Solidaire Mangily\" \/>\n<meta property=\"og:description\" content=\"L\u2019H\u00f4tel Solidaire Mangily propose une visite solidaire pour vous faire d\u00e9couvrir les projets \u00e9ducatifs et environnementaux de l\u2019ONG Bel Avenir \u00e0 Mangily: La Ferme \u00c9cole qui dispense une formation en agriculture, \u00e9levage et \u00e9cotourisme pour les jeunes des alentours Les Centres d\u2019\u00c9ducation Environnementale qui accueillent des enfants pour des s\u00e9jours de sensibilisation environnementale La biblioth\u00e8que... Read more &raquo;\" \/>\n<meta property=\"og:url\" content=\"https:\/\/hotelsolidairemangily.com\/una-visita-solidaria-para-descubrir-los-proyectos-educativos-y-ambientales-de-la-ong-bel-avenir-en-mangily\/\" \/>\n<meta property=\"og:site_name\" content=\"H\u00f4tel Solidaire Mangily\" \/>\n<meta property=\"article:modified_time\" content=\"2016-03-16T06:27:08+00:00\" \/>\n<meta name=\"twitter:card\" content=\"summary_large_image\" \/>\n<script type=\"application\/ld+json\" class=\"yoast-schema-graph\">{\"@context\":\"https:\\\/\\\/schema.org\",\"@graph\":[{\"@type\":\"WebPage\",\"@id\":\"https:\\\/\\\/hotelsolidairemangily.com\\\/una-visita-solidaria-para-descubrir-los-proyectos-educativos-y-ambientales-de-la-ong-bel-avenir-en-mangily\\\/\",\"url\":\"https:\\\/\\\/hotelsolidairemangily.com\\\/una-visita-solidaria-para-descubrir-los-proyectos-educativos-y-ambientales-de-la-ong-bel-avenir-en-mangily\\\/\",\"name\":\"Visite solidaire - H\u00f4tel Solidaire Mangily\",\"isPartOf\":{\"@id\":\"https:\\\/\\\/hotelsolidairemangily.com\\\/#website\"},\"datePublished\":\"2016-03-16T06:25:38+00:00\",\"dateModified\":\"2016-03-16T06:27:08+00:00\",\"breadcrumb\":{\"@id\":\"https:\\\/\\\/hotelsolidairemangily.com\\\/una-visita-solidaria-para-descubrir-los-proyectos-educativos-y-ambientales-de-la-ong-bel-avenir-en-mangily\\\/#breadcrumb\"},\"inLanguage\":\"fr-FR\",\"potentialAction\":[{\"@type\":\"ReadAction\",\"target\":[\"https:\\\/\\\/hotelsolidairemangily.com\\\/una-visita-solidaria-para-descubrir-los-proyectos-educativos-y-ambientales-de-la-ong-bel-avenir-en-mangily\\\/\"]}]},{\"@type\":\"BreadcrumbList\",\"@id\":\"https:\\\/\\\/hotelsolidairemangily.com\\\/una-visita-solidaria-para-descubrir-los-proyectos-educativos-y-ambientales-de-la-ong-bel-avenir-en-mangily\\\/#breadcrumb\",\"itemListElement\":[{\"@type\":\"ListItem\",\"position\":1,\"name\":\"Accueil\",\"item\":\"https:\\\/\\\/hotelsolidairemangily.com\\\/fr\\\/\"},{\"@type\":\"ListItem\",\"position\":2,\"name\":\"Visite solidaire\"}]},{\"@type\":\"WebSite\",\"@id\":\"https:\\\/\\\/hotelsolidairemangily.com\\\/#website\",\"url\":\"https:\\\/\\\/hotelsolidairemangily.com\\\/\",\"name\":\"H\u00f4tel Solidaire Mangily\",\"description\":\"\u00a1Viaja de forma distinta!\",\"potentialAction\":[{\"@type\":\"SearchAction\",\"target\":{\"@type\":\"EntryPoint\",\"urlTemplate\":\"https:\\\/\\\/hotelsolidairemangily.com\\\/?s={search_term_string}\"},\"query-input\":{\"@type\":\"PropertyValueSpecification\",\"valueRequired\":true,\"valueName\":\"search_term_string\"}}],\"inLanguage\":\"fr-FR\"}]}<\/script>\n<!-- \/ Yoast SEO plugin. -->","yoast_head_json":{"title":"Visite solidaire - H\u00f4tel Solidaire Mangily","robots":{"index":"index","follow":"follow","max-snippet":"max-snippet:-1","max-image-preview":"max-image-preview:large","max-video-preview":"max-video-preview:-1"},"canonical":"https:\/\/hotelsolidairemangily.com\/una-visita-solidaria-para-descubrir-los-proyectos-educativos-y-ambientales-de-la-ong-bel-avenir-en-mangily\/","og_locale":"fr_FR","og_type":"article","og_title":"Visite solidaire - H\u00f4tel Solidaire Mangily","og_description":"L\u2019H\u00f4tel Solidaire Mangily propose une visite solidaire pour vous faire d\u00e9couvrir les projets \u00e9ducatifs et environnementaux de l\u2019ONG Bel Avenir \u00e0 Mangily: La Ferme \u00c9cole qui dispense une formation en agriculture, \u00e9levage et \u00e9cotourisme pour les jeunes des alentours Les Centres d\u2019\u00c9ducation Environnementale qui accueillent des enfants pour des s\u00e9jours de sensibilisation environnementale La biblioth\u00e8que... Read more &raquo;","og_url":"https:\/\/hotelsolidairemangily.com\/una-visita-solidaria-para-descubrir-los-proyectos-educativos-y-ambientales-de-la-ong-bel-avenir-en-mangily\/","og_site_name":"H\u00f4tel Solidaire Mangily","article_modified_time":"2016-03-16T06:27:08+00:00","twitter_card":"summary_large_image","schema":{"@context":"https:\/\/schema.org","@graph":[{"@type":"WebPage","@id":"https:\/\/hotelsolidairemangily.com\/una-visita-solidaria-para-descubrir-los-proyectos-educativos-y-ambientales-de-la-ong-bel-avenir-en-mangily\/","url":"https:\/\/hotelsolidairemangily.com\/una-visita-solidaria-para-descubrir-los-proyectos-educativos-y-ambientales-de-la-ong-bel-avenir-en-mangily\/","name":"Visite solidaire - H\u00f4tel Solidaire Mangily","isPartOf":{"@id":"https:\/\/hotelsolidairemangily.com\/#website"},"datePublished":"2016-03-16T06:25:38+00:00","dateModified":"2016-03-16T06:27:08+00:00","breadcrumb":{"@id":"https:\/\/hotelsolidairemangily.com\/una-visita-solidaria-para-descubrir-los-proyectos-educativos-y-ambientales-de-la-ong-bel-avenir-en-mangily\/#breadcrumb"},"inLanguage":"fr-FR","potentialAction":[{"@type":"ReadAction","target":["https:\/\/hotelsolidairemangily.com\/una-visita-solidaria-para-descubrir-los-proyectos-educativos-y-ambientales-de-la-ong-bel-avenir-en-mangily\/"]}]},{"@type":"BreadcrumbList","@id":"https:\/\/hotelsolidairemangily.com\/una-visita-solidaria-para-descubrir-los-proyectos-educativos-y-ambientales-de-la-ong-bel-avenir-en-mangily\/#breadcrumb","itemListElement":[{"@type":"ListItem","position":1,"name":"Accueil","item":"https:\/\/hotelsolidairemangily.com\/fr\/"},{"@type":"ListItem","position":2,"name":"Visite solidaire"}]},{"@type":"WebSite","@id":"https:\/\/hotelsolidairemangily.com\/#website","url":"https:\/\/hotelsolidairemangily.com\/","name":"H\u00f4tel Solidaire Mangily","description":"\u00a1Viaja de forma distinta!","potentialAction":[{"@type":"SearchAction","target":{"@type":"EntryPoint","urlTemplate":"https:\/\/hotelsolidairemangily.com\/?s={search_term_string}"},"query-input":{"@type":"PropertyValueSpecification","valueRequired":true,"valueName":"search_term_string"}}],"inLanguage":"fr-FR"}]}},"_links":{"self":[{"href":"https:\/\/hotelsolidairemangily.com\/fr\/wp-json\/wp\/v2\/pages\/1505","targetHints":{"allow":["GET"]}}],"collection":[{"href":"https:\/\/hotelsolidairemangily.com\/fr\/wp-json\/wp\/v2\/pages"}],"about":[{"href":"https:\/\/hotelsolidairemangily.com\/fr\/wp-json\/wp\/v2\/types\/page"}],"author":[{"embeddable":true,"href":"https:\/\/hotelsolidairemangily.com\/fr\/wp-json\/wp\/v2\/users\/3"}],"replies":[{"embeddable":true,"href":"https:\/\/hotelsolidairemangily.com\/fr\/wp-json\/wp\/v2\/comments?post=1505"}],"version-history":[{"count":5,"href":"https:\/\/hotelsolidairemangily.com\/fr\/wp-json\/wp\/v2\/pages\/1505\/revisions"}],"predecessor-version":[{"id":1520,"href":"https:\/\/hotelsolidairemangily.com\/fr\/wp-json\/wp\/v2\/pages\/1505\/revisions\/1520"}],"wp:attachment":[{"href":"https:\/\/hotelsolidairemangily.com\/fr\/wp-json\/wp\/v2\/media?parent=1505"}],"curies":[{"name":"wp","href":"https:\/\/api.w.org\/{rel}","templated":true}]}}