{"id":1522,"date":"2016-03-16T07:50:45","date_gmt":"2016-03-16T07:50:45","guid":{"rendered":"https:\/\/hotelsolidairemangily.com\/?page_id=1522"},"modified":"2016-03-16T08:09:29","modified_gmt":"2016-03-16T08:09:29","slug":"activites-solidaire-avec-les-enfants-en-sejour-educatif-au-centre-deducation-environnementale","status":"publish","type":"page","link":"https:\/\/hotelsolidairemangily.com\/fr\/activites-solidaire-avec-les-enfants-en-sejour-educatif-au-centre-deducation-environnementale\/","title":{"rendered":"Activit\u00e9s solidaire avec les enfants en s\u00e9jour \u00e9ducatif au Centre d\u2019\u00c9ducation Environnementale"},"content":{"rendered":"<p>Comment le touriste peut-il participer au programme de\u00a0volontariat de l\u2019ONG Bel Avenir \u00e0 Mangily ?<br \/>\nLes activit\u00e9s que l\u2019ONG Bel Avenir d\u00e9veloppe dans le site de Mangily se divisent\u00a0en trois principaux projets :<\/p>\n<h3 style=\"text-align: center;\"><span style=\"text-decoration: underline; color: #26350a;\">1 &#8211; Projets de reboisement de la for\u00eat et de la mangrove et plantation de moringa<\/span><\/h3>\n<div id='' class='row'><div id='' class='col-xs-12'><\/p>\n<p><\/div><br \/>\n<div id='' class='col-md-6'><\/p>\n<p style=\"text-align: justify;\">Des projets de reboisement de la for\u00eat et de la mangrove sont mis en place pour assurer l\u2019\u00e9quilibre entre ressources foresti\u00e8res et besoins humains.<\/p>\n<img loading=\"lazy\" decoding=\"async\" class=\"alignnone wp-image-1523\" src=\"https:\/\/hotelsolidairemangily.com\/wp-content\/uploads\/DSC00620-300x225.jpg\" alt=\"DSC00620\" width=\"500\" height=\"375\" srcset=\"https:\/\/hotelsolidairemangily.com\/wp-content\/uploads\/DSC00620-300x225.jpg 300w, https:\/\/hotelsolidairemangily.com\/wp-content\/uploads\/DSC00620-768x576.jpg 768w, https:\/\/hotelsolidairemangily.com\/wp-content\/uploads\/DSC00620.jpg 1000w\" sizes=\"auto, (max-width: 500px) 100vw, 500px\" \/>\n<p>En parall\u00e8le, l\u2019ONG Bel Avenir\u00a0lutte contre la malnutrition \u00e0 travers la\u00a0plantation des arbres de Moringa, un\u00a0compl\u00e9ment nutritionnel tr\u00e8s riche\u00a0en\u00a0vitamines qui est distribu\u00e9 sous forme<\/p>\n<p style=\"text-align: justify;\"><\/div><div id='' class='col-md-6'><\/p>\n<p style=\"text-align: justify;\">de poudre tous les jours dans ses cantines.<\/p>\n<img loading=\"lazy\" decoding=\"async\" class=\"alignnone wp-image-1524\" src=\"https:\/\/hotelsolidairemangily.com\/wp-content\/uploads\/DSC02933-300x225.jpg\" alt=\"DSC02933\" width=\"500\" height=\"375\" srcset=\"https:\/\/hotelsolidairemangily.com\/wp-content\/uploads\/DSC02933-300x225.jpg 300w, https:\/\/hotelsolidairemangily.com\/wp-content\/uploads\/DSC02933-768x576.jpg 768w, https:\/\/hotelsolidairemangily.com\/wp-content\/uploads\/DSC02933.jpg 1000w\" sizes=\"auto, (max-width: 500px) 100vw, 500px\" \/>\n<h4 style=\"text-align: justify;\"><span style=\"color: #925f36;\">Ainsi, le touriste-volontaire peut\u00a0participer :<\/span><\/h4>\n<p style=\"text-align: justify;\">\u00c0 la plantation des arbres, l\u2019irrigation, le nettoyage de terrain et la production de compost ;<\/p>\n<p style=\"text-align: justify;\">\u00c0 la proc\u00e9dure d\u2019obtention de\u00a0la poudre de Moringa (les arbres sont\u00a0irrigu\u00e9s, les feuilles r\u00e9colt\u00e9es, les\u00a0branches \u00e9lagu\u00e9es ; apr\u00e8s s\u00e9chage\u00a0des feuilles, elles sont pil\u00e9es).<\/p>\n<p style=\"text-align: justify;\"><\/div><\/div>\n<h3 style=\"text-align: center;\"><span style=\"text-decoration: underline; color: #26350a;\"><span>2 &#8211; Formation professionnelle en agroforesterie et \u00e9levage<\/span><\/span><\/h3>\n<p>Quarante jeunes de la ville de Mangily suivent une formation en gestion des ressources foresti\u00e8res, agriculture, \u00e9levage et d\u2019autres activit\u00e9s p\u00e9dagogiques.<\/p>\n<img loading=\"lazy\" decoding=\"async\" width=\"1000\" height=\"431\" class=\"alignnone size-full wp-image-1528\" src=\"https:\/\/hotelsolidairemangily.com\/wp-content\/uploads\/CFAmoringa.jpg\" alt=\"CFAmoringa\" srcset=\"https:\/\/hotelsolidairemangily.com\/wp-content\/uploads\/CFAmoringa.jpg 1000w, https:\/\/hotelsolidairemangily.com\/wp-content\/uploads\/CFAmoringa-300x129.jpg 300w, https:\/\/hotelsolidairemangily.com\/wp-content\/uploads\/CFAmoringa-768x331.jpg 768w\" sizes=\"auto, (max-width: 1000px) 100vw, 1000px\" \/>\n<div id='' class='row'><div id='' class='col-xs-12'><\/p>\n<p><\/div><br \/>\n<div id='' class='col-md-6'><\/p>\n<h4 style=\"text-align: justify;\"><span style=\"color: #925f36;\">Le touriste-volontaire peut ainsi participer :<\/span><\/h4>\n<p style=\"text-align: justify;\">\u00c0 l\u2019accompagnement des \u00e9l\u00e8ves dans leurs t\u00e2ches quotidiennes de travail agricole et aux soins des animaux de la ferme (poulets, ch\u00e8vres et \u00e2nes). Bel Avenir s\u2019engage en effet \u00e0 la conservation des derniers \u00e2nes de Madagascar ;<\/p>\n<p style=\"text-align: justify;\"><img loading=\"lazy\" decoding=\"async\" class=\"alignnone wp-image-1529\" src=\"https:\/\/hotelsolidairemangily.com\/wp-content\/uploads\/IMG_2327.jpg\" alt=\"IMG_2327\" width=\"500\" height=\"334\" srcset=\"https:\/\/hotelsolidairemangily.com\/wp-content\/uploads\/IMG_2327.jpg 1000w, https:\/\/hotelsolidairemangily.com\/wp-content\/uploads\/IMG_2327-300x200.jpg 300w, https:\/\/hotelsolidairemangily.com\/wp-content\/uploads\/IMG_2327-768x512.jpg 768w, https:\/\/hotelsolidairemangily.com\/wp-content\/uploads\/IMG_2327-450x300.jpg 450w\" sizes=\"auto, (max-width: 500px) 100vw, 500px\" \/><\/p>\n<p style=\"text-align: justify;\"><\/div><div id='' class='col-md-6'><\/p>\n<p style=\"text-align: justify;\">Au support dans les cours de math\u00e9matiques, botanique, g\u00e9ographie et fran\u00e7ais, que les \u00e9l\u00e8ves re\u00e7oivent ;<\/p>\n<p style=\"text-align: justify;\">Aux autres activit\u00e9s que les \u00e9l\u00e8ves suivent (ateliers de broderie, menuiserie, ma\u00e7onnerie, apiculture, etc.). Il y a aussi un atelier hebdomadaire de confiture fait avec les fruits de saison<\/p>\n<p style=\"text-align: justify;\"><a href=\"https:\/\/hotelsolidairemangily.com\/wp-content\/uploads\/DSC_0275-e1458113085295.jpg\" rel=\"attachment wp-att-1530\"><img loading=\"lazy\" decoding=\"async\" class=\"alignnone wp-image-1530\" src=\"https:\/\/hotelsolidairemangily.com\/wp-content\/uploads\/DSC_0275-e1458113085295.jpg\" alt=\"DSC_0275\" width=\"500\" height=\"269\" srcset=\"https:\/\/hotelsolidairemangily.com\/wp-content\/uploads\/DSC_0275-e1458113085295.jpg 703w, https:\/\/hotelsolidairemangily.com\/wp-content\/uploads\/DSC_0275-e1458113085295-300x161.jpg 300w\" sizes=\"auto, (max-width: 500px) 100vw, 500px\" \/><\/a><\/p>\n<p style=\"text-align: justify;\">Aux activit\u00e9s de d\u00e9tente qui sont programm\u00e9es (sport, promenades \u00e0 la plage, soir\u00e9es musicales, tresses).<\/p>\n<p style=\"text-align: justify;\"><\/div><\/div>\n<h3 style=\"text-align: center;\"><span style=\"text-decoration: underline; color: #26350a;\"><span>3 &#8211; S\u00e9jours \u00e9ducatifs (ou classes vertes) et biblioth\u00e8que<\/span><\/span><\/h3>\n<div id='' class='row'><div id='' class='col-xs-12'><\/p>\n<p><\/div><br \/>\n<div id='' class='col-md-6'><\/p>\n<p style=\"text-align: justify;\">Plus de 60 \u00e9l\u00e8ves des \u00e9coles\u00a0publiques de Tul\u00e9ar viennent en colonie\u00a0dans nos deux Centres d\u2019\u00c9ducation\u00a0Environnementale toutes les semaines\u00a0pendant 4 jours. Pendant leurs\u00a0s\u00e9jours de \u00ab classes vertes \u00bb, on r\u00e9alise\u00a0plusieurs animations autour de l\u2019environnement\u00a0et d\u2019autres activit\u00e9s p\u00e9dagogiques.<\/p>\n<p style=\"text-align: justify;\"><a href=\"https:\/\/hotelsolidairemangily.com\/wp-content\/uploads\/DSC_0324d.jpg\" rel=\"attachment wp-att-1540\"><img loading=\"lazy\" decoding=\"async\" class=\"alignnone wp-image-1540\" src=\"https:\/\/hotelsolidairemangily.com\/wp-content\/uploads\/DSC_0324d.jpg\" alt=\"DSC_0324d\" width=\"500\" height=\"334\" srcset=\"https:\/\/hotelsolidairemangily.com\/wp-content\/uploads\/DSC_0324d.jpg 1000w, https:\/\/hotelsolidairemangily.com\/wp-content\/uploads\/DSC_0324d-300x200.jpg 300w, https:\/\/hotelsolidairemangily.com\/wp-content\/uploads\/DSC_0324d-768x512.jpg 768w, https:\/\/hotelsolidairemangily.com\/wp-content\/uploads\/DSC_0324d-450x300.jpg 450w\" sizes=\"auto, (max-width: 500px) 100vw, 500px\" \/><\/a><\/p>\n<p style=\"text-align: justify;\">Aussi, Bel Avenir g\u00e9re la biblioth\u00e8que du village de Mangily dans laquelle diff\u00e9rentes activit\u00e9s autour de la lecture et l\u2019\u00e9criture y sont mises en place pour tous les enfants de la ville.<\/p>\n<h4 style=\"text-align: justify;\"><span style=\"color: #925f36;\">Avec les enfants, le touriste-volontaire peut ainsi participer :<\/span><\/h4>\n<p style=\"text-align: justify;\"><\/div><div id='' class='col-md-6'><\/p>\n<p style=\"text-align: justify;\">Aux visites p\u00e9dagogiques :\u00a0Village de tortues, parc naturel MOSA,\u00a0mus\u00e9e de la terre et la mer (avec un\u00a0grand squelette de baleine), etc. ;<\/p>\n<p style=\"text-align: justify;\">Aux sensibilisations autour de\u00a0l\u2019environnement (visite de l\u2019agroforesterie\u00a0de Bel Avenir, atelier de papier recycl\u00e9,\u00a0etc.) et de l\u2019hygi\u00e8ne (fabrication\u00a0de savon, lavage des mains)<\/p>\n<a href=\"https:\/\/hotelsolidairemangily.com\/wp-content\/uploads\/IMG_9452.jpg\" rel=\"attachment wp-att-1542\"><img loading=\"lazy\" decoding=\"async\" class=\"alignnone wp-image-1542\" src=\"https:\/\/hotelsolidairemangily.com\/wp-content\/uploads\/IMG_9452.jpg\" alt=\"IMG_9452\" width=\"500\" height=\"334\" srcset=\"https:\/\/hotelsolidairemangily.com\/wp-content\/uploads\/IMG_9452.jpg 1000w, https:\/\/hotelsolidairemangily.com\/wp-content\/uploads\/IMG_9452-300x200.jpg 300w, https:\/\/hotelsolidairemangily.com\/wp-content\/uploads\/IMG_9452-768x512.jpg 768w, https:\/\/hotelsolidairemangily.com\/wp-content\/uploads\/IMG_9452-450x300.jpg 450w\" sizes=\"auto, (max-width: 500px) 100vw, 500px\" \/><\/a>\n<p>&nbsp;<\/p>\n<p>Aux activit\u00e9s de la biblioth\u00e8que pour la sensibilisation \u00e0 la lecture et \u00e0 l\u2019\u00e9criture ; Aux activit\u00e9s de d\u00e9tente : gymnastique ou autres activit\u00e9s sportives, baignade \u00e0 la plage, soir\u00e9e musicale et projection de cin\u00e9ma.<\/p>\n<p><\/div><\/div>\n","protected":false},"excerpt":{"rendered":"<p>Comment le touriste peut-il participer au programme de\u00a0volontariat de l\u2019ONG Bel Avenir \u00e0 Mangily ? Les activit\u00e9s que l\u2019ONG Bel Avenir d\u00e9veloppe dans le site de Mangily se divisent\u00a0en trois principaux projets : 1 &#8211; Projets de reboisement de la for\u00eat et de la mangrove et plantation de moringa 2 &#8211; Formation professionnelle en agroforesterie&#8230;  <a href=\"https:\/\/hotelsolidairemangily.com\/fr\/activites-solidaire-avec-les-enfants-en-sejour-educatif-au-centre-deducation-environnementale\/\" class=\"more-link\" title=\"Read Activit\u00e9s solidaire avec les enfants en s\u00e9jour \u00e9ducatif au Centre d\u2019\u00c9ducation Environnementale\">Read more &raquo;<\/a><\/p>\n","protected":false},"author":3,"featured_media":0,"parent":0,"menu_order":0,"comment_status":"closed","ping_status":"closed","template":"","meta":{"_acf_changed":false,"footnotes":""},"class_list":["post-1522","page","type-page","status-publish","hentry"],"acf":[],"yoast_head":"<!-- This site is optimized with the Yoast SEO plugin v27.5 - https:\/\/yoast.com\/product\/yoast-seo-wordpress\/ -->\n<title>Activit\u00e9s solidaire avec les enfants en s\u00e9jour \u00e9ducatif au Centre d\u2019\u00c9ducation Environnementale - H\u00f4tel Solidaire Mangily<\/title>\n<meta name=\"robots\" content=\"index, follow, max-snippet:-1, max-image-preview:large, max-video-preview:-1\" \/>\n<link rel=\"canonical\" href=\"https:\/\/hotelsolidairemangily.com\/las-actividades-que-desarrolla-aguadecoco-en-mangily\/\" \/>\n<meta property=\"og:locale\" content=\"fr_FR\" \/>\n<meta property=\"og:type\" content=\"article\" \/>\n<meta property=\"og:title\" content=\"Activit\u00e9s solidaire avec les enfants en s\u00e9jour \u00e9ducatif au Centre d\u2019\u00c9ducation Environnementale - H\u00f4tel Solidaire Mangily\" \/>\n<meta property=\"og:description\" content=\"Comment le touriste peut-il participer au programme de\u00a0volontariat de l\u2019ONG Bel Avenir \u00e0 Mangily ? Les activit\u00e9s que l\u2019ONG Bel Avenir d\u00e9veloppe dans le site de Mangily se divisent\u00a0en trois principaux projets : 1 &#8211; Projets de reboisement de la for\u00eat et de la mangrove et plantation de moringa 2 &#8211; Formation professionnelle en agroforesterie... Read more &raquo;\" \/>\n<meta property=\"og:url\" content=\"https:\/\/hotelsolidairemangily.com\/las-actividades-que-desarrolla-aguadecoco-en-mangily\/\" \/>\n<meta property=\"og:site_name\" content=\"H\u00f4tel Solidaire Mangily\" \/>\n<meta property=\"article:modified_time\" content=\"2016-03-16T08:09:29+00:00\" \/>\n<meta property=\"og:image\" content=\"https:\/\/hotelsolidairemangily.com\/wp-content\/uploads\/DSC00620.jpg\" \/>\n\t<meta property=\"og:image:width\" content=\"1000\" \/>\n\t<meta property=\"og:image:height\" content=\"750\" \/>\n\t<meta property=\"og:image:type\" content=\"image\/jpeg\" \/>\n<meta name=\"twitter:card\" content=\"summary_large_image\" \/>\n<meta name=\"twitter:label1\" content=\"Dur\u00e9e de lecture estim\u00e9e\" \/>\n\t<meta name=\"twitter:data1\" content=\"3 minutes\" \/>\n<script type=\"application\/ld+json\" class=\"yoast-schema-graph\">{\"@context\":\"https:\\\/\\\/schema.org\",\"@graph\":[{\"@type\":\"WebPage\",\"@id\":\"https:\\\/\\\/hotelsolidairemangily.com\\\/las-actividades-que-desarrolla-aguadecoco-en-mangily\\\/\",\"url\":\"https:\\\/\\\/hotelsolidairemangily.com\\\/las-actividades-que-desarrolla-aguadecoco-en-mangily\\\/\",\"name\":\"Activit\u00e9s solidaire avec les enfants en s\u00e9jour \u00e9ducatif au Centre d\u2019\u00c9ducation Environnementale - H\u00f4tel Solidaire Mangily\",\"isPartOf\":{\"@id\":\"https:\\\/\\\/hotelsolidairemangily.com\\\/#website\"},\"primaryImageOfPage\":{\"@id\":\"https:\\\/\\\/hotelsolidairemangily.com\\\/las-actividades-que-desarrolla-aguadecoco-en-mangily\\\/#primaryimage\"},\"image\":{\"@id\":\"https:\\\/\\\/hotelsolidairemangily.com\\\/las-actividades-que-desarrolla-aguadecoco-en-mangily\\\/#primaryimage\"},\"thumbnailUrl\":\"https:\\\/\\\/hotelsolidairemangily.com\\\/wp-content\\\/uploads\\\/DSC00620-300x225.jpg\",\"datePublished\":\"2016-03-16T07:50:45+00:00\",\"dateModified\":\"2016-03-16T08:09:29+00:00\",\"breadcrumb\":{\"@id\":\"https:\\\/\\\/hotelsolidairemangily.com\\\/las-actividades-que-desarrolla-aguadecoco-en-mangily\\\/#breadcrumb\"},\"inLanguage\":\"fr-FR\",\"potentialAction\":[{\"@type\":\"ReadAction\",\"target\":[\"https:\\\/\\\/hotelsolidairemangily.com\\\/las-actividades-que-desarrolla-aguadecoco-en-mangily\\\/\"]}]},{\"@type\":\"ImageObject\",\"inLanguage\":\"fr-FR\",\"@id\":\"https:\\\/\\\/hotelsolidairemangily.com\\\/las-actividades-que-desarrolla-aguadecoco-en-mangily\\\/#primaryimage\",\"url\":\"https:\\\/\\\/hotelsolidairemangily.com\\\/wp-content\\\/uploads\\\/DSC00620-300x225.jpg\",\"contentUrl\":\"https:\\\/\\\/hotelsolidairemangily.com\\\/wp-content\\\/uploads\\\/DSC00620-300x225.jpg\"},{\"@type\":\"BreadcrumbList\",\"@id\":\"https:\\\/\\\/hotelsolidairemangily.com\\\/las-actividades-que-desarrolla-aguadecoco-en-mangily\\\/#breadcrumb\",\"itemListElement\":[{\"@type\":\"ListItem\",\"position\":1,\"name\":\"Accueil\",\"item\":\"https:\\\/\\\/hotelsolidairemangily.com\\\/fr\\\/\"},{\"@type\":\"ListItem\",\"position\":2,\"name\":\"Activit\u00e9s solidaire avec les enfants en s\u00e9jour \u00e9ducatif au Centre d\u2019\u00c9ducation Environnementale\"}]},{\"@type\":\"WebSite\",\"@id\":\"https:\\\/\\\/hotelsolidairemangily.com\\\/#website\",\"url\":\"https:\\\/\\\/hotelsolidairemangily.com\\\/\",\"name\":\"H\u00f4tel Solidaire Mangily\",\"description\":\"\u00a1Viaja de forma distinta!\",\"potentialAction\":[{\"@type\":\"SearchAction\",\"target\":{\"@type\":\"EntryPoint\",\"urlTemplate\":\"https:\\\/\\\/hotelsolidairemangily.com\\\/?s={search_term_string}\"},\"query-input\":{\"@type\":\"PropertyValueSpecification\",\"valueRequired\":true,\"valueName\":\"search_term_string\"}}],\"inLanguage\":\"fr-FR\"}]}<\/script>\n<!-- \/ Yoast SEO plugin. -->","yoast_head_json":{"title":"Activit\u00e9s solidaire avec les enfants en s\u00e9jour \u00e9ducatif au Centre d\u2019\u00c9ducation Environnementale - H\u00f4tel Solidaire Mangily","robots":{"index":"index","follow":"follow","max-snippet":"max-snippet:-1","max-image-preview":"max-image-preview:large","max-video-preview":"max-video-preview:-1"},"canonical":"https:\/\/hotelsolidairemangily.com\/las-actividades-que-desarrolla-aguadecoco-en-mangily\/","og_locale":"fr_FR","og_type":"article","og_title":"Activit\u00e9s solidaire avec les enfants en s\u00e9jour \u00e9ducatif au Centre d\u2019\u00c9ducation Environnementale - H\u00f4tel Solidaire Mangily","og_description":"Comment le touriste peut-il participer au programme de\u00a0volontariat de l\u2019ONG Bel Avenir \u00e0 Mangily ? Les activit\u00e9s que l\u2019ONG Bel Avenir d\u00e9veloppe dans le site de Mangily se divisent\u00a0en trois principaux projets : 1 &#8211; Projets de reboisement de la for\u00eat et de la mangrove et plantation de moringa 2 &#8211; Formation professionnelle en agroforesterie... Read more &raquo;","og_url":"https:\/\/hotelsolidairemangily.com\/las-actividades-que-desarrolla-aguadecoco-en-mangily\/","og_site_name":"H\u00f4tel Solidaire Mangily","article_modified_time":"2016-03-16T08:09:29+00:00","og_image":[{"width":1000,"height":750,"url":"https:\/\/hotelsolidairemangily.com\/wp-content\/uploads\/DSC00620.jpg","type":"image\/jpeg"}],"twitter_card":"summary_large_image","twitter_misc":{"Dur\u00e9e de lecture estim\u00e9e":"3 minutes"},"schema":{"@context":"https:\/\/schema.org","@graph":[{"@type":"WebPage","@id":"https:\/\/hotelsolidairemangily.com\/las-actividades-que-desarrolla-aguadecoco-en-mangily\/","url":"https:\/\/hotelsolidairemangily.com\/las-actividades-que-desarrolla-aguadecoco-en-mangily\/","name":"Activit\u00e9s solidaire avec les enfants en s\u00e9jour \u00e9ducatif au Centre d\u2019\u00c9ducation Environnementale - H\u00f4tel Solidaire Mangily","isPartOf":{"@id":"https:\/\/hotelsolidairemangily.com\/#website"},"primaryImageOfPage":{"@id":"https:\/\/hotelsolidairemangily.com\/las-actividades-que-desarrolla-aguadecoco-en-mangily\/#primaryimage"},"image":{"@id":"https:\/\/hotelsolidairemangily.com\/las-actividades-que-desarrolla-aguadecoco-en-mangily\/#primaryimage"},"thumbnailUrl":"https:\/\/hotelsolidairemangily.com\/wp-content\/uploads\/DSC00620-300x225.jpg","datePublished":"2016-03-16T07:50:45+00:00","dateModified":"2016-03-16T08:09:29+00:00","breadcrumb":{"@id":"https:\/\/hotelsolidairemangily.com\/las-actividades-que-desarrolla-aguadecoco-en-mangily\/#breadcrumb"},"inLanguage":"fr-FR","potentialAction":[{"@type":"ReadAction","target":["https:\/\/hotelsolidairemangily.com\/las-actividades-que-desarrolla-aguadecoco-en-mangily\/"]}]},{"@type":"ImageObject","inLanguage":"fr-FR","@id":"https:\/\/hotelsolidairemangily.com\/las-actividades-que-desarrolla-aguadecoco-en-mangily\/#primaryimage","url":"https:\/\/hotelsolidairemangily.com\/wp-content\/uploads\/DSC00620-300x225.jpg","contentUrl":"https:\/\/hotelsolidairemangily.com\/wp-content\/uploads\/DSC00620-300x225.jpg"},{"@type":"BreadcrumbList","@id":"https:\/\/hotelsolidairemangily.com\/las-actividades-que-desarrolla-aguadecoco-en-mangily\/#breadcrumb","itemListElement":[{"@type":"ListItem","position":1,"name":"Accueil","item":"https:\/\/hotelsolidairemangily.com\/fr\/"},{"@type":"ListItem","position":2,"name":"Activit\u00e9s solidaire avec les enfants en s\u00e9jour \u00e9ducatif au Centre d\u2019\u00c9ducation Environnementale"}]},{"@type":"WebSite","@id":"https:\/\/hotelsolidairemangily.com\/#website","url":"https:\/\/hotelsolidairemangily.com\/","name":"H\u00f4tel Solidaire Mangily","description":"\u00a1Viaja de forma distinta!","potentialAction":[{"@type":"SearchAction","target":{"@type":"EntryPoint","urlTemplate":"https:\/\/hotelsolidairemangily.com\/?s={search_term_string}"},"query-input":{"@type":"PropertyValueSpecification","valueRequired":true,"valueName":"search_term_string"}}],"inLanguage":"fr-FR"}]}},"_links":{"self":[{"href":"https:\/\/hotelsolidairemangily.com\/fr\/wp-json\/wp\/v2\/pages\/1522","targetHints":{"allow":["GET"]}}],"collection":[{"href":"https:\/\/hotelsolidairemangily.com\/fr\/wp-json\/wp\/v2\/pages"}],"about":[{"href":"https:\/\/hotelsolidairemangily.com\/fr\/wp-json\/wp\/v2\/types\/page"}],"author":[{"embeddable":true,"href":"https:\/\/hotelsolidairemangily.com\/fr\/wp-json\/wp\/v2\/users\/3"}],"replies":[{"embeddable":true,"href":"https:\/\/hotelsolidairemangily.com\/fr\/wp-json\/wp\/v2\/comments?post=1522"}],"version-history":[{"count":5,"href":"https:\/\/hotelsolidairemangily.com\/fr\/wp-json\/wp\/v2\/pages\/1522\/revisions"}],"predecessor-version":[{"id":1562,"href":"https:\/\/hotelsolidairemangily.com\/fr\/wp-json\/wp\/v2\/pages\/1522\/revisions\/1562"}],"wp:attachment":[{"href":"https:\/\/hotelsolidairemangily.com\/fr\/wp-json\/wp\/v2\/media?parent=1522"}],"curies":[{"name":"wp","href":"https:\/\/api.w.org\/{rel}","templated":true}]}}