{"id":1563,"date":"2016-03-16T14:51:38","date_gmt":"2016-03-16T14:51:38","guid":{"rendered":"https:\/\/hotelsolidairemangily.com\/?page_id=1563"},"modified":"2016-07-19T07:34:34","modified_gmt":"2016-07-19T07:34:34","slug":"sejour-de-tourisme-solidaire","status":"publish","type":"page","link":"https:\/\/hotelsolidairemangily.com\/fr\/decouvrir\/sejour-de-tourisme-solidaire\/","title":{"rendered":"Pour passer un s\u00e9jour diff\u00e9rent des autres, l\u2019H\u00f4tel Solidaire Mangily vous propose une semaine m\u00eal\u00e9e de tourisme et d\u2019activit\u00e9s avec les jeunes b\u00e9n\u00e9ficiaires de l\u2019ONG Bel Avenir."},"content":{"rendered":"<p class=\"p1\">L&rsquo;H\u00f4tel Solidaire Mangily invite ainsi ses clients \u00e0 planifier leur s\u00e9jour solidaire en fonction des activit\u00e9s propos\u00e9es par l&rsquo;ONG Bel Avenir (tableau avec emploi du temps indicatif ci-dessous) ainsi que des diff\u00e9rentes activit\u00e9s touristiques de d\u00e9couvertes (pages 2 et 3). Les touristes solidaires sont aussi invit\u00e9s \u00e0 proposer de nouvelles activit\u00e9s avec des enfants et les jeunes, selon leurs comp\u00e9tences.<\/p>\n<h3 class=\"p1\" style=\"text-align: center;\"><span class=\"s1\" style=\"color: #000000;\">EMPLOI DU TEMPS &#8211; Activit\u00e9s avec l\u2019ONG Bel Avenir<\/span><\/h3>\n<a href=\"https:\/\/hotelsolidairemangily.com\/wp-content\/uploads\/Emploisdutemps280616_FR2.png\" rel=\"attachment wp-att-2033\"><img loading=\"lazy\" decoding=\"async\" class=\"alignnone wp-image-2033\" src=\"https:\/\/hotelsolidairemangily.com\/wp-content\/uploads\/Emploisdutemps280616_FR2.png\" alt=\"Emploisdutemps280616_FR2\" width=\"900\" height=\"636\" srcset=\"https:\/\/hotelsolidairemangily.com\/wp-content\/uploads\/Emploisdutemps280616_FR2.png 3508w, https:\/\/hotelsolidairemangily.com\/wp-content\/uploads\/Emploisdutemps280616_FR2-300x212.png 300w, https:\/\/hotelsolidairemangily.com\/wp-content\/uploads\/Emploisdutemps280616_FR2-768x543.png 768w, https:\/\/hotelsolidairemangily.com\/wp-content\/uploads\/Emploisdutemps280616_FR2-1024x724.png 1024w\" sizes=\"auto, (max-width: 900px) 100vw, 900px\" \/><\/a>\n<p>&nbsp;<\/p>\n<h3 style=\"text-align: center; background-color: #eeaa51;\"><span style=\"color: #ffffff;\">Activit\u00e9s de tourisme et d\u00e9couvertes<\/span><\/h3>\n<p>&nbsp;<\/p>\n<h4><span style=\"color: #eeaa51;\">1 &#8211; \u00c0 la d\u00e9couverte des charmes des bancs de sable autour des mangroves de Tsongoritelo\u00a0+ pique-nique<\/span><\/h4>\n<div id='' class='row'><div id='' class='col-xs-12'><\/p>\n<p><\/div><br \/>\n<div id='' class='col-md-6'><\/p>\n<img loading=\"lazy\" decoding=\"async\" class=\"alignnone wp-image-1573\" src=\"https:\/\/hotelsolidairemangily.com\/wp-content\/uploads\/IMG_0820m.jpg\" alt=\"IMG_0820m\" width=\"500\" height=\"296\" srcset=\"https:\/\/hotelsolidairemangily.com\/wp-content\/uploads\/IMG_0820m.jpg 2592w, https:\/\/hotelsolidairemangily.com\/wp-content\/uploads\/IMG_0820m-300x178.jpg 300w, https:\/\/hotelsolidairemangily.com\/wp-content\/uploads\/IMG_0820m-768x455.jpg 768w, https:\/\/hotelsolidairemangily.com\/wp-content\/uploads\/IMG_0820m-1024x607.jpg 1024w\" sizes=\"auto, (max-width: 500px) 100vw, 500px\" \/>\n<p><\/div><div id='' class='col-md-6'><\/p>\n<p>&nbsp;<\/p>\n<p style=\"text-align: justify;\">L\u2019H\u00f4tel Solidaire Mangily vous propose une balade\u00a0en pirogue traditionnelle pour d\u00e9couvrir d\u2019une fa\u00e7on\u00a0originale l\u2019impressionnant banc de sable, des dunes\u00a0et des petites piscines naturelles cr\u00e9\u00e9es entre des roches\u00a0dans l\u2019aire prot\u00e9g\u00e9e de mangroves de l\u2019ONG<\/p>\n<p style=\"text-align: justify;\">Bel Avenir au village de p\u00eacheurs de Tsongoritelo.\u00a0La balade s\u2019ach\u00e8ve par un pique-nique avant le retour\u00a0\u00e0 l\u2019h\u00f4tel.<\/p>\n<p><\/div><\/div>\n<p>&nbsp;<\/p>\n<h4 style=\"text-align: justify;\"><span style=\"color: #eeaa51;\">2 &#8211; Snorkling \u00e0 la r\u00e9serve marine d\u2019Ankaranjelita + pique-nique \u00e0 la plage de cocotiers\u00a0de Madiorano<\/span><\/h4>\n<div id='' class='row'><div id='' class='col-xs-12'><\/p>\n<p><\/div><br \/>\n<div id='' class='col-md-6'><\/p>\n<a href=\"https:\/\/hotelsolidairemangily.com\/wp-content\/uploads\/2-2.jpg\" rel=\"attachment wp-att-1578\"><img loading=\"lazy\" decoding=\"async\" class=\"alignnone wp-image-1578\" src=\"https:\/\/hotelsolidairemangily.com\/wp-content\/uploads\/2-2.jpg\" alt=\"2\" width=\"500\" height=\"318\" srcset=\"https:\/\/hotelsolidairemangily.com\/wp-content\/uploads\/2-2.jpg 318w, https:\/\/hotelsolidairemangily.com\/wp-content\/uploads\/2-2-300x191.jpg 300w\" sizes=\"auto, (max-width: 500px) 100vw, 500px\" \/><\/a>\n<p><\/div><div id='' class='col-md-6'><\/p>\n<p>&nbsp;<\/p>\n<p style=\"text-align: justify;\">La journ\u00e9e commence par un d\u00e9placement en pirogue\u00a0traditionnelle jusqu\u2019\u00e0 la r\u00e9serve marine d\u2019Ankaranjenita,\u00a0\u00e0 10 km au nord de Mangily. La visite vous permettra\u00a0de faire du snorkeling pour d\u00e9couvrir les richesses\u00a0des fonds sous-marins de la r\u00e9gion.<\/p>\n<p style=\"text-align: justify;\">Pour finir la balade en beaut\u00e9, un petit d\u00e9placement\u00a0en pirogue se fera ensuite jusqu\u2019\u00e0 la plage de cocotiers\u00a0de Madiorano. L\u2019environnement paradisiaque et l\u2019ombre\u00a0des cocotiers favorise un pique-nique convivial !<\/p>\n<p><\/div><\/div>\n<h4><span style=\"color: #eeaa51;\">3 &#8211; D\u00e9couvrez la grande for\u00eat de baobabs au Parc Mosa avec des l\u00e9muriens<\/span><\/h4>\n<div id='' class='row'><div id='' class='col-xs-12'><\/p>\n<p><\/div><br \/>\n<div id='' class='col-md-6'><\/p>\n<a href=\"https:\/\/hotelsolidairemangily.com\/wp-content\/uploads\/IMG_9874.jpg\" rel=\"attachment wp-att-1580\"><img loading=\"lazy\" decoding=\"async\" class=\"alignnone wp-image-1580\" src=\"https:\/\/hotelsolidairemangily.com\/wp-content\/uploads\/IMG_9874.jpg\" alt=\"IMG_9874\" width=\"500\" height=\"334\" srcset=\"https:\/\/hotelsolidairemangily.com\/wp-content\/uploads\/IMG_9874.jpg 1000w, https:\/\/hotelsolidairemangily.com\/wp-content\/uploads\/IMG_9874-300x200.jpg 300w, https:\/\/hotelsolidairemangily.com\/wp-content\/uploads\/IMG_9874-768x512.jpg 768w, https:\/\/hotelsolidairemangily.com\/wp-content\/uploads\/IMG_9874-450x300.jpg 450w\" sizes=\"auto, (max-width: 500px) 100vw, 500px\" \/><\/a>\n<p><\/div><div id='' class='col-md-6'><\/p>\n<p>&nbsp;<\/p>\n<p>&nbsp;<\/p>\n<p style=\"text-align: justify;\">Visitez le Parc Mosa en compagnie des enfants en colonie\u00a0de sensibilisation environnementale \u00e0 la d\u00e9couverte\u00a0des richesses que regorge la for\u00eat de baobabs du\u00a0sud-ouest de Madagascar.<\/p>\n<p style=\"text-align: justify;\">Sur le chemin, vous pourrez trouver des l\u00e9muriens\u00a0( les l\u00e9pil\u00e9murs pattes blanches ou le microcebus\u00a0mernus) et 12 esp\u00e8ces d\u2019oiseaux end\u00e9miques\u00a0de Madagascar.<\/p>\n<p><\/div><\/div>\n<h4><span style=\"color: #eeaa51;\">4 &#8211; D\u00e9couvrez les belles tortues radiata et pixis, autochtones du sud-ouest de Madagascar,au Village des Tortues<\/span><\/h4>\n<div id='' class='row'><div id='' class='col-xs-12'><\/p>\n<p><\/div><br \/>\n<div id='' class='col-md-6'><\/p>\n<a href=\"https:\/\/hotelsolidairemangily.com\/wp-content\/uploads\/IMG_0575-copy.jpg\" rel=\"attachment wp-att-1585\"><img loading=\"lazy\" decoding=\"async\" class=\"alignnone wp-image-1585\" src=\"https:\/\/hotelsolidairemangily.com\/wp-content\/uploads\/IMG_0575-copy.jpg\" alt=\"IMG_0575 copy\" width=\"500\" height=\"334\" srcset=\"https:\/\/hotelsolidairemangily.com\/wp-content\/uploads\/IMG_0575-copy.jpg 1000w, https:\/\/hotelsolidairemangily.com\/wp-content\/uploads\/IMG_0575-copy-300x200.jpg 300w, https:\/\/hotelsolidairemangily.com\/wp-content\/uploads\/IMG_0575-copy-768x512.jpg 768w, https:\/\/hotelsolidairemangily.com\/wp-content\/uploads\/IMG_0575-copy-450x300.jpg 450w\" sizes=\"auto, (max-width: 500px) 100vw, 500px\" \/><\/a>\n<p><\/div><div id='' class='col-md-6'><\/p>\n<p>&nbsp;<\/p>\n<p>&nbsp;<\/p>\n<p style=\"text-align: justify;\">D\u00e9couvrez la tortue radiata, end\u00e9mique de Madagascar,et la tortue pixis, pendant une visite \u00e0 la reserve Village des Tortues avec les enfants en colonie du Centred\u2019\u00c9ducation Environnementale de l\u2019ONG Bel Avenir.<\/p>\n<p><\/div><\/div>\n<p>&nbsp;<\/p>\n<p><strong>Tarifs:<\/strong><\/p>\n<p>En bungalow double ou twin + Petit-d\u00e9jeuner complet (pour 2 personnes) 650 000 Ar\/personne (200 euro)<br \/>\nEn bungalow single + Petit-d\u00e9jeuner complet (pour 1 personne) 1 150 000 Ar\/personne (360 euro)<br \/>\nEn bungalow familial + Petit-d\u00e9jeuner complet (pour 4 personnes) 450 000 Ar\/personnes (140 euro)<\/p>\n","protected":false},"excerpt":{"rendered":"<p>L&rsquo;H\u00f4tel Solidaire Mangily invite ainsi ses clients \u00e0 planifier leur s\u00e9jour solidaire en fonction des activit\u00e9s propos\u00e9es par l&rsquo;ONG Bel Avenir (tableau avec emploi du temps indicatif ci-dessous) ainsi que des diff\u00e9rentes activit\u00e9s touristiques de d\u00e9couvertes (pages 2 et 3). Les touristes solidaires sont aussi invit\u00e9s \u00e0 proposer de nouvelles activit\u00e9s avec des enfants et&#8230;  <a href=\"https:\/\/hotelsolidairemangily.com\/fr\/decouvrir\/sejour-de-tourisme-solidaire\/\" class=\"more-link\" title=\"Read Pour passer un s\u00e9jour diff\u00e9rent des autres, l\u2019H\u00f4tel Solidaire Mangily vous propose une semaine m\u00eal\u00e9e de tourisme et d\u2019activit\u00e9s avec les jeunes b\u00e9n\u00e9ficiaires de l\u2019ONG Bel Avenir.\">Read more &raquo;<\/a><\/p>\n","protected":false},"author":3,"featured_media":0,"parent":32,"menu_order":0,"comment_status":"closed","ping_status":"closed","template":"","meta":{"_acf_changed":false,"footnotes":""},"class_list":["post-1563","page","type-page","status-publish","hentry"],"acf":[],"yoast_head":"<!-- This site is optimized with the Yoast SEO plugin v27.5 - https:\/\/yoast.com\/product\/yoast-seo-wordpress\/ -->\n<title>Pour passer un s\u00e9jour diff\u00e9rent des autres, l\u2019H\u00f4tel Solidaire Mangily vous propose une semaine m\u00eal\u00e9e de tourisme et d\u2019activit\u00e9s avec les jeunes b\u00e9n\u00e9ficiaires de l\u2019ONG Bel Avenir. - H\u00f4tel Solidaire Mangily<\/title>\n<meta name=\"robots\" content=\"index, follow, max-snippet:-1, max-image-preview:large, max-video-preview:-1\" \/>\n<link rel=\"canonical\" href=\"https:\/\/hotelsolidairemangily.com\/descubrir\/una-semana-de-act-turisticas-y-voluntariado\/\" \/>\n<meta property=\"og:locale\" content=\"fr_FR\" \/>\n<meta property=\"og:type\" content=\"article\" \/>\n<meta property=\"og:title\" content=\"Pour passer un s\u00e9jour diff\u00e9rent des autres, l\u2019H\u00f4tel Solidaire Mangily vous propose une semaine m\u00eal\u00e9e de tourisme et d\u2019activit\u00e9s avec les jeunes b\u00e9n\u00e9ficiaires de l\u2019ONG Bel Avenir. - H\u00f4tel Solidaire Mangily\" \/>\n<meta property=\"og:description\" content=\"L&rsquo;H\u00f4tel Solidaire Mangily invite ainsi ses clients \u00e0 planifier leur s\u00e9jour solidaire en fonction des activit\u00e9s propos\u00e9es par l&rsquo;ONG Bel Avenir (tableau avec emploi du temps indicatif ci-dessous) ainsi que des diff\u00e9rentes activit\u00e9s touristiques de d\u00e9couvertes (pages 2 et 3). Les touristes solidaires sont aussi invit\u00e9s \u00e0 proposer de nouvelles activit\u00e9s avec des enfants et... Read more &raquo;\" \/>\n<meta property=\"og:url\" content=\"https:\/\/hotelsolidairemangily.com\/descubrir\/una-semana-de-act-turisticas-y-voluntariado\/\" \/>\n<meta property=\"og:site_name\" content=\"H\u00f4tel Solidaire Mangily\" \/>\n<meta property=\"article:modified_time\" content=\"2016-07-19T07:34:34+00:00\" \/>\n<meta property=\"og:image\" content=\"https:\/\/hotelsolidairemangily.com\/wp-content\/uploads\/Emploisdutemps280616_FR2.png\" \/>\n\t<meta property=\"og:image:width\" content=\"3508\" \/>\n\t<meta property=\"og:image:height\" content=\"2481\" \/>\n\t<meta property=\"og:image:type\" content=\"image\/png\" \/>\n<meta name=\"twitter:card\" content=\"summary_large_image\" \/>\n<meta name=\"twitter:label1\" content=\"Dur\u00e9e de lecture estim\u00e9e\" \/>\n\t<meta name=\"twitter:data1\" content=\"3 minutes\" \/>\n<script type=\"application\/ld+json\" class=\"yoast-schema-graph\">{\"@context\":\"https:\\\/\\\/schema.org\",\"@graph\":[{\"@type\":\"WebPage\",\"@id\":\"https:\\\/\\\/hotelsolidairemangily.com\\\/descubrir\\\/una-semana-de-act-turisticas-y-voluntariado\\\/\",\"url\":\"https:\\\/\\\/hotelsolidairemangily.com\\\/descubrir\\\/una-semana-de-act-turisticas-y-voluntariado\\\/\",\"name\":\"Pour passer un s\u00e9jour diff\u00e9rent des autres, l\u2019H\u00f4tel Solidaire Mangily vous propose une semaine m\u00eal\u00e9e de tourisme et d\u2019activit\u00e9s avec les jeunes b\u00e9n\u00e9ficiaires de l\u2019ONG Bel Avenir. - H\u00f4tel Solidaire Mangily\",\"isPartOf\":{\"@id\":\"https:\\\/\\\/hotelsolidairemangily.com\\\/#website\"},\"primaryImageOfPage\":{\"@id\":\"https:\\\/\\\/hotelsolidairemangily.com\\\/descubrir\\\/una-semana-de-act-turisticas-y-voluntariado\\\/#primaryimage\"},\"image\":{\"@id\":\"https:\\\/\\\/hotelsolidairemangily.com\\\/descubrir\\\/una-semana-de-act-turisticas-y-voluntariado\\\/#primaryimage\"},\"thumbnailUrl\":\"https:\\\/\\\/hotelsolidairemangily.com\\\/wp-content\\\/uploads\\\/Emploisdutemps280616_FR2.png\",\"datePublished\":\"2016-03-16T14:51:38+00:00\",\"dateModified\":\"2016-07-19T07:34:34+00:00\",\"breadcrumb\":{\"@id\":\"https:\\\/\\\/hotelsolidairemangily.com\\\/descubrir\\\/una-semana-de-act-turisticas-y-voluntariado\\\/#breadcrumb\"},\"inLanguage\":\"fr-FR\",\"potentialAction\":[{\"@type\":\"ReadAction\",\"target\":[\"https:\\\/\\\/hotelsolidairemangily.com\\\/descubrir\\\/una-semana-de-act-turisticas-y-voluntariado\\\/\"]}]},{\"@type\":\"ImageObject\",\"inLanguage\":\"fr-FR\",\"@id\":\"https:\\\/\\\/hotelsolidairemangily.com\\\/descubrir\\\/una-semana-de-act-turisticas-y-voluntariado\\\/#primaryimage\",\"url\":\"https:\\\/\\\/hotelsolidairemangily.com\\\/wp-content\\\/uploads\\\/Emploisdutemps280616_FR2.png\",\"contentUrl\":\"https:\\\/\\\/hotelsolidairemangily.com\\\/wp-content\\\/uploads\\\/Emploisdutemps280616_FR2.png\"},{\"@type\":\"BreadcrumbList\",\"@id\":\"https:\\\/\\\/hotelsolidairemangily.com\\\/descubrir\\\/una-semana-de-act-turisticas-y-voluntariado\\\/#breadcrumb\",\"itemListElement\":[{\"@type\":\"ListItem\",\"position\":1,\"name\":\"Accueil\",\"item\":\"https:\\\/\\\/hotelsolidairemangily.com\\\/fr\\\/\"},{\"@type\":\"ListItem\",\"position\":2,\"name\":\"D\u00e9couvrir\",\"item\":\"https:\\\/\\\/hotelsolidairemangily.com\\\/descubrir\\\/\"},{\"@type\":\"ListItem\",\"position\":3,\"name\":\"Pour passer un s\u00e9jour diff\u00e9rent des autres, l\u2019H\u00f4tel Solidaire Mangily vous propose une semaine m\u00eal\u00e9e de tourisme et d\u2019activit\u00e9s avec les jeunes b\u00e9n\u00e9ficiaires de l\u2019ONG Bel Avenir.\"}]},{\"@type\":\"WebSite\",\"@id\":\"https:\\\/\\\/hotelsolidairemangily.com\\\/#website\",\"url\":\"https:\\\/\\\/hotelsolidairemangily.com\\\/\",\"name\":\"H\u00f4tel Solidaire Mangily\",\"description\":\"\u00a1Viaja de forma distinta!\",\"potentialAction\":[{\"@type\":\"SearchAction\",\"target\":{\"@type\":\"EntryPoint\",\"urlTemplate\":\"https:\\\/\\\/hotelsolidairemangily.com\\\/?s={search_term_string}\"},\"query-input\":{\"@type\":\"PropertyValueSpecification\",\"valueRequired\":true,\"valueName\":\"search_term_string\"}}],\"inLanguage\":\"fr-FR\"}]}<\/script>\n<!-- \/ Yoast SEO plugin. -->","yoast_head_json":{"title":"Pour passer un s\u00e9jour diff\u00e9rent des autres, l\u2019H\u00f4tel Solidaire Mangily vous propose une semaine m\u00eal\u00e9e de tourisme et d\u2019activit\u00e9s avec les jeunes b\u00e9n\u00e9ficiaires de l\u2019ONG Bel Avenir. - H\u00f4tel Solidaire Mangily","robots":{"index":"index","follow":"follow","max-snippet":"max-snippet:-1","max-image-preview":"max-image-preview:large","max-video-preview":"max-video-preview:-1"},"canonical":"https:\/\/hotelsolidairemangily.com\/descubrir\/una-semana-de-act-turisticas-y-voluntariado\/","og_locale":"fr_FR","og_type":"article","og_title":"Pour passer un s\u00e9jour diff\u00e9rent des autres, l\u2019H\u00f4tel Solidaire Mangily vous propose une semaine m\u00eal\u00e9e de tourisme et d\u2019activit\u00e9s avec les jeunes b\u00e9n\u00e9ficiaires de l\u2019ONG Bel Avenir. - H\u00f4tel Solidaire Mangily","og_description":"L&rsquo;H\u00f4tel Solidaire Mangily invite ainsi ses clients \u00e0 planifier leur s\u00e9jour solidaire en fonction des activit\u00e9s propos\u00e9es par l&rsquo;ONG Bel Avenir (tableau avec emploi du temps indicatif ci-dessous) ainsi que des diff\u00e9rentes activit\u00e9s touristiques de d\u00e9couvertes (pages 2 et 3). Les touristes solidaires sont aussi invit\u00e9s \u00e0 proposer de nouvelles activit\u00e9s avec des enfants et... Read more &raquo;","og_url":"https:\/\/hotelsolidairemangily.com\/descubrir\/una-semana-de-act-turisticas-y-voluntariado\/","og_site_name":"H\u00f4tel Solidaire Mangily","article_modified_time":"2016-07-19T07:34:34+00:00","og_image":[{"width":3508,"height":2481,"url":"https:\/\/hotelsolidairemangily.com\/wp-content\/uploads\/Emploisdutemps280616_FR2.png","type":"image\/png"}],"twitter_card":"summary_large_image","twitter_misc":{"Dur\u00e9e de lecture estim\u00e9e":"3 minutes"},"schema":{"@context":"https:\/\/schema.org","@graph":[{"@type":"WebPage","@id":"https:\/\/hotelsolidairemangily.com\/descubrir\/una-semana-de-act-turisticas-y-voluntariado\/","url":"https:\/\/hotelsolidairemangily.com\/descubrir\/una-semana-de-act-turisticas-y-voluntariado\/","name":"Pour passer un s\u00e9jour diff\u00e9rent des autres, l\u2019H\u00f4tel Solidaire Mangily vous propose une semaine m\u00eal\u00e9e de tourisme et d\u2019activit\u00e9s avec les jeunes b\u00e9n\u00e9ficiaires de l\u2019ONG Bel Avenir. - H\u00f4tel Solidaire Mangily","isPartOf":{"@id":"https:\/\/hotelsolidairemangily.com\/#website"},"primaryImageOfPage":{"@id":"https:\/\/hotelsolidairemangily.com\/descubrir\/una-semana-de-act-turisticas-y-voluntariado\/#primaryimage"},"image":{"@id":"https:\/\/hotelsolidairemangily.com\/descubrir\/una-semana-de-act-turisticas-y-voluntariado\/#primaryimage"},"thumbnailUrl":"https:\/\/hotelsolidairemangily.com\/wp-content\/uploads\/Emploisdutemps280616_FR2.png","datePublished":"2016-03-16T14:51:38+00:00","dateModified":"2016-07-19T07:34:34+00:00","breadcrumb":{"@id":"https:\/\/hotelsolidairemangily.com\/descubrir\/una-semana-de-act-turisticas-y-voluntariado\/#breadcrumb"},"inLanguage":"fr-FR","potentialAction":[{"@type":"ReadAction","target":["https:\/\/hotelsolidairemangily.com\/descubrir\/una-semana-de-act-turisticas-y-voluntariado\/"]}]},{"@type":"ImageObject","inLanguage":"fr-FR","@id":"https:\/\/hotelsolidairemangily.com\/descubrir\/una-semana-de-act-turisticas-y-voluntariado\/#primaryimage","url":"https:\/\/hotelsolidairemangily.com\/wp-content\/uploads\/Emploisdutemps280616_FR2.png","contentUrl":"https:\/\/hotelsolidairemangily.com\/wp-content\/uploads\/Emploisdutemps280616_FR2.png"},{"@type":"BreadcrumbList","@id":"https:\/\/hotelsolidairemangily.com\/descubrir\/una-semana-de-act-turisticas-y-voluntariado\/#breadcrumb","itemListElement":[{"@type":"ListItem","position":1,"name":"Accueil","item":"https:\/\/hotelsolidairemangily.com\/fr\/"},{"@type":"ListItem","position":2,"name":"D\u00e9couvrir","item":"https:\/\/hotelsolidairemangily.com\/descubrir\/"},{"@type":"ListItem","position":3,"name":"Pour passer un s\u00e9jour diff\u00e9rent des autres, l\u2019H\u00f4tel Solidaire Mangily vous propose une semaine m\u00eal\u00e9e de tourisme et d\u2019activit\u00e9s avec les jeunes b\u00e9n\u00e9ficiaires de l\u2019ONG Bel Avenir."}]},{"@type":"WebSite","@id":"https:\/\/hotelsolidairemangily.com\/#website","url":"https:\/\/hotelsolidairemangily.com\/","name":"H\u00f4tel Solidaire Mangily","description":"\u00a1Viaja de forma distinta!","potentialAction":[{"@type":"SearchAction","target":{"@type":"EntryPoint","urlTemplate":"https:\/\/hotelsolidairemangily.com\/?s={search_term_string}"},"query-input":{"@type":"PropertyValueSpecification","valueRequired":true,"valueName":"search_term_string"}}],"inLanguage":"fr-FR"}]}},"_links":{"self":[{"href":"https:\/\/hotelsolidairemangily.com\/fr\/wp-json\/wp\/v2\/pages\/1563","targetHints":{"allow":["GET"]}}],"collection":[{"href":"https:\/\/hotelsolidairemangily.com\/fr\/wp-json\/wp\/v2\/pages"}],"about":[{"href":"https:\/\/hotelsolidairemangily.com\/fr\/wp-json\/wp\/v2\/types\/page"}],"author":[{"embeddable":true,"href":"https:\/\/hotelsolidairemangily.com\/fr\/wp-json\/wp\/v2\/users\/3"}],"replies":[{"embeddable":true,"href":"https:\/\/hotelsolidairemangily.com\/fr\/wp-json\/wp\/v2\/comments?post=1563"}],"version-history":[{"count":5,"href":"https:\/\/hotelsolidairemangily.com\/fr\/wp-json\/wp\/v2\/pages\/1563\/revisions"}],"predecessor-version":[{"id":1722,"href":"https:\/\/hotelsolidairemangily.com\/fr\/wp-json\/wp\/v2\/pages\/1563\/revisions\/1722"}],"up":[{"embeddable":true,"href":"https:\/\/hotelsolidairemangily.com\/fr\/wp-json\/wp\/v2\/pages\/32"}],"wp:attachment":[{"href":"https:\/\/hotelsolidairemangily.com\/fr\/wp-json\/wp\/v2\/media?parent=1563"}],"curies":[{"name":"wp","href":"https:\/\/api.w.org\/{rel}","templated":true}]}}