{"id":1594,"date":"2016-03-17T06:06:43","date_gmt":"2016-03-17T06:06:43","guid":{"rendered":"https:\/\/hotelsolidairemangily.com\/?page_id=1594"},"modified":"2016-03-17T13:16:33","modified_gmt":"2016-03-17T13:16:33","slug":"ne-ratez-pas-la-visite-de-lunique-squelette-reconstitue-de-baleine-a-bosse-de-locean-indien","status":"publish","type":"page","link":"https:\/\/hotelsolidairemangily.com\/fr\/ne-ratez-pas-la-visite-de-lunique-squelette-reconstitue-de-baleine-a-bosse-de-locean-indien\/","title":{"rendered":"Ne ratez pas la visite de l\u2019unique squelette reconstitu\u00e9 de baleine \u00e0 bosse de l\u2019oc\u00e9an Indien"},"content":{"rendered":"<p style=\"text-align: justify;\">Pour rendre votre s\u00e9jour exceptionnel, l\u2019H\u00f4tel Solidaire Mangily vous propose la visite de l\u2019unique squelette\u00a0de baleine \u00e0 bosse reconstitu\u00e9 de l\u2019oc\u00e9an Indien au Centre d\u2019\u00c9ducation Environnementale de l\u2019ONG Bel\u00a0Avenir, aux portes de l\u2019h\u00f4tel.<\/p>\n<img loading=\"lazy\" decoding=\"async\" class=\"wp-image-1595 aligncenter\" src=\"https:\/\/hotelsolidairemangily.com\/wp-content\/uploads\/IMG_8615-copy.jpg\" alt=\"IMG_8615 copy\" width=\"700\" height=\"467\" srcset=\"https:\/\/hotelsolidairemangily.com\/wp-content\/uploads\/IMG_8615-copy.jpg 1000w, https:\/\/hotelsolidairemangily.com\/wp-content\/uploads\/IMG_8615-copy-300x200.jpg 300w, https:\/\/hotelsolidairemangily.com\/wp-content\/uploads\/IMG_8615-copy-768x512.jpg 768w, https:\/\/hotelsolidairemangily.com\/wp-content\/uploads\/IMG_8615-copy-450x300.jpg 450w\" sizes=\"auto, (max-width: 700px) 100vw, 700px\" \/>\n<p style=\"text-align: justify;\">L\u2019impressionnant squelette de baleine \u00e0 bosse, form\u00e9 par plus de 300 ossements, est suspendu \u00e0 l\u2019abri\u00a0d\u2019une grande paillote.\u00a0Le squelette p\u00e8se pr\u00e8s d\u2019une tonne et mesure 17 m de long et 6 m de large.\u00a0\u00c0 travers des panneaux explicatifs, le visiteur peut d\u00e9couvrir le mode de vie, la morphologie, les comportements\u00a0et les raisons de la migration de la baleine \u00e0 bosse sur les c\u00f4tes de Mangily<\/p>\n<img loading=\"lazy\" decoding=\"async\" class=\"wp-image-1597 aligncenter\" src=\"https:\/\/hotelsolidairemangily.com\/wp-content\/uploads\/IMG_8467-copy.jpg\" alt=\"IMG_8467 copy\" width=\"700\" height=\"467\" srcset=\"https:\/\/hotelsolidairemangily.com\/wp-content\/uploads\/IMG_8467-copy.jpg 1000w, https:\/\/hotelsolidairemangily.com\/wp-content\/uploads\/IMG_8467-copy-300x200.jpg 300w, https:\/\/hotelsolidairemangily.com\/wp-content\/uploads\/IMG_8467-copy-768x512.jpg 768w, https:\/\/hotelsolidairemangily.com\/wp-content\/uploads\/IMG_8467-copy-450x300.jpg 450w\" sizes=\"auto, (max-width: 700px) 100vw, 700px\" \/>\n<h3 style=\"text-align: center;\"><\/h3>\n<div style=\"background-color: #46a7cf;\">\n&nbsp;<\/p>\n<h3 style=\"text-align: center;\"><span style=\"color: #ffffff;\">D\u00e9p\u00eachez-vous de vous y rendre, la visite est gratuite !<\/span><\/h3>\n<h3 style=\"text-align: center;\"><span style=\"color: #333300;\"><img loading=\"lazy\" decoding=\"async\" class=\"alignnone wp-image-1599\" src=\"https:\/\/hotelsolidairemangily.com\/wp-content\/uploads\/Baleine-01.png\" alt=\"Baleine-01\" width=\"300\" height=\"110\" srcset=\"https:\/\/hotelsolidairemangily.com\/wp-content\/uploads\/Baleine-01.png 2228w, https:\/\/hotelsolidairemangily.com\/wp-content\/uploads\/Baleine-01-300x110.png 300w, https:\/\/hotelsolidairemangily.com\/wp-content\/uploads\/Baleine-01-768x281.png 768w, https:\/\/hotelsolidairemangily.com\/wp-content\/uploads\/Baleine-01-1024x374.png 1024w\" sizes=\"auto, (max-width: 300px) 100vw, 300px\" \/><\/span><\/h3>\n<p>&nbsp;<\/p>\n<\/div>\n","protected":false},"excerpt":{"rendered":"<p>Pour rendre votre s\u00e9jour exceptionnel, l\u2019H\u00f4tel Solidaire Mangily vous propose la visite de l\u2019unique squelette\u00a0de baleine \u00e0 bosse reconstitu\u00e9 de l\u2019oc\u00e9an Indien au Centre d\u2019\u00c9ducation Environnementale de l\u2019ONG Bel\u00a0Avenir, aux portes de l\u2019h\u00f4tel. L\u2019impressionnant squelette de baleine \u00e0 bosse, form\u00e9 par plus de 300 ossements, est suspendu \u00e0 l\u2019abri\u00a0d\u2019une grande paillote.\u00a0Le squelette p\u00e8se pr\u00e8s d\u2019une&#8230;  <a href=\"https:\/\/hotelsolidairemangily.com\/fr\/ne-ratez-pas-la-visite-de-lunique-squelette-reconstitue-de-baleine-a-bosse-de-locean-indien\/\" class=\"more-link\" title=\"Read Ne ratez pas la visite de l\u2019unique squelette reconstitu\u00e9 de baleine \u00e0 bosse de l\u2019oc\u00e9an Indien\">Read more &raquo;<\/a><\/p>\n","protected":false},"author":3,"featured_media":0,"parent":0,"menu_order":0,"comment_status":"closed","ping_status":"closed","template":"","meta":{"_acf_changed":false,"footnotes":""},"class_list":["post-1594","page","type-page","status-publish","hentry"],"acf":[],"yoast_head":"<!-- This site is optimized with the Yoast SEO plugin v27.5 - https:\/\/yoast.com\/product\/yoast-seo-wordpress\/ -->\n<title>Ne ratez pas la visite de l\u2019unique squelette reconstitu\u00e9 de baleine \u00e0 bosse de l\u2019oc\u00e9an Indien - H\u00f4tel Solidaire Mangily<\/title>\n<meta name=\"robots\" content=\"index, follow, max-snippet:-1, max-image-preview:large, max-video-preview:-1\" \/>\n<link rel=\"canonical\" href=\"https:\/\/hotelsolidairemangily.com\/no-te-pierdas-la-visita-a-la-unica-reconstruccion-de-esqueleto-de-ballena-jorobada-del-oceano-indico\/\" \/>\n<meta property=\"og:locale\" content=\"fr_FR\" \/>\n<meta property=\"og:type\" content=\"article\" \/>\n<meta property=\"og:title\" content=\"Ne ratez pas la visite de l\u2019unique squelette reconstitu\u00e9 de baleine \u00e0 bosse de l\u2019oc\u00e9an Indien - H\u00f4tel Solidaire Mangily\" \/>\n<meta property=\"og:description\" content=\"Pour rendre votre s\u00e9jour exceptionnel, l\u2019H\u00f4tel Solidaire Mangily vous propose la visite de l\u2019unique squelette\u00a0de baleine \u00e0 bosse reconstitu\u00e9 de l\u2019oc\u00e9an Indien au Centre d\u2019\u00c9ducation Environnementale de l\u2019ONG Bel\u00a0Avenir, aux portes de l\u2019h\u00f4tel. L\u2019impressionnant squelette de baleine \u00e0 bosse, form\u00e9 par plus de 300 ossements, est suspendu \u00e0 l\u2019abri\u00a0d\u2019une grande paillote.\u00a0Le squelette p\u00e8se pr\u00e8s d\u2019une... Read more &raquo;\" \/>\n<meta property=\"og:url\" content=\"https:\/\/hotelsolidairemangily.com\/no-te-pierdas-la-visita-a-la-unica-reconstruccion-de-esqueleto-de-ballena-jorobada-del-oceano-indico\/\" \/>\n<meta property=\"og:site_name\" content=\"H\u00f4tel Solidaire Mangily\" \/>\n<meta property=\"article:modified_time\" content=\"2016-03-17T13:16:33+00:00\" \/>\n<meta property=\"og:image\" content=\"https:\/\/hotelsolidairemangily.com\/wp-content\/uploads\/IMG_8615-copy.jpg\" \/>\n\t<meta property=\"og:image:width\" content=\"1000\" \/>\n\t<meta property=\"og:image:height\" content=\"667\" \/>\n\t<meta property=\"og:image:type\" content=\"image\/jpeg\" \/>\n<meta name=\"twitter:card\" content=\"summary_large_image\" \/>\n<meta name=\"twitter:label1\" content=\"Dur\u00e9e de lecture estim\u00e9e\" \/>\n\t<meta name=\"twitter:data1\" content=\"1 minute\" \/>\n<script type=\"application\/ld+json\" class=\"yoast-schema-graph\">{\"@context\":\"https:\\\/\\\/schema.org\",\"@graph\":[{\"@type\":\"WebPage\",\"@id\":\"https:\\\/\\\/hotelsolidairemangily.com\\\/no-te-pierdas-la-visita-a-la-unica-reconstruccion-de-esqueleto-de-ballena-jorobada-del-oceano-indico\\\/\",\"url\":\"https:\\\/\\\/hotelsolidairemangily.com\\\/no-te-pierdas-la-visita-a-la-unica-reconstruccion-de-esqueleto-de-ballena-jorobada-del-oceano-indico\\\/\",\"name\":\"Ne ratez pas la visite de l\u2019unique squelette reconstitu\u00e9 de baleine \u00e0 bosse de l\u2019oc\u00e9an Indien - H\u00f4tel Solidaire Mangily\",\"isPartOf\":{\"@id\":\"https:\\\/\\\/hotelsolidairemangily.com\\\/#website\"},\"primaryImageOfPage\":{\"@id\":\"https:\\\/\\\/hotelsolidairemangily.com\\\/no-te-pierdas-la-visita-a-la-unica-reconstruccion-de-esqueleto-de-ballena-jorobada-del-oceano-indico\\\/#primaryimage\"},\"image\":{\"@id\":\"https:\\\/\\\/hotelsolidairemangily.com\\\/no-te-pierdas-la-visita-a-la-unica-reconstruccion-de-esqueleto-de-ballena-jorobada-del-oceano-indico\\\/#primaryimage\"},\"thumbnailUrl\":\"https:\\\/\\\/hotelsolidairemangily.com\\\/wp-content\\\/uploads\\\/IMG_8615-copy.jpg\",\"datePublished\":\"2016-03-17T06:06:43+00:00\",\"dateModified\":\"2016-03-17T13:16:33+00:00\",\"breadcrumb\":{\"@id\":\"https:\\\/\\\/hotelsolidairemangily.com\\\/no-te-pierdas-la-visita-a-la-unica-reconstruccion-de-esqueleto-de-ballena-jorobada-del-oceano-indico\\\/#breadcrumb\"},\"inLanguage\":\"fr-FR\",\"potentialAction\":[{\"@type\":\"ReadAction\",\"target\":[\"https:\\\/\\\/hotelsolidairemangily.com\\\/no-te-pierdas-la-visita-a-la-unica-reconstruccion-de-esqueleto-de-ballena-jorobada-del-oceano-indico\\\/\"]}]},{\"@type\":\"ImageObject\",\"inLanguage\":\"fr-FR\",\"@id\":\"https:\\\/\\\/hotelsolidairemangily.com\\\/no-te-pierdas-la-visita-a-la-unica-reconstruccion-de-esqueleto-de-ballena-jorobada-del-oceano-indico\\\/#primaryimage\",\"url\":\"https:\\\/\\\/hotelsolidairemangily.com\\\/wp-content\\\/uploads\\\/IMG_8615-copy.jpg\",\"contentUrl\":\"https:\\\/\\\/hotelsolidairemangily.com\\\/wp-content\\\/uploads\\\/IMG_8615-copy.jpg\"},{\"@type\":\"BreadcrumbList\",\"@id\":\"https:\\\/\\\/hotelsolidairemangily.com\\\/no-te-pierdas-la-visita-a-la-unica-reconstruccion-de-esqueleto-de-ballena-jorobada-del-oceano-indico\\\/#breadcrumb\",\"itemListElement\":[{\"@type\":\"ListItem\",\"position\":1,\"name\":\"Accueil\",\"item\":\"https:\\\/\\\/hotelsolidairemangily.com\\\/fr\\\/\"},{\"@type\":\"ListItem\",\"position\":2,\"name\":\"Ne ratez pas la visite de l\u2019unique squelette reconstitu\u00e9 de baleine \u00e0 bosse de l\u2019oc\u00e9an Indien\"}]},{\"@type\":\"WebSite\",\"@id\":\"https:\\\/\\\/hotelsolidairemangily.com\\\/#website\",\"url\":\"https:\\\/\\\/hotelsolidairemangily.com\\\/\",\"name\":\"H\u00f4tel Solidaire Mangily\",\"description\":\"\u00a1Viaja de forma distinta!\",\"potentialAction\":[{\"@type\":\"SearchAction\",\"target\":{\"@type\":\"EntryPoint\",\"urlTemplate\":\"https:\\\/\\\/hotelsolidairemangily.com\\\/?s={search_term_string}\"},\"query-input\":{\"@type\":\"PropertyValueSpecification\",\"valueRequired\":true,\"valueName\":\"search_term_string\"}}],\"inLanguage\":\"fr-FR\"}]}<\/script>\n<!-- \/ Yoast SEO plugin. -->","yoast_head_json":{"title":"Ne ratez pas la visite de l\u2019unique squelette reconstitu\u00e9 de baleine \u00e0 bosse de l\u2019oc\u00e9an Indien - H\u00f4tel Solidaire Mangily","robots":{"index":"index","follow":"follow","max-snippet":"max-snippet:-1","max-image-preview":"max-image-preview:large","max-video-preview":"max-video-preview:-1"},"canonical":"https:\/\/hotelsolidairemangily.com\/no-te-pierdas-la-visita-a-la-unica-reconstruccion-de-esqueleto-de-ballena-jorobada-del-oceano-indico\/","og_locale":"fr_FR","og_type":"article","og_title":"Ne ratez pas la visite de l\u2019unique squelette reconstitu\u00e9 de baleine \u00e0 bosse de l\u2019oc\u00e9an Indien - H\u00f4tel Solidaire Mangily","og_description":"Pour rendre votre s\u00e9jour exceptionnel, l\u2019H\u00f4tel Solidaire Mangily vous propose la visite de l\u2019unique squelette\u00a0de baleine \u00e0 bosse reconstitu\u00e9 de l\u2019oc\u00e9an Indien au Centre d\u2019\u00c9ducation Environnementale de l\u2019ONG Bel\u00a0Avenir, aux portes de l\u2019h\u00f4tel. L\u2019impressionnant squelette de baleine \u00e0 bosse, form\u00e9 par plus de 300 ossements, est suspendu \u00e0 l\u2019abri\u00a0d\u2019une grande paillote.\u00a0Le squelette p\u00e8se pr\u00e8s d\u2019une... Read more &raquo;","og_url":"https:\/\/hotelsolidairemangily.com\/no-te-pierdas-la-visita-a-la-unica-reconstruccion-de-esqueleto-de-ballena-jorobada-del-oceano-indico\/","og_site_name":"H\u00f4tel Solidaire Mangily","article_modified_time":"2016-03-17T13:16:33+00:00","og_image":[{"width":1000,"height":667,"url":"https:\/\/hotelsolidairemangily.com\/wp-content\/uploads\/IMG_8615-copy.jpg","type":"image\/jpeg"}],"twitter_card":"summary_large_image","twitter_misc":{"Dur\u00e9e de lecture estim\u00e9e":"1 minute"},"schema":{"@context":"https:\/\/schema.org","@graph":[{"@type":"WebPage","@id":"https:\/\/hotelsolidairemangily.com\/no-te-pierdas-la-visita-a-la-unica-reconstruccion-de-esqueleto-de-ballena-jorobada-del-oceano-indico\/","url":"https:\/\/hotelsolidairemangily.com\/no-te-pierdas-la-visita-a-la-unica-reconstruccion-de-esqueleto-de-ballena-jorobada-del-oceano-indico\/","name":"Ne ratez pas la visite de l\u2019unique squelette reconstitu\u00e9 de baleine \u00e0 bosse de l\u2019oc\u00e9an Indien - H\u00f4tel Solidaire Mangily","isPartOf":{"@id":"https:\/\/hotelsolidairemangily.com\/#website"},"primaryImageOfPage":{"@id":"https:\/\/hotelsolidairemangily.com\/no-te-pierdas-la-visita-a-la-unica-reconstruccion-de-esqueleto-de-ballena-jorobada-del-oceano-indico\/#primaryimage"},"image":{"@id":"https:\/\/hotelsolidairemangily.com\/no-te-pierdas-la-visita-a-la-unica-reconstruccion-de-esqueleto-de-ballena-jorobada-del-oceano-indico\/#primaryimage"},"thumbnailUrl":"https:\/\/hotelsolidairemangily.com\/wp-content\/uploads\/IMG_8615-copy.jpg","datePublished":"2016-03-17T06:06:43+00:00","dateModified":"2016-03-17T13:16:33+00:00","breadcrumb":{"@id":"https:\/\/hotelsolidairemangily.com\/no-te-pierdas-la-visita-a-la-unica-reconstruccion-de-esqueleto-de-ballena-jorobada-del-oceano-indico\/#breadcrumb"},"inLanguage":"fr-FR","potentialAction":[{"@type":"ReadAction","target":["https:\/\/hotelsolidairemangily.com\/no-te-pierdas-la-visita-a-la-unica-reconstruccion-de-esqueleto-de-ballena-jorobada-del-oceano-indico\/"]}]},{"@type":"ImageObject","inLanguage":"fr-FR","@id":"https:\/\/hotelsolidairemangily.com\/no-te-pierdas-la-visita-a-la-unica-reconstruccion-de-esqueleto-de-ballena-jorobada-del-oceano-indico\/#primaryimage","url":"https:\/\/hotelsolidairemangily.com\/wp-content\/uploads\/IMG_8615-copy.jpg","contentUrl":"https:\/\/hotelsolidairemangily.com\/wp-content\/uploads\/IMG_8615-copy.jpg"},{"@type":"BreadcrumbList","@id":"https:\/\/hotelsolidairemangily.com\/no-te-pierdas-la-visita-a-la-unica-reconstruccion-de-esqueleto-de-ballena-jorobada-del-oceano-indico\/#breadcrumb","itemListElement":[{"@type":"ListItem","position":1,"name":"Accueil","item":"https:\/\/hotelsolidairemangily.com\/fr\/"},{"@type":"ListItem","position":2,"name":"Ne ratez pas la visite de l\u2019unique squelette reconstitu\u00e9 de baleine \u00e0 bosse de l\u2019oc\u00e9an Indien"}]},{"@type":"WebSite","@id":"https:\/\/hotelsolidairemangily.com\/#website","url":"https:\/\/hotelsolidairemangily.com\/","name":"H\u00f4tel Solidaire Mangily","description":"\u00a1Viaja de forma distinta!","potentialAction":[{"@type":"SearchAction","target":{"@type":"EntryPoint","urlTemplate":"https:\/\/hotelsolidairemangily.com\/?s={search_term_string}"},"query-input":{"@type":"PropertyValueSpecification","valueRequired":true,"valueName":"search_term_string"}}],"inLanguage":"fr-FR"}]}},"_links":{"self":[{"href":"https:\/\/hotelsolidairemangily.com\/fr\/wp-json\/wp\/v2\/pages\/1594","targetHints":{"allow":["GET"]}}],"collection":[{"href":"https:\/\/hotelsolidairemangily.com\/fr\/wp-json\/wp\/v2\/pages"}],"about":[{"href":"https:\/\/hotelsolidairemangily.com\/fr\/wp-json\/wp\/v2\/types\/page"}],"author":[{"embeddable":true,"href":"https:\/\/hotelsolidairemangily.com\/fr\/wp-json\/wp\/v2\/users\/3"}],"replies":[{"embeddable":true,"href":"https:\/\/hotelsolidairemangily.com\/fr\/wp-json\/wp\/v2\/comments?post=1594"}],"version-history":[{"count":5,"href":"https:\/\/hotelsolidairemangily.com\/fr\/wp-json\/wp\/v2\/pages\/1594\/revisions"}],"predecessor-version":[{"id":1654,"href":"https:\/\/hotelsolidairemangily.com\/fr\/wp-json\/wp\/v2\/pages\/1594\/revisions\/1654"}],"wp:attachment":[{"href":"https:\/\/hotelsolidairemangily.com\/fr\/wp-json\/wp\/v2\/media?parent=1594"}],"curies":[{"name":"wp","href":"https:\/\/api.w.org\/{rel}","templated":true}]}}