{"id":1605,"date":"2016-03-17T13:06:26","date_gmt":"2016-03-17T13:06:26","guid":{"rendered":"https:\/\/hotelsolidairemangily.com\/?page_id=1605"},"modified":"2016-03-21T08:35:39","modified_gmt":"2016-03-21T08:35:39","slug":"la-reserve-marine-d-ankaranjenita","status":"publish","type":"page","link":"https:\/\/hotelsolidairemangily.com\/fr\/la-reserve-marine-d-ankaranjenita\/","title":{"rendered":"La r\u00e9serve marine d\u2019 Ankaranjenita"},"content":{"rendered":"<div style=\"text-align: justify; background-color: #32b7b5;\"><\/div>\n<h3 style=\"text-align: justify; background-color: #32b7b5;\">Faites-vous plaisir en d\u00e9couvrant les richesses\u00a0aquatiques \u00e0 la r\u00e9serve marine d\u2019 Ankaranjenita avant\u00a0de pique-niquer sous l\u2019ombre des cocotiers \u00e0 Madiorano<\/h3>\n<div style=\"text-align: justify; background-color: #32b7b5;\"><\/div>\n<h4><\/h4>\n<h4>Pour passer un bon week-end, l\u2019H\u00f4tel Solidaire Mangily vous propose une demi-journ\u00e9e \u00e0 la d\u00e9couverte de la r\u00e9serve marine d\u2019Ankaranjenita, puis une pause d\u00e9tente \u00e0 la plage de cocotiers de Madiorano o\u00f9 vous pourrez pique-niquer dans un environnement paradisiaque.<\/h4>\n<p>&nbsp;<\/p>\n<div style=\"text-align: center; background-color: #4073c1;\"><span style=\"color: #ffffff;\">A la d\u00e9couverte de la magnifique faune sous-marine de la r\u00e9serve\u00a0marine d\u2019Ankaranjenita<\/span><\/div>\n<div id='' class='row'><div id='' class='col-xs-12'><\/p>\n<p><\/div><br \/>\n<div id='' class='col-md-6'><\/p>\n<p>&nbsp;<\/p>\n<p style=\"text-align: justify;\">La journ\u00e9e commence par un d\u00e9placement\u00a0en pirogue traditionnelle jusqu\u2019\u00e0 la r\u00e9serve\u00a0marine d\u2019Ankaranjenita. Cette r\u00e9serve se situe\u00a0dans le village d\u2019Ambolimailaka, \u00e0 8km au nord\u00a0de Mangily. La visite vous permettra de faire\u00a0du snorkeling (plong\u00e9e avec masque et tuba)\u00a0pour d\u00e9couvrir les charmes des fonds\u00a0sous-marins de la r\u00e9gion de Tul\u00e9ar. Faites-vous\u00a0plaisir en vous promenant entre les richesses\u00a0aquatiques !<\/p>\n<p><\/div><div id='' class='col-md-6'><\/p>\n<img loading=\"lazy\" decoding=\"async\" class=\"alignnone wp-image-1618\" src=\"https:\/\/hotelsolidairemangily.com\/wp-content\/uploads\/gaterins.jpg\" alt=\"gaterins\" width=\"450\" height=\"338\" srcset=\"https:\/\/hotelsolidairemangily.com\/wp-content\/uploads\/gaterins.jpg 768w, https:\/\/hotelsolidairemangily.com\/wp-content\/uploads\/gaterins-300x225.jpg 300w\" sizes=\"auto, (max-width: 450px) 100vw, 450px\" \/>\n<p><\/div><\/div>\n<img loading=\"lazy\" decoding=\"async\" class=\"alignnone wp-image-1616\" src=\"https:\/\/hotelsolidairemangily.com\/wp-content\/uploads\/IMG_1155.jpg\" alt=\"IMG_1155\" width=\"450\" height=\"338\" srcset=\"https:\/\/hotelsolidairemangily.com\/wp-content\/uploads\/IMG_1155.jpg 768w, https:\/\/hotelsolidairemangily.com\/wp-content\/uploads\/IMG_1155-300x225.jpg 300w\" sizes=\"auto, (max-width: 450px) 100vw, 450px\" \/>\u00a0 \u00a0 \u00a0 \u00a0 <img loading=\"lazy\" decoding=\"async\" class=\"alignnone wp-image-1617\" src=\"https:\/\/hotelsolidairemangily.com\/wp-content\/uploads\/IMG_1565.jpg\" alt=\"IMG_1565\" width=\"450\" height=\"338\" srcset=\"https:\/\/hotelsolidairemangily.com\/wp-content\/uploads\/IMG_1565.jpg 737w, https:\/\/hotelsolidairemangily.com\/wp-content\/uploads\/IMG_1565-300x225.jpg 300w\" sizes=\"auto, (max-width: 450px) 100vw, 450px\" \/>\n<p>&nbsp;<\/p>\n<div style=\"text-align: center; background-color: #4073c1;\"><span style=\"color: #ffffff;\">De\u0301tente a\u0300 la plage de cocotier de Madiorano<\/span><\/div>\n<div id='' class='row'><div id='' class='col-xs-12'><\/p>\n<p><\/div><br \/>\n<div id='' class='col-md-6'><\/p>\n<img loading=\"lazy\" decoding=\"async\" class=\"alignnone wp-image-1633\" src=\"https:\/\/hotelsolidairemangily.com\/wp-content\/uploads\/DSCF2035.jpg\" alt=\"DSCF2035\" width=\"450\" height=\"338\" srcset=\"https:\/\/hotelsolidairemangily.com\/wp-content\/uploads\/DSCF2035.jpg 768w, https:\/\/hotelsolidairemangily.com\/wp-content\/uploads\/DSCF2035-300x225.jpg 300w\" sizes=\"auto, (max-width: 450px) 100vw, 450px\" \/>\n<p><\/div><div id='' class='col-md-6'><\/p>\n<p>&nbsp;<\/p>\n<p>&nbsp;<\/p>\n<p>&nbsp;<\/p>\n<p style=\"text-align: justify;\">Pour finir la matin\u00e9e en beaut\u00e9, un petit\u00a0d\u00e9placement en pirogue se fera ensuite\u00a0jusqu\u2019\u00e0 la plage de cocotier de Madiorano.\u00a0Profitez de la beaut\u00e9 saisissante\u00a0de la plage afin de pique-niquer sous\u00a0les cocotiers !<br \/>\nLe retour \u00e0 l\u2019h\u00f4tel se fera apr\u00e8s\u00a0le pique-nique.<\/p>\n<p><\/div><\/div>\n<img loading=\"lazy\" decoding=\"async\" class=\"alignnone wp-image-1631\" src=\"https:\/\/hotelsolidairemangily.com\/wp-content\/uploads\/DSCF2016.jpg\" alt=\"DSCF2016\" width=\"450\" height=\"338\" srcset=\"https:\/\/hotelsolidairemangily.com\/wp-content\/uploads\/DSCF2016.jpg 768w, https:\/\/hotelsolidairemangily.com\/wp-content\/uploads\/DSCF2016-300x225.jpg 300w\" sizes=\"auto, (max-width: 450px) 100vw, 450px\" \/>\u00a0 \u00a0 \u00a0<img loading=\"lazy\" decoding=\"async\" class=\"alignnone wp-image-1632\" src=\"https:\/\/hotelsolidairemangily.com\/wp-content\/uploads\/DSCF2022.jpg\" alt=\"DSCF2022\" width=\"450\" height=\"338\" srcset=\"https:\/\/hotelsolidairemangily.com\/wp-content\/uploads\/DSCF2022.jpg 768w, https:\/\/hotelsolidairemangily.com\/wp-content\/uploads\/DSCF2022-300x225.jpg 300w\" sizes=\"auto, (max-width: 450px) 100vw, 450px\" \/>\n<p>&nbsp;<\/p>\n<div style=\"background-color: #4073c1;\"><span style=\"color: #ffffff;\">\u00a0 \u00a0Prix: 55 000 Ar<\/span><\/div>\n","protected":false},"excerpt":{"rendered":"<p>Faites-vous plaisir en d\u00e9couvrant les richesses\u00a0aquatiques \u00e0 la r\u00e9serve marine d\u2019 Ankaranjenita avant\u00a0de pique-niquer sous l\u2019ombre des cocotiers \u00e0 Madiorano Pour passer un bon week-end, l\u2019H\u00f4tel Solidaire Mangily vous propose une demi-journ\u00e9e \u00e0 la d\u00e9couverte de la r\u00e9serve marine d\u2019Ankaranjenita, puis une pause d\u00e9tente \u00e0 la plage de cocotiers de Madiorano o\u00f9 vous pourrez pique-niquer&#8230;  <a href=\"https:\/\/hotelsolidairemangily.com\/fr\/la-reserve-marine-d-ankaranjenita\/\" class=\"more-link\" title=\"Read La r\u00e9serve marine d\u2019 Ankaranjenita\">Read more &raquo;<\/a><\/p>\n","protected":false},"author":3,"featured_media":0,"parent":0,"menu_order":0,"comment_status":"closed","ping_status":"closed","template":"","meta":{"_acf_changed":false,"footnotes":""},"class_list":["post-1605","page","type-page","status-publish","hentry"],"acf":[],"yoast_head":"<!-- This site is optimized with the Yoast SEO plugin v27.5 - https:\/\/yoast.com\/product\/yoast-seo-wordpress\/ -->\n<title>La r\u00e9serve marine d\u2019 Ankaranjenita - H\u00f4tel Solidaire Mangily<\/title>\n<meta name=\"robots\" content=\"index, follow, max-snippet:-1, max-image-preview:large, max-video-preview:-1\" \/>\n<link rel=\"canonical\" href=\"https:\/\/hotelsolidairemangily.com\/disfrute-descubriendo-las-riquezas-acuaticas-de-la-reserva-marina-de-ankaranjenita-antes-del-picnic-bajo-la-sombra-de-los-cocoteros-en-madiorano\/\" \/>\n<meta property=\"og:locale\" content=\"fr_FR\" \/>\n<meta property=\"og:type\" content=\"article\" \/>\n<meta property=\"og:title\" content=\"La r\u00e9serve marine d\u2019 Ankaranjenita - H\u00f4tel Solidaire Mangily\" \/>\n<meta property=\"og:description\" content=\"Faites-vous plaisir en d\u00e9couvrant les richesses\u00a0aquatiques \u00e0 la r\u00e9serve marine d\u2019 Ankaranjenita avant\u00a0de pique-niquer sous l\u2019ombre des cocotiers \u00e0 Madiorano Pour passer un bon week-end, l\u2019H\u00f4tel Solidaire Mangily vous propose une demi-journ\u00e9e \u00e0 la d\u00e9couverte de la r\u00e9serve marine d\u2019Ankaranjenita, puis une pause d\u00e9tente \u00e0 la plage de cocotiers de Madiorano o\u00f9 vous pourrez pique-niquer... Read more &raquo;\" \/>\n<meta property=\"og:url\" content=\"https:\/\/hotelsolidairemangily.com\/disfrute-descubriendo-las-riquezas-acuaticas-de-la-reserva-marina-de-ankaranjenita-antes-del-picnic-bajo-la-sombra-de-los-cocoteros-en-madiorano\/\" \/>\n<meta property=\"og:site_name\" content=\"H\u00f4tel Solidaire Mangily\" \/>\n<meta property=\"article:modified_time\" content=\"2016-03-21T08:35:39+00:00\" \/>\n<meta property=\"og:image\" content=\"https:\/\/hotelsolidairemangily.com\/wp-content\/uploads\/gaterins.jpg\" \/>\n\t<meta property=\"og:image:width\" content=\"768\" \/>\n\t<meta property=\"og:image:height\" content=\"576\" \/>\n\t<meta property=\"og:image:type\" content=\"image\/jpeg\" \/>\n<meta name=\"twitter:card\" content=\"summary_large_image\" \/>\n<meta name=\"twitter:label1\" content=\"Dur\u00e9e de lecture estim\u00e9e\" \/>\n\t<meta name=\"twitter:data1\" content=\"1 minute\" \/>\n<script type=\"application\/ld+json\" class=\"yoast-schema-graph\">{\"@context\":\"https:\\\/\\\/schema.org\",\"@graph\":[{\"@type\":\"WebPage\",\"@id\":\"https:\\\/\\\/hotelsolidairemangily.com\\\/disfrute-descubriendo-las-riquezas-acuaticas-de-la-reserva-marina-de-ankaranjenita-antes-del-picnic-bajo-la-sombra-de-los-cocoteros-en-madiorano\\\/\",\"url\":\"https:\\\/\\\/hotelsolidairemangily.com\\\/disfrute-descubriendo-las-riquezas-acuaticas-de-la-reserva-marina-de-ankaranjenita-antes-del-picnic-bajo-la-sombra-de-los-cocoteros-en-madiorano\\\/\",\"name\":\"La r\u00e9serve marine d\u2019 Ankaranjenita - H\u00f4tel Solidaire Mangily\",\"isPartOf\":{\"@id\":\"https:\\\/\\\/hotelsolidairemangily.com\\\/#website\"},\"primaryImageOfPage\":{\"@id\":\"https:\\\/\\\/hotelsolidairemangily.com\\\/disfrute-descubriendo-las-riquezas-acuaticas-de-la-reserva-marina-de-ankaranjenita-antes-del-picnic-bajo-la-sombra-de-los-cocoteros-en-madiorano\\\/#primaryimage\"},\"image\":{\"@id\":\"https:\\\/\\\/hotelsolidairemangily.com\\\/disfrute-descubriendo-las-riquezas-acuaticas-de-la-reserva-marina-de-ankaranjenita-antes-del-picnic-bajo-la-sombra-de-los-cocoteros-en-madiorano\\\/#primaryimage\"},\"thumbnailUrl\":\"https:\\\/\\\/hotelsolidairemangily.com\\\/wp-content\\\/uploads\\\/gaterins.jpg\",\"datePublished\":\"2016-03-17T13:06:26+00:00\",\"dateModified\":\"2016-03-21T08:35:39+00:00\",\"breadcrumb\":{\"@id\":\"https:\\\/\\\/hotelsolidairemangily.com\\\/disfrute-descubriendo-las-riquezas-acuaticas-de-la-reserva-marina-de-ankaranjenita-antes-del-picnic-bajo-la-sombra-de-los-cocoteros-en-madiorano\\\/#breadcrumb\"},\"inLanguage\":\"fr-FR\",\"potentialAction\":[{\"@type\":\"ReadAction\",\"target\":[\"https:\\\/\\\/hotelsolidairemangily.com\\\/disfrute-descubriendo-las-riquezas-acuaticas-de-la-reserva-marina-de-ankaranjenita-antes-del-picnic-bajo-la-sombra-de-los-cocoteros-en-madiorano\\\/\"]}]},{\"@type\":\"ImageObject\",\"inLanguage\":\"fr-FR\",\"@id\":\"https:\\\/\\\/hotelsolidairemangily.com\\\/disfrute-descubriendo-las-riquezas-acuaticas-de-la-reserva-marina-de-ankaranjenita-antes-del-picnic-bajo-la-sombra-de-los-cocoteros-en-madiorano\\\/#primaryimage\",\"url\":\"https:\\\/\\\/hotelsolidairemangily.com\\\/wp-content\\\/uploads\\\/gaterins.jpg\",\"contentUrl\":\"https:\\\/\\\/hotelsolidairemangily.com\\\/wp-content\\\/uploads\\\/gaterins.jpg\"},{\"@type\":\"BreadcrumbList\",\"@id\":\"https:\\\/\\\/hotelsolidairemangily.com\\\/disfrute-descubriendo-las-riquezas-acuaticas-de-la-reserva-marina-de-ankaranjenita-antes-del-picnic-bajo-la-sombra-de-los-cocoteros-en-madiorano\\\/#breadcrumb\",\"itemListElement\":[{\"@type\":\"ListItem\",\"position\":1,\"name\":\"Accueil\",\"item\":\"https:\\\/\\\/hotelsolidairemangily.com\\\/fr\\\/\"},{\"@type\":\"ListItem\",\"position\":2,\"name\":\"La r\u00e9serve marine d\u2019 Ankaranjenita\"}]},{\"@type\":\"WebSite\",\"@id\":\"https:\\\/\\\/hotelsolidairemangily.com\\\/#website\",\"url\":\"https:\\\/\\\/hotelsolidairemangily.com\\\/\",\"name\":\"H\u00f4tel Solidaire Mangily\",\"description\":\"\u00a1Viaja de forma distinta!\",\"potentialAction\":[{\"@type\":\"SearchAction\",\"target\":{\"@type\":\"EntryPoint\",\"urlTemplate\":\"https:\\\/\\\/hotelsolidairemangily.com\\\/?s={search_term_string}\"},\"query-input\":{\"@type\":\"PropertyValueSpecification\",\"valueRequired\":true,\"valueName\":\"search_term_string\"}}],\"inLanguage\":\"fr-FR\"}]}<\/script>\n<!-- \/ Yoast SEO plugin. -->","yoast_head_json":{"title":"La r\u00e9serve marine d\u2019 Ankaranjenita - H\u00f4tel Solidaire Mangily","robots":{"index":"index","follow":"follow","max-snippet":"max-snippet:-1","max-image-preview":"max-image-preview:large","max-video-preview":"max-video-preview:-1"},"canonical":"https:\/\/hotelsolidairemangily.com\/disfrute-descubriendo-las-riquezas-acuaticas-de-la-reserva-marina-de-ankaranjenita-antes-del-picnic-bajo-la-sombra-de-los-cocoteros-en-madiorano\/","og_locale":"fr_FR","og_type":"article","og_title":"La r\u00e9serve marine d\u2019 Ankaranjenita - H\u00f4tel Solidaire Mangily","og_description":"Faites-vous plaisir en d\u00e9couvrant les richesses\u00a0aquatiques \u00e0 la r\u00e9serve marine d\u2019 Ankaranjenita avant\u00a0de pique-niquer sous l\u2019ombre des cocotiers \u00e0 Madiorano Pour passer un bon week-end, l\u2019H\u00f4tel Solidaire Mangily vous propose une demi-journ\u00e9e \u00e0 la d\u00e9couverte de la r\u00e9serve marine d\u2019Ankaranjenita, puis une pause d\u00e9tente \u00e0 la plage de cocotiers de Madiorano o\u00f9 vous pourrez pique-niquer... Read more &raquo;","og_url":"https:\/\/hotelsolidairemangily.com\/disfrute-descubriendo-las-riquezas-acuaticas-de-la-reserva-marina-de-ankaranjenita-antes-del-picnic-bajo-la-sombra-de-los-cocoteros-en-madiorano\/","og_site_name":"H\u00f4tel Solidaire Mangily","article_modified_time":"2016-03-21T08:35:39+00:00","og_image":[{"width":768,"height":576,"url":"https:\/\/hotelsolidairemangily.com\/wp-content\/uploads\/gaterins.jpg","type":"image\/jpeg"}],"twitter_card":"summary_large_image","twitter_misc":{"Dur\u00e9e de lecture estim\u00e9e":"1 minute"},"schema":{"@context":"https:\/\/schema.org","@graph":[{"@type":"WebPage","@id":"https:\/\/hotelsolidairemangily.com\/disfrute-descubriendo-las-riquezas-acuaticas-de-la-reserva-marina-de-ankaranjenita-antes-del-picnic-bajo-la-sombra-de-los-cocoteros-en-madiorano\/","url":"https:\/\/hotelsolidairemangily.com\/disfrute-descubriendo-las-riquezas-acuaticas-de-la-reserva-marina-de-ankaranjenita-antes-del-picnic-bajo-la-sombra-de-los-cocoteros-en-madiorano\/","name":"La r\u00e9serve marine d\u2019 Ankaranjenita - H\u00f4tel Solidaire Mangily","isPartOf":{"@id":"https:\/\/hotelsolidairemangily.com\/#website"},"primaryImageOfPage":{"@id":"https:\/\/hotelsolidairemangily.com\/disfrute-descubriendo-las-riquezas-acuaticas-de-la-reserva-marina-de-ankaranjenita-antes-del-picnic-bajo-la-sombra-de-los-cocoteros-en-madiorano\/#primaryimage"},"image":{"@id":"https:\/\/hotelsolidairemangily.com\/disfrute-descubriendo-las-riquezas-acuaticas-de-la-reserva-marina-de-ankaranjenita-antes-del-picnic-bajo-la-sombra-de-los-cocoteros-en-madiorano\/#primaryimage"},"thumbnailUrl":"https:\/\/hotelsolidairemangily.com\/wp-content\/uploads\/gaterins.jpg","datePublished":"2016-03-17T13:06:26+00:00","dateModified":"2016-03-21T08:35:39+00:00","breadcrumb":{"@id":"https:\/\/hotelsolidairemangily.com\/disfrute-descubriendo-las-riquezas-acuaticas-de-la-reserva-marina-de-ankaranjenita-antes-del-picnic-bajo-la-sombra-de-los-cocoteros-en-madiorano\/#breadcrumb"},"inLanguage":"fr-FR","potentialAction":[{"@type":"ReadAction","target":["https:\/\/hotelsolidairemangily.com\/disfrute-descubriendo-las-riquezas-acuaticas-de-la-reserva-marina-de-ankaranjenita-antes-del-picnic-bajo-la-sombra-de-los-cocoteros-en-madiorano\/"]}]},{"@type":"ImageObject","inLanguage":"fr-FR","@id":"https:\/\/hotelsolidairemangily.com\/disfrute-descubriendo-las-riquezas-acuaticas-de-la-reserva-marina-de-ankaranjenita-antes-del-picnic-bajo-la-sombra-de-los-cocoteros-en-madiorano\/#primaryimage","url":"https:\/\/hotelsolidairemangily.com\/wp-content\/uploads\/gaterins.jpg","contentUrl":"https:\/\/hotelsolidairemangily.com\/wp-content\/uploads\/gaterins.jpg"},{"@type":"BreadcrumbList","@id":"https:\/\/hotelsolidairemangily.com\/disfrute-descubriendo-las-riquezas-acuaticas-de-la-reserva-marina-de-ankaranjenita-antes-del-picnic-bajo-la-sombra-de-los-cocoteros-en-madiorano\/#breadcrumb","itemListElement":[{"@type":"ListItem","position":1,"name":"Accueil","item":"https:\/\/hotelsolidairemangily.com\/fr\/"},{"@type":"ListItem","position":2,"name":"La r\u00e9serve marine d\u2019 Ankaranjenita"}]},{"@type":"WebSite","@id":"https:\/\/hotelsolidairemangily.com\/#website","url":"https:\/\/hotelsolidairemangily.com\/","name":"H\u00f4tel Solidaire Mangily","description":"\u00a1Viaja de forma distinta!","potentialAction":[{"@type":"SearchAction","target":{"@type":"EntryPoint","urlTemplate":"https:\/\/hotelsolidairemangily.com\/?s={search_term_string}"},"query-input":{"@type":"PropertyValueSpecification","valueRequired":true,"valueName":"search_term_string"}}],"inLanguage":"fr-FR"}]}},"_links":{"self":[{"href":"https:\/\/hotelsolidairemangily.com\/fr\/wp-json\/wp\/v2\/pages\/1605","targetHints":{"allow":["GET"]}}],"collection":[{"href":"https:\/\/hotelsolidairemangily.com\/fr\/wp-json\/wp\/v2\/pages"}],"about":[{"href":"https:\/\/hotelsolidairemangily.com\/fr\/wp-json\/wp\/v2\/types\/page"}],"author":[{"embeddable":true,"href":"https:\/\/hotelsolidairemangily.com\/fr\/wp-json\/wp\/v2\/users\/3"}],"replies":[{"embeddable":true,"href":"https:\/\/hotelsolidairemangily.com\/fr\/wp-json\/wp\/v2\/comments?post=1605"}],"version-history":[{"count":5,"href":"https:\/\/hotelsolidairemangily.com\/fr\/wp-json\/wp\/v2\/pages\/1605\/revisions"}],"predecessor-version":[{"id":1804,"href":"https:\/\/hotelsolidairemangily.com\/fr\/wp-json\/wp\/v2\/pages\/1605\/revisions\/1804"}],"wp:attachment":[{"href":"https:\/\/hotelsolidairemangily.com\/fr\/wp-json\/wp\/v2\/media?parent=1605"}],"curies":[{"name":"wp","href":"https:\/\/api.w.org\/{rel}","templated":true}]}}