{"id":1655,"date":"2016-03-17T14:27:16","date_gmt":"2016-03-17T14:27:16","guid":{"rendered":"https:\/\/hotelsolidairemangily.com\/?page_id=1655"},"modified":"2016-03-21T11:41:05","modified_gmt":"2016-03-21T11:41:05","slug":"decouvrez-les-charmes-des-bancs-de-sable-autour-des-mangroves-de-tsongoritelo","status":"publish","type":"page","link":"https:\/\/hotelsolidairemangily.com\/fr\/decouvrir\/decouvrez-les-charmes-des-bancs-de-sable-autour-des-mangroves-de-tsongoritelo\/","title":{"rendered":"D\u00e9couvrez les charmes des bancs de sable autour des mangroves de Tsongoritelo"},"content":{"rendered":"<img loading=\"lazy\" decoding=\"async\" width=\"1000\" height=\"296\" class=\"alignnone size-full wp-image-1659\" src=\"https:\/\/hotelsolidairemangily.com\/wp-content\/uploads\/IMG_0820m-1.jpg\" alt=\"IMG_0820m\" srcset=\"https:\/\/hotelsolidairemangily.com\/wp-content\/uploads\/IMG_0820m-1.jpg 1000w, https:\/\/hotelsolidairemangily.com\/wp-content\/uploads\/IMG_0820m-1-300x89.jpg 300w, https:\/\/hotelsolidairemangily.com\/wp-content\/uploads\/IMG_0820m-1-768x227.jpg 768w\" sizes=\"auto, (max-width: 1000px) 100vw, 1000px\" \/>\n<p>&nbsp;<\/p>\n<p style=\"text-align: justify;\">L\u2019H\u00f4tel Solidaire Mangily vous recommande la balade en pirogue traditionnelle afin de d\u00e9couvrir\u00a0d\u2019une fa\u00e7on originale l\u2019impressionnant banc de sable, des dunes et des petites piscines naturelles\u00a0form\u00e9es entre des roches au sein de l\u2019aire prot\u00e9g\u00e9e de mangroves de l\u2019ONG Bel Avenir, au village\u00a0de p\u00eacheurs de Tsongoritelo.<\/p>\n<p>&nbsp;<\/p>\n<div style=\"background-color: #2cbfde;\">\n<p>\u00a0 \u00a0<img loading=\"lazy\" decoding=\"async\" class=\"alignnone wp-image-1662\" src=\"https:\/\/hotelsolidairemangily.com\/wp-content\/uploads\/IMG_0644.jpg\" alt=\"IMG_0644\" width=\"300\" height=\"200\" srcset=\"https:\/\/hotelsolidairemangily.com\/wp-content\/uploads\/IMG_0644.jpg 1000w, https:\/\/hotelsolidairemangily.com\/wp-content\/uploads\/IMG_0644-300x200.jpg 300w, https:\/\/hotelsolidairemangily.com\/wp-content\/uploads\/IMG_0644-768x512.jpg 768w, https:\/\/hotelsolidairemangily.com\/wp-content\/uploads\/IMG_0644-450x300.jpg 450w\" sizes=\"auto, (max-width: 300px) 100vw, 300px\" \/><a href=\"https:\/\/hotelsolidairemangily.com\/wp-content\/uploads\/foto12.jpg\" rel=\"attachment wp-att-1661\">\u00a0\u00a0<\/a><img loading=\"lazy\" decoding=\"async\" class=\"alignnone wp-image-1661\" src=\"https:\/\/hotelsolidairemangily.com\/wp-content\/uploads\/foto12.jpg\" alt=\"foto12\" width=\"300\" height=\"193\" srcset=\"https:\/\/hotelsolidairemangily.com\/wp-content\/uploads\/foto12.jpg 616w, https:\/\/hotelsolidairemangily.com\/wp-content\/uploads\/foto12-300x193.jpg 300w\" sizes=\"auto, (max-width: 300px) 100vw, 300px\" \/>\u00a0 \u00a0<img loading=\"lazy\" decoding=\"async\" class=\"alignnone wp-image-1663\" src=\"https:\/\/hotelsolidairemangily.com\/wp-content\/uploads\/IMG_0667.jpg\" alt=\"IMG_0667\" width=\"300\" height=\"200\" srcset=\"https:\/\/hotelsolidairemangily.com\/wp-content\/uploads\/IMG_0667.jpg 1000w, https:\/\/hotelsolidairemangily.com\/wp-content\/uploads\/IMG_0667-300x200.jpg 300w, https:\/\/hotelsolidairemangily.com\/wp-content\/uploads\/IMG_0667-768x512.jpg 768w, https:\/\/hotelsolidairemangily.com\/wp-content\/uploads\/IMG_0667-450x300.jpg 450w\" sizes=\"auto, (max-width: 300px) 100vw, 300px\" \/><\/p>\n<\/div>\n<h3 style=\"text-align: center;\"><span style=\"color: #2cbfde;\">Exposition photos pour d\u00e9couvrir l\u2019importance de la conservation de la mangrove<\/span><\/h3>\n<p>&nbsp;<\/p>\n<p style=\"text-align: justify;\">La journ\u00e9e commence par un d\u00e9placement en pirogue ou en 4&#215;4 de Mangily jusqu\u2019\u00e0 l&rsquo;espace d\u2019accueil\u00a0du projet de reboisement de la mangrove de l\u2019ONG Bel Avenir, o\u00f9, \u00e0 travers une exposition de photos,\u00a0les visiteurs peuvent d\u00e9couvrir la richesse des \u00e9cosyst\u00e8mes des mangroves et l\u2019importance de leur\u00a0pr\u00e9servation.<\/p>\n<img loading=\"lazy\" decoding=\"async\" class=\"alignnone wp-image-1669\" src=\"https:\/\/hotelsolidairemangily.com\/wp-content\/uploads\/IMG_0877.jpg\" alt=\"IMG_0877\" width=\"450\" height=\"300\" srcset=\"https:\/\/hotelsolidairemangily.com\/wp-content\/uploads\/IMG_0877.jpg 1000w, https:\/\/hotelsolidairemangily.com\/wp-content\/uploads\/IMG_0877-300x200.jpg 300w, https:\/\/hotelsolidairemangily.com\/wp-content\/uploads\/IMG_0877-768x512.jpg 768w, https:\/\/hotelsolidairemangily.com\/wp-content\/uploads\/IMG_0877-450x300.jpg 450w\" sizes=\"auto, (max-width: 450px) 100vw, 450px\" \/>\u00a0 \u00a0 \u00a0 \u00a0 \u00a0\u00a0<img loading=\"lazy\" decoding=\"async\" class=\"alignnone wp-image-1670\" src=\"https:\/\/hotelsolidairemangily.com\/wp-content\/uploads\/IMG_0896.jpg\" alt=\"IMG_0896\" width=\"450\" height=\"300\" srcset=\"https:\/\/hotelsolidairemangily.com\/wp-content\/uploads\/IMG_0896.jpg 1000w, https:\/\/hotelsolidairemangily.com\/wp-content\/uploads\/IMG_0896-300x200.jpg 300w, https:\/\/hotelsolidairemangily.com\/wp-content\/uploads\/IMG_0896-768x512.jpg 768w, https:\/\/hotelsolidairemangily.com\/wp-content\/uploads\/IMG_0896-450x300.jpg 450w\" sizes=\"auto, (max-width: 450px) 100vw, 450px\" \/>\n<h3 style=\"text-align: center;\"><span style=\"color: #2cbfde;\">D\u00e9couverte sur le parcours des mangroves<\/span><\/h3>\n<div id='' class='row'><div id='' class='col-xs-12'><\/p>\n<p><\/div><br \/>\n<div id='' class='col-md-6'><\/p>\n<img loading=\"lazy\" decoding=\"async\" class=\"alignnone wp-image-1675\" src=\"https:\/\/hotelsolidairemangily.com\/wp-content\/uploads\/IMG_0825.jpg\" alt=\"IMG_0825\" width=\"500\" height=\"334\" srcset=\"https:\/\/hotelsolidairemangily.com\/wp-content\/uploads\/IMG_0825.jpg 1000w, https:\/\/hotelsolidairemangily.com\/wp-content\/uploads\/IMG_0825-300x200.jpg 300w, https:\/\/hotelsolidairemangily.com\/wp-content\/uploads\/IMG_0825-768x512.jpg 768w, https:\/\/hotelsolidairemangily.com\/wp-content\/uploads\/IMG_0825-450x300.jpg 450w\" sizes=\"auto, (max-width: 500px) 100vw, 500px\" \/>\n<p><\/div><div id='' class='col-md-6'><\/p>\n<p>&nbsp;<\/p>\n<p style=\"text-align: justify;\">Ensuite, les visiteurs traversent des aires de mangroves\u00a0sur une passerelle en d\u00e9couvrant principalement deux\u00a0esp\u00e8ces de pal\u00e9tuviers : Avicennia Marina, dit \u00ab Afiafy \u00bb et\u00a0Sonneratia dit \u00ab Songery \u00bb (d&rsquo;o\u00f9 le nom du village Tsongoritelo).<\/p>\n<p style=\"text-align: justify;\">Pendant la saison de replantation (juin-juillet), les visiteurs\u00a0peuvent collaborer au projet en repiquant les jeunes<\/p>\n<p><\/div><\/div>\n<div id='' class='row'><div id='' class='col-xs-12'><\/p>\n<p><\/div><br \/>\n<div id='' class='col-md-6'><\/p>\n<img loading=\"lazy\" decoding=\"async\" class=\"alignnone wp-image-1677\" src=\"https:\/\/hotelsolidairemangily.com\/wp-content\/uploads\/DSC00620-1.jpg\" alt=\"DSC00620\" width=\"500\" height=\"375\" srcset=\"https:\/\/hotelsolidairemangily.com\/wp-content\/uploads\/DSC00620-1.jpg 1000w, https:\/\/hotelsolidairemangily.com\/wp-content\/uploads\/DSC00620-1-300x225.jpg 300w, https:\/\/hotelsolidairemangily.com\/wp-content\/uploads\/DSC00620-1-768x576.jpg 768w\" sizes=\"auto, (max-width: 500px) 100vw, 500px\" \/>\n<p><\/div><div id='' class='col-md-6'><\/p>\n<h3 style=\"text-align: center; background-color: #64b65b;\"><span style=\"color: #64b65b;\">&#8230;..<\/span><br \/>\n<span style=\"color: #ffffff;\">\u00a0 \u00a0La proc\u00e9dure de plantation\u00a0de mangroves<\/span><br \/>\n<span style=\"color: #64b65b;\">&#8230;..<\/span><\/h3>\n<h3 style=\"text-align: center;\"><span style=\"color: #2cbfde;\">Nous r\u00e9coltons les graines qui tombent des arbres en f\u00e9vrier.<\/span><\/h3>\n<p style=\"text-align: justify;\">Ensuite, les graines sont sem\u00e9es dans des p\u00e9pini\u00e8res et arros\u00e9es tous les jours, avant d\u2019\u00eatre replant\u00e9es au site de reboisement de la mangrove au mois de juillet o\u00f9 la Journ\u00e9e Mondiale des Mangroves est c\u00e9l\u00e9br\u00e9e (26 juillet).<\/p>\n<p><\/div><\/div>\n<img loading=\"lazy\" decoding=\"async\" class=\"alignnone wp-image-1691\" src=\"https:\/\/hotelsolidairemangily.com\/wp-content\/uploads\/IMG_9732-copy.jpg\" alt=\"IMG_9732 copy\" width=\"450\" height=\"300\" srcset=\"https:\/\/hotelsolidairemangily.com\/wp-content\/uploads\/IMG_9732-copy.jpg 1000w, https:\/\/hotelsolidairemangily.com\/wp-content\/uploads\/IMG_9732-copy-300x200.jpg 300w, https:\/\/hotelsolidairemangily.com\/wp-content\/uploads\/IMG_9732-copy-768x512.jpg 768w, https:\/\/hotelsolidairemangily.com\/wp-content\/uploads\/IMG_9732-copy-450x300.jpg 450w\" sizes=\"auto, (max-width: 450px) 100vw, 450px\" \/>\u00a0 \u00a0 \u00a0 \u00a0 \u00a0<img loading=\"lazy\" decoding=\"async\" class=\"alignnone wp-image-1690\" src=\"https:\/\/hotelsolidairemangily.com\/wp-content\/uploads\/IMG_9732.jpg\" alt=\"IMG_9732\" width=\"450\" height=\"300\" srcset=\"https:\/\/hotelsolidairemangily.com\/wp-content\/uploads\/IMG_9732.jpg 1000w, https:\/\/hotelsolidairemangily.com\/wp-content\/uploads\/IMG_9732-300x200.jpg 300w, https:\/\/hotelsolidairemangily.com\/wp-content\/uploads\/IMG_9732-768x512.jpg 768w, https:\/\/hotelsolidairemangily.com\/wp-content\/uploads\/IMG_9732-450x300.jpg 450w\" sizes=\"auto, (max-width: 450px) 100vw, 450px\" \/>\n<h3 style=\"text-align: center;\"><span style=\"color: #00ccff;\">Belle balade jusqu\u2019aux petites piscines naturelles<\/span><\/h3>\n<p>Si la mare\u0301e basse le permet, il est possible de se rendre a\u0300 pied vers le banc de sable en face des mangroves, ou bien d\u2019y acce\u0301der par pirogue traditionnelle. Une petite promenade sur les dunes de sable permet d\u2019acce\u0301der a\u0300 une plage d\u2019eau cristalline compose\u0301e de petites piscines naturelles forme\u0301es entre les rochers.<\/p>\n<a href=\"https:\/\/hotelsolidairemangily.com\/wp-content\/uploads\/IMG_0787.jpg\" rel=\"attachment wp-att-1811\"><img loading=\"lazy\" decoding=\"async\" class=\"alignnone wp-image-1811\" src=\"https:\/\/hotelsolidairemangily.com\/wp-content\/uploads\/IMG_0787.jpg\" alt=\"IMG_0787\" width=\"450\" height=\"300\" srcset=\"https:\/\/hotelsolidairemangily.com\/wp-content\/uploads\/IMG_0787.jpg 1000w, https:\/\/hotelsolidairemangily.com\/wp-content\/uploads\/IMG_0787-300x200.jpg 300w, https:\/\/hotelsolidairemangily.com\/wp-content\/uploads\/IMG_0787-768x512.jpg 768w, https:\/\/hotelsolidairemangily.com\/wp-content\/uploads\/IMG_0787-450x300.jpg 450w\" sizes=\"auto, (max-width: 450px) 100vw, 450px\" \/><\/a>\u00a0 \u00a0 \u00a0 \u00a0 \u00a0<a href=\"https:\/\/hotelsolidairemangily.com\/wp-content\/uploads\/IMG_0716.jpg\" rel=\"attachment wp-att-1810\"><img loading=\"lazy\" decoding=\"async\" class=\"alignnone wp-image-1810\" src=\"https:\/\/hotelsolidairemangily.com\/wp-content\/uploads\/IMG_0716.jpg\" alt=\"IMG_0716\" width=\"450\" height=\"300\" srcset=\"https:\/\/hotelsolidairemangily.com\/wp-content\/uploads\/IMG_0716.jpg 1000w, https:\/\/hotelsolidairemangily.com\/wp-content\/uploads\/IMG_0716-300x200.jpg 300w, https:\/\/hotelsolidairemangily.com\/wp-content\/uploads\/IMG_0716-768x512.jpg 768w, https:\/\/hotelsolidairemangily.com\/wp-content\/uploads\/IMG_0716-450x300.jpg 450w\" sizes=\"auto, (max-width: 450px) 100vw, 450px\" \/><\/a>\n<p>&nbsp;<\/p>\n<div style=\"background-color: #2cbfde;\">\u00a0 <span style=\"color: #ffffff;\">Prix: 45 000 Ar<\/span><\/div>\n","protected":false},"excerpt":{"rendered":"<p>&nbsp; L\u2019H\u00f4tel Solidaire Mangily vous recommande la balade en pirogue traditionnelle afin de d\u00e9couvrir\u00a0d\u2019une fa\u00e7on originale l\u2019impressionnant banc de sable, des dunes et des petites piscines naturelles\u00a0form\u00e9es entre des roches au sein de l\u2019aire prot\u00e9g\u00e9e de mangroves de l\u2019ONG Bel Avenir, au village\u00a0de p\u00eacheurs de Tsongoritelo. &nbsp; \u00a0 \u00a0\u00a0\u00a0\u00a0 \u00a0 Exposition photos pour d\u00e9couvrir l\u2019importance&#8230;  <a href=\"https:\/\/hotelsolidairemangily.com\/fr\/decouvrir\/decouvrez-les-charmes-des-bancs-de-sable-autour-des-mangroves-de-tsongoritelo\/\" class=\"more-link\" title=\"Read D\u00e9couvrez les charmes des bancs de sable autour des mangroves de Tsongoritelo\">Read more &raquo;<\/a><\/p>\n","protected":false},"author":3,"featured_media":0,"parent":32,"menu_order":0,"comment_status":"closed","ping_status":"closed","template":"","meta":{"_acf_changed":false,"footnotes":""},"class_list":["post-1655","page","type-page","status-publish","hentry"],"acf":[],"yoast_head":"<!-- This site is optimized with the Yoast SEO plugin v27.5 - https:\/\/yoast.com\/product\/yoast-seo-wordpress\/ -->\n<title>D\u00e9couvrez les charmes des bancs de sable autour des mangroves de Tsongoritelo - H\u00f4tel Solidaire Mangily<\/title>\n<meta name=\"robots\" content=\"index, follow, max-snippet:-1, max-image-preview:large, max-video-preview:-1\" \/>\n<link rel=\"canonical\" href=\"https:\/\/hotelsolidairemangily.com\/descubrir\/descubre-los-encantos-de-los-bancos-de-arena-alrededor-de-los-manglares-de-tsongoritelo\/\" \/>\n<meta property=\"og:locale\" content=\"fr_FR\" \/>\n<meta property=\"og:type\" content=\"article\" \/>\n<meta property=\"og:title\" content=\"D\u00e9couvrez les charmes des bancs de sable autour des mangroves de Tsongoritelo - H\u00f4tel Solidaire Mangily\" \/>\n<meta property=\"og:description\" content=\"&nbsp; L\u2019H\u00f4tel Solidaire Mangily vous recommande la balade en pirogue traditionnelle afin de d\u00e9couvrir\u00a0d\u2019une fa\u00e7on originale l\u2019impressionnant banc de sable, des dunes et des petites piscines naturelles\u00a0form\u00e9es entre des roches au sein de l\u2019aire prot\u00e9g\u00e9e de mangroves de l\u2019ONG Bel Avenir, au village\u00a0de p\u00eacheurs de Tsongoritelo. &nbsp; \u00a0 \u00a0\u00a0\u00a0\u00a0 \u00a0 Exposition photos pour d\u00e9couvrir l\u2019importance... Read more &raquo;\" \/>\n<meta property=\"og:url\" content=\"https:\/\/hotelsolidairemangily.com\/descubrir\/descubre-los-encantos-de-los-bancos-de-arena-alrededor-de-los-manglares-de-tsongoritelo\/\" \/>\n<meta property=\"og:site_name\" content=\"H\u00f4tel Solidaire Mangily\" \/>\n<meta property=\"article:modified_time\" content=\"2016-03-21T11:41:05+00:00\" \/>\n<meta property=\"og:image\" content=\"https:\/\/hotelsolidairemangily.com\/wp-content\/uploads\/IMG_0820m-1.jpg\" \/>\n\t<meta property=\"og:image:width\" content=\"1000\" \/>\n\t<meta property=\"og:image:height\" content=\"296\" \/>\n\t<meta property=\"og:image:type\" content=\"image\/jpeg\" \/>\n<meta name=\"twitter:card\" content=\"summary_large_image\" \/>\n<meta name=\"twitter:label1\" content=\"Dur\u00e9e de lecture estim\u00e9e\" \/>\n\t<meta name=\"twitter:data1\" content=\"2 minutes\" \/>\n<script type=\"application\/ld+json\" class=\"yoast-schema-graph\">{\"@context\":\"https:\\\/\\\/schema.org\",\"@graph\":[{\"@type\":\"WebPage\",\"@id\":\"https:\\\/\\\/hotelsolidairemangily.com\\\/descubrir\\\/descubre-los-encantos-de-los-bancos-de-arena-alrededor-de-los-manglares-de-tsongoritelo\\\/\",\"url\":\"https:\\\/\\\/hotelsolidairemangily.com\\\/descubrir\\\/descubre-los-encantos-de-los-bancos-de-arena-alrededor-de-los-manglares-de-tsongoritelo\\\/\",\"name\":\"D\u00e9couvrez les charmes des bancs de sable autour des mangroves de Tsongoritelo - H\u00f4tel Solidaire Mangily\",\"isPartOf\":{\"@id\":\"https:\\\/\\\/hotelsolidairemangily.com\\\/#website\"},\"primaryImageOfPage\":{\"@id\":\"https:\\\/\\\/hotelsolidairemangily.com\\\/descubrir\\\/descubre-los-encantos-de-los-bancos-de-arena-alrededor-de-los-manglares-de-tsongoritelo\\\/#primaryimage\"},\"image\":{\"@id\":\"https:\\\/\\\/hotelsolidairemangily.com\\\/descubrir\\\/descubre-los-encantos-de-los-bancos-de-arena-alrededor-de-los-manglares-de-tsongoritelo\\\/#primaryimage\"},\"thumbnailUrl\":\"https:\\\/\\\/hotelsolidairemangily.com\\\/wp-content\\\/uploads\\\/IMG_0820m-1.jpg\",\"datePublished\":\"2016-03-17T14:27:16+00:00\",\"dateModified\":\"2016-03-21T11:41:05+00:00\",\"breadcrumb\":{\"@id\":\"https:\\\/\\\/hotelsolidairemangily.com\\\/descubrir\\\/descubre-los-encantos-de-los-bancos-de-arena-alrededor-de-los-manglares-de-tsongoritelo\\\/#breadcrumb\"},\"inLanguage\":\"fr-FR\",\"potentialAction\":[{\"@type\":\"ReadAction\",\"target\":[\"https:\\\/\\\/hotelsolidairemangily.com\\\/descubrir\\\/descubre-los-encantos-de-los-bancos-de-arena-alrededor-de-los-manglares-de-tsongoritelo\\\/\"]}]},{\"@type\":\"ImageObject\",\"inLanguage\":\"fr-FR\",\"@id\":\"https:\\\/\\\/hotelsolidairemangily.com\\\/descubrir\\\/descubre-los-encantos-de-los-bancos-de-arena-alrededor-de-los-manglares-de-tsongoritelo\\\/#primaryimage\",\"url\":\"https:\\\/\\\/hotelsolidairemangily.com\\\/wp-content\\\/uploads\\\/IMG_0820m-1.jpg\",\"contentUrl\":\"https:\\\/\\\/hotelsolidairemangily.com\\\/wp-content\\\/uploads\\\/IMG_0820m-1.jpg\"},{\"@type\":\"BreadcrumbList\",\"@id\":\"https:\\\/\\\/hotelsolidairemangily.com\\\/descubrir\\\/descubre-los-encantos-de-los-bancos-de-arena-alrededor-de-los-manglares-de-tsongoritelo\\\/#breadcrumb\",\"itemListElement\":[{\"@type\":\"ListItem\",\"position\":1,\"name\":\"Accueil\",\"item\":\"https:\\\/\\\/hotelsolidairemangily.com\\\/fr\\\/\"},{\"@type\":\"ListItem\",\"position\":2,\"name\":\"D\u00e9couvrir\",\"item\":\"https:\\\/\\\/hotelsolidairemangily.com\\\/descubrir\\\/\"},{\"@type\":\"ListItem\",\"position\":3,\"name\":\"D\u00e9couvrez les charmes des bancs de sable autour des mangroves de Tsongoritelo\"}]},{\"@type\":\"WebSite\",\"@id\":\"https:\\\/\\\/hotelsolidairemangily.com\\\/#website\",\"url\":\"https:\\\/\\\/hotelsolidairemangily.com\\\/\",\"name\":\"H\u00f4tel Solidaire Mangily\",\"description\":\"\u00a1Viaja de forma distinta!\",\"potentialAction\":[{\"@type\":\"SearchAction\",\"target\":{\"@type\":\"EntryPoint\",\"urlTemplate\":\"https:\\\/\\\/hotelsolidairemangily.com\\\/?s={search_term_string}\"},\"query-input\":{\"@type\":\"PropertyValueSpecification\",\"valueRequired\":true,\"valueName\":\"search_term_string\"}}],\"inLanguage\":\"fr-FR\"}]}<\/script>\n<!-- \/ Yoast SEO plugin. -->","yoast_head_json":{"title":"D\u00e9couvrez les charmes des bancs de sable autour des mangroves de Tsongoritelo - H\u00f4tel Solidaire Mangily","robots":{"index":"index","follow":"follow","max-snippet":"max-snippet:-1","max-image-preview":"max-image-preview:large","max-video-preview":"max-video-preview:-1"},"canonical":"https:\/\/hotelsolidairemangily.com\/descubrir\/descubre-los-encantos-de-los-bancos-de-arena-alrededor-de-los-manglares-de-tsongoritelo\/","og_locale":"fr_FR","og_type":"article","og_title":"D\u00e9couvrez les charmes des bancs de sable autour des mangroves de Tsongoritelo - H\u00f4tel Solidaire Mangily","og_description":"&nbsp; L\u2019H\u00f4tel Solidaire Mangily vous recommande la balade en pirogue traditionnelle afin de d\u00e9couvrir\u00a0d\u2019une fa\u00e7on originale l\u2019impressionnant banc de sable, des dunes et des petites piscines naturelles\u00a0form\u00e9es entre des roches au sein de l\u2019aire prot\u00e9g\u00e9e de mangroves de l\u2019ONG Bel Avenir, au village\u00a0de p\u00eacheurs de Tsongoritelo. &nbsp; \u00a0 \u00a0\u00a0\u00a0\u00a0 \u00a0 Exposition photos pour d\u00e9couvrir l\u2019importance... Read more &raquo;","og_url":"https:\/\/hotelsolidairemangily.com\/descubrir\/descubre-los-encantos-de-los-bancos-de-arena-alrededor-de-los-manglares-de-tsongoritelo\/","og_site_name":"H\u00f4tel Solidaire Mangily","article_modified_time":"2016-03-21T11:41:05+00:00","og_image":[{"width":1000,"height":296,"url":"https:\/\/hotelsolidairemangily.com\/wp-content\/uploads\/IMG_0820m-1.jpg","type":"image\/jpeg"}],"twitter_card":"summary_large_image","twitter_misc":{"Dur\u00e9e de lecture estim\u00e9e":"2 minutes"},"schema":{"@context":"https:\/\/schema.org","@graph":[{"@type":"WebPage","@id":"https:\/\/hotelsolidairemangily.com\/descubrir\/descubre-los-encantos-de-los-bancos-de-arena-alrededor-de-los-manglares-de-tsongoritelo\/","url":"https:\/\/hotelsolidairemangily.com\/descubrir\/descubre-los-encantos-de-los-bancos-de-arena-alrededor-de-los-manglares-de-tsongoritelo\/","name":"D\u00e9couvrez les charmes des bancs de sable autour des mangroves de Tsongoritelo - H\u00f4tel Solidaire Mangily","isPartOf":{"@id":"https:\/\/hotelsolidairemangily.com\/#website"},"primaryImageOfPage":{"@id":"https:\/\/hotelsolidairemangily.com\/descubrir\/descubre-los-encantos-de-los-bancos-de-arena-alrededor-de-los-manglares-de-tsongoritelo\/#primaryimage"},"image":{"@id":"https:\/\/hotelsolidairemangily.com\/descubrir\/descubre-los-encantos-de-los-bancos-de-arena-alrededor-de-los-manglares-de-tsongoritelo\/#primaryimage"},"thumbnailUrl":"https:\/\/hotelsolidairemangily.com\/wp-content\/uploads\/IMG_0820m-1.jpg","datePublished":"2016-03-17T14:27:16+00:00","dateModified":"2016-03-21T11:41:05+00:00","breadcrumb":{"@id":"https:\/\/hotelsolidairemangily.com\/descubrir\/descubre-los-encantos-de-los-bancos-de-arena-alrededor-de-los-manglares-de-tsongoritelo\/#breadcrumb"},"inLanguage":"fr-FR","potentialAction":[{"@type":"ReadAction","target":["https:\/\/hotelsolidairemangily.com\/descubrir\/descubre-los-encantos-de-los-bancos-de-arena-alrededor-de-los-manglares-de-tsongoritelo\/"]}]},{"@type":"ImageObject","inLanguage":"fr-FR","@id":"https:\/\/hotelsolidairemangily.com\/descubrir\/descubre-los-encantos-de-los-bancos-de-arena-alrededor-de-los-manglares-de-tsongoritelo\/#primaryimage","url":"https:\/\/hotelsolidairemangily.com\/wp-content\/uploads\/IMG_0820m-1.jpg","contentUrl":"https:\/\/hotelsolidairemangily.com\/wp-content\/uploads\/IMG_0820m-1.jpg"},{"@type":"BreadcrumbList","@id":"https:\/\/hotelsolidairemangily.com\/descubrir\/descubre-los-encantos-de-los-bancos-de-arena-alrededor-de-los-manglares-de-tsongoritelo\/#breadcrumb","itemListElement":[{"@type":"ListItem","position":1,"name":"Accueil","item":"https:\/\/hotelsolidairemangily.com\/fr\/"},{"@type":"ListItem","position":2,"name":"D\u00e9couvrir","item":"https:\/\/hotelsolidairemangily.com\/descubrir\/"},{"@type":"ListItem","position":3,"name":"D\u00e9couvrez les charmes des bancs de sable autour des mangroves de Tsongoritelo"}]},{"@type":"WebSite","@id":"https:\/\/hotelsolidairemangily.com\/#website","url":"https:\/\/hotelsolidairemangily.com\/","name":"H\u00f4tel Solidaire Mangily","description":"\u00a1Viaja de forma distinta!","potentialAction":[{"@type":"SearchAction","target":{"@type":"EntryPoint","urlTemplate":"https:\/\/hotelsolidairemangily.com\/?s={search_term_string}"},"query-input":{"@type":"PropertyValueSpecification","valueRequired":true,"valueName":"search_term_string"}}],"inLanguage":"fr-FR"}]}},"_links":{"self":[{"href":"https:\/\/hotelsolidairemangily.com\/fr\/wp-json\/wp\/v2\/pages\/1655","targetHints":{"allow":["GET"]}}],"collection":[{"href":"https:\/\/hotelsolidairemangily.com\/fr\/wp-json\/wp\/v2\/pages"}],"about":[{"href":"https:\/\/hotelsolidairemangily.com\/fr\/wp-json\/wp\/v2\/types\/page"}],"author":[{"embeddable":true,"href":"https:\/\/hotelsolidairemangily.com\/fr\/wp-json\/wp\/v2\/users\/3"}],"replies":[{"embeddable":true,"href":"https:\/\/hotelsolidairemangily.com\/fr\/wp-json\/wp\/v2\/comments?post=1655"}],"version-history":[{"count":5,"href":"https:\/\/hotelsolidairemangily.com\/fr\/wp-json\/wp\/v2\/pages\/1655\/revisions"}],"predecessor-version":[{"id":1809,"href":"https:\/\/hotelsolidairemangily.com\/fr\/wp-json\/wp\/v2\/pages\/1655\/revisions\/1809"}],"up":[{"embeddable":true,"href":"https:\/\/hotelsolidairemangily.com\/fr\/wp-json\/wp\/v2\/pages\/32"}],"wp:attachment":[{"href":"https:\/\/hotelsolidairemangily.com\/fr\/wp-json\/wp\/v2\/media?parent=1655"}],"curies":[{"name":"wp","href":"https:\/\/api.w.org\/{rel}","templated":true}]}}