{"id":17,"date":"2015-08-10T14:33:02","date_gmt":"2015-08-10T14:33:02","guid":{"rendered":"http:\/\/www.hotelsolidaire.org\/?page_id=17"},"modified":"2025-10-28T15:24:51","modified_gmt":"2025-10-28T14:24:51","slug":"nos-tarifs","status":"publish","type":"page","link":"https:\/\/hotelsolidairemangily.com\/fr\/nos-tarifs\/","title":{"rendered":"Nos tarifs"},"content":{"rendered":"<h2><strong><span style=\"color: #648b1a;\">H\u00c9BERGEMENT<\/span><\/strong><\/h2>\n<h6><span style=\"color: #0000ff;\">** Vous pouvez payer en Euro suivant le cours du jour **<\/span><\/h6>\n<h4><strong><span style=\"color: #648b1a;\">Tarif de base<\/span><\/strong><strong><span style=\"color: #648b1a;\">\u00a0<\/span><\/strong><\/h4>\n<h5><span style=\"color: #648b1a;\">(Petit-d\u00e9jeuner non inclus)<\/span><\/h5>\n<table style=\"height: 69px; width: 75.4762%; border-collapse: collapse;\" border=\"0\">\n<tbody>\n<tr style=\"height: 23px;\">\n<td style=\"width: 29.4953%; height: 23px;\">Bungalow twin<\/td>\n<td style=\"width: 45.9809%; height: 23px;\">165 000 Ar \/ jour<\/td>\n<\/tr>\n<tr style=\"height: 23px;\">\n<td style=\"width: 29.4953%; height: 23px;\">Bungalow double<\/td>\n<td style=\"width: 45.9809%; height: 23px;\">165 000 Ar \/ jour<\/td>\n<\/tr>\n<tr style=\"height: 23px;\">\n<td style=\"width: 29.4953%; height: 23px;\">Bungalow familial<\/td>\n<td style=\"width: 45.9809%; height: 23px;\">275 000 Ar \/ jour<\/td>\n<\/tr>\n<\/tbody>\n<\/table>\n<hr \/>\n<table style=\"height: 46px; width: 76.0714%; border-collapse: collapse;\" border=\"0\">\n<tbody>\n<tr style=\"height: 23px;\">\n<td style=\"width: 38.2796%; height: 23px;\">Demi-pension (matin &#8211; midi)<\/td>\n<td style=\"width: 37.7918%; height: 23px;\">70 000 Ar \/ jour \/ personne<\/td>\n<\/tr>\n<tr style=\"height: 23px;\">\n<td style=\"width: 38.2796%; height: 23px;\">Pension compl\u00e8te (matin &#8211; midi &#8211; soir)<\/td>\n<td style=\"width: 37.7918%; height: 23px;\">110 000 Ar \/ jour \/ personne<\/td>\n<\/tr>\n<\/tbody>\n<\/table>\n<hr \/>\n<h4><span style=\"color: #648b1a;\">10% de remise pour les agences de voyages, les tour-op\u00e9rateurs et les r\u00e9sidents sur nos prix d\u2019h\u00e9bergement<\/span><\/h4>\n<div style=\"padding: 5px; background-color: #f0f4e8; border: 2px solid #9fad7f; -moz-border-radius: 9px; -khtml-border-radius: 9px; -webkit-border-radius: 9px; border-radius: 9px;\">\n<div style=\"font-size: 3em; float: left; width: 20px; text-align: center; margin-right: 5px; height: 10px; padding: 3px;\"><\/div>\n<p><span style=\"color: #26350a;\">Nos prix incluent : Cocktail de bienvenue \u00e0 l\u2019arriv\u00e9e, piscine, wi-fi, service des porteurs de bagages, visite solidaire des projets de Bel Avenir sur place, coffre-fort individuel, \u00e9lectricit\u00e9 et eau chaude 24h\/24, parking priv\u00e9 et h\u00e9bergement \u00e0 l&rsquo;annexe de l&rsquo;h\u00f4tel et repas sp\u00e9ciaux offerts pour les guides et les chauffeurs.<\/span><\/p>\n<\/div>\n<h3><\/h3>\n<h3><strong><span style=\"color: #648b1a;\">NOS ACTIVITES<\/span><\/strong><\/h3>\n<ul>\n<li>\n<h4><strong><span style=\"color: #648b1a;\">Au c\u0153ur\u00a0de la mer :\u00a0<\/span><\/strong><\/h4>\n<\/li>\n<\/ul>\n<table style=\"width: 100%; border-collapse: collapse;\" border=\"0\">\n<tbody>\n<tr>\n<td style=\"width: 50%;\">Balade\u00a0 en pirogue \u00e0 voile<\/td>\n<td style=\"width: 50%;\">20\u202f000 Ar<\/td>\n<\/tr>\n<tr>\n<td style=\"width: 50%;\">Visite de la barri\u00e8re de corail + snorkelling<\/td>\n<td style=\"width: 50%;\">90\u202f000 Ar<\/td>\n<\/tr>\n<tr>\n<td style=\"width: 50%;\">Visite de mangroves de Tsingoretelo + Balade au banc de sable<\/td>\n<td style=\"width: 50%;\">90\u202f000 Ar<\/td>\n<\/tr>\n<tr>\n<td style=\"width: 50%;\">Snorkelling + piquenique<\/td>\n<td style=\"width: 50%;\">140\u202f000 Ar<\/td>\n<\/tr>\n<tr>\n<td style=\"width: 50%;\">Sortie baleine<\/td>\n<td style=\"width: 50%;\">200\u202f000 Ar<\/td>\n<\/tr>\n<\/tbody>\n<\/table>\n<ul>\n<li>\n<h4><span style=\"color: #648b1a;\"><strong>Au c\u0153ur de la for\u00eat :<\/strong><\/span><\/h4>\n<\/li>\n<\/ul>\n<table class=\" alignleft\" style=\"width: 78.3888%; border-collapse: collapse;\">\n<tbody>\n<tr style=\"height: 23px;\">\n<td style=\"width: 60.0957%; height: 23px;\">D\u00e9couverte faune et flore (for\u00eat de baobab, for\u00eat sauvage)<\/td>\n<td style=\"width: 18.2931%; height: 23px;\">50 000 Ar\/pers<\/td>\n<\/tr>\n<tr style=\"height: 23px;\">\n<td style=\"width: 60.0957%; height: 23px;\">Visite du village des tortues (en charrette)<\/td>\n<td style=\"width: 18.2931%; height: 23px;\">20 000 Ar\/pers<\/td>\n<\/tr>\n<tr style=\"height: 23px;\">\n<td style=\"width: 60.0957%; height: 23px;\">Visite du village des tortues (\u00e0 pied)<\/td>\n<td style=\"width: 18.2931%; height: 23px;\">15 000 Ar\/pers<\/td>\n<\/tr>\n<\/tbody>\n<\/table>\n<h3><\/h3>\n<h3><\/h3>\n<h3><\/h3>\n<h3 style=\"text-align: left;\"><span style=\"color: #758f1a;\">AUTRES<\/span><\/h3>\n<table>\n<tbody>\n<tr style=\"height: 180px;\">\n<td style=\"height: 180px;\"><img loading=\"lazy\" decoding=\"async\" width=\"115\" height=\"175\" class=\"alignnone size-full wp-image-1447\" src=\"https:\/\/hotelsolidairemangily.com\/wp-content\/uploads\/bord.jpg\" alt=\"bord\" \/><\/td>\n<td style=\"height: 180px;\"><a href=\"https:\/\/hotelsolidairemangily.com\/fr\/lhotel-solidaire-mangily-vous-accueille-pour-des-evenements-de-groupes-solidaires\/\"><img loading=\"lazy\" decoding=\"async\" class=\"alignnone wp-image-1382\" src=\"https:\/\/hotelsolidairemangily.com\/wp-content\/uploads\/Events-01.png\" alt=\"Events-01\" width=\"250\" height=\"172\" srcset=\"https:\/\/hotelsolidairemangily.com\/wp-content\/uploads\/Events-01.png 521w, https:\/\/hotelsolidairemangily.com\/wp-content\/uploads\/Events-01-300x206.png 300w\" sizes=\"auto, (max-width: 250px) 100vw, 250px\" \/><\/a><\/td>\n<td style=\"height: 180px;\"><a href=\"https:\/\/hotelsolidairemangily.com\/fr\/activites-solidaire-avec-les-enfants-en-sejour-educatif-au-centre-deducation-environnementale\/\"><img loading=\"lazy\" decoding=\"async\" class=\"alignnone wp-image-1385\" src=\"https:\/\/hotelsolidairemangily.com\/wp-content\/uploads\/Sejours-01.png\" alt=\"Sejours-01\" width=\"250\" height=\"171\" srcset=\"https:\/\/hotelsolidairemangily.com\/wp-content\/uploads\/Sejours-01.png 521w, https:\/\/hotelsolidairemangily.com\/wp-content\/uploads\/Sejours-01-300x206.png 300w\" sizes=\"auto, (max-width: 250px) 100vw, 250px\" \/><\/a><\/td>\n<td style=\"height: 180px;\"><img loading=\"lazy\" decoding=\"async\" width=\"115\" height=\"175\" class=\"alignnone size-full wp-image-1447\" src=\"https:\/\/hotelsolidairemangily.com\/wp-content\/uploads\/bord.jpg\" alt=\"bord\" \/><\/td>\n<\/tr>\n<tr style=\"height: 23px;\">\n<td style=\"text-align: center; height: 23px;\"><\/td>\n<td style=\"text-align: center; height: 23px;\">\n<h5><span style=\"color: #333300;\"><a style=\"color: #333300;\" href=\"https:\/\/hotelsolidairemangily.com\/fr\/lhotel-solidaire-mangily-vous-accueille-pour-des-evenements-de-groupes-solidaires\/\">\u00c9v\u00e9nements<\/a><\/span><\/h5>\n<\/td>\n<td style=\"text-align: center; height: 23px;\">\n<h5 style=\"text-align: center;\"><span style=\"color: #26350a;\"><a style=\"color: #26350a;\" href=\"https:\/\/hotelsolidairemangily.com\/fr\/activites-solidaire-avec-les-enfants-en-sejour-educatif-au-centre-deducation-environnementale\/\">S\u00e9jour de tourisme solidaire<\/a><\/span><\/h5>\n<\/td>\n<td style=\"text-align: center; height: 23px;\"><\/td>\n<\/tr>\n<\/tbody>\n<\/table>\n<h3><\/h3>\n<table style=\"height: 203px;\">\n<tbody>\n<tr style=\"height: 180px;\">\n<td style=\"height: 180px;\"><img loading=\"lazy\" decoding=\"async\" width=\"115\" height=\"175\" class=\"alignnone size-full wp-image-1447\" src=\"https:\/\/hotelsolidairemangily.com\/wp-content\/uploads\/bord.jpg\" alt=\"bord\" \/><\/td>\n<td style=\"height: 180px;\"><a href=\"https:\/\/hotelsolidairemangily.com\/fr\/transfert\/\"><img loading=\"lazy\" decoding=\"async\" class=\"alignnone wp-image-1466\" src=\"https:\/\/hotelsolidairemangily.com\/wp-content\/uploads\/Transfert-01.png\" alt=\"Transfert-01\" width=\"250\" height=\"172\" srcset=\"https:\/\/hotelsolidairemangily.com\/wp-content\/uploads\/Transfert-01.png 521w, https:\/\/hotelsolidairemangily.com\/wp-content\/uploads\/Transfert-01-300x206.png 300w\" sizes=\"auto, (max-width: 250px) 100vw, 250px\" \/><\/a><\/td>\n<td style=\"height: 180px;\"><a href=\"https:\/\/hotelsolidairemangily.com\/fr\/excursion\/\"><img loading=\"lazy\" decoding=\"async\" class=\"alignnone wp-image-1396\" src=\"https:\/\/hotelsolidairemangily.com\/wp-content\/uploads\/Excurs-01.png\" alt=\"Excurs-01\" width=\"250\" height=\"172\" srcset=\"https:\/\/hotelsolidairemangily.com\/wp-content\/uploads\/Excurs-01.png 521w, https:\/\/hotelsolidairemangily.com\/wp-content\/uploads\/Excurs-01-300x206.png 300w\" sizes=\"auto, (max-width: 250px) 100vw, 250px\" \/><\/a><\/td>\n<td style=\"height: 180px;\"><img loading=\"lazy\" decoding=\"async\" width=\"115\" height=\"175\" class=\"alignnone size-full wp-image-1447\" src=\"https:\/\/hotelsolidairemangily.com\/wp-content\/uploads\/bord.jpg\" alt=\"bord\" \/><\/td>\n<\/tr>\n<tr style=\"height: 23px;\">\n<td style=\"text-align: center; height: 23px;\"><\/td>\n<td style=\"text-align: center; height: 23px;\">\n<h5><span style=\"color: #26350a;\"><a style=\"color: #26350a;\" href=\"https:\/\/hotelsolidairemangily.com\/fr\/transfert\/\">Transferts<\/a><\/span><\/h5>\n<\/td>\n<td style=\"text-align: center; height: 23px;\">\n<h5>\u00a0<a style=\"color: #26350a;\" href=\"https:\/\/hotelsolidairemangily.com\/fr\/excursion\/\">Excursion<\/a><span style=\"color: #26350a; font-size: 13px; font-weight: revert; font-family: inherit;\">s<\/span><\/h5>\n<\/td>\n<td style=\"text-align: center; height: 23px;\"><\/td>\n<\/tr>\n<\/tbody>\n<\/table>\n<h3><\/h3>\n<table style=\"width: 1114px;\">\n<tbody>\n<tr>\n<td style=\"width: 24px;\"><\/td>\n<td style=\"width: 399px;\"><a href=\"https:\/\/hotelsolidairemangily.com\/wp-content\/uploads\/TARIFS-2025-HOTEL-SOLIDAIRE-MANGILY.pdf\">T\u00e9l\u00e9charger<\/a><\/td>\n<td style=\"width: 206px;\"><\/td>\n<td style=\"width: 485px;\"><\/td>\n<\/tr>\n<tr>\n<td style=\"width: 24px;\"><span style=\"color: #ffffff;\">&#8230;..<\/span><\/td>\n<td style=\"width: 399px;\">\n<h1><span style=\"color: #99cc00;\"><strong>TARIFS 2025<\/strong><\/span><\/h1>\n<\/td>\n<td style=\"width: 206px;\"><span style=\"color: #ffffff;\">&#8230;..<\/span><\/td>\n<td style=\"width: 485px;\">\u00a0<span style=\"color: #ffffff;\">&#8230;..<\/span><\/td>\n<\/tr>\n<\/tbody>\n<\/table>\n<p><\/p>\n","protected":false},"excerpt":{"rendered":"<p>H\u00c9BERGEMENT ** Vous pouvez payer en Euro suivant le cours du jour ** Tarif de base\u00a0 (Petit-d\u00e9jeuner non inclus) Bungalow twin 165 000 Ar \/ jour Bungalow double 165 000 Ar \/ jour Bungalow familial 275 000 Ar \/ jour Demi-pension (matin &#8211; midi) 70 000 Ar \/ jour \/ personne Pension compl\u00e8te (matin &#8211;&#8230;  <a href=\"https:\/\/hotelsolidairemangily.com\/fr\/nos-tarifs\/\" class=\"more-link\" title=\"Read Nos tarifs\">Read more &raquo;<\/a><\/p>\n","protected":false},"author":3,"featured_media":0,"parent":0,"menu_order":0,"comment_status":"closed","ping_status":"closed","template":"","meta":{"_acf_changed":false,"footnotes":""},"class_list":["post-17","page","type-page","status-publish","hentry"],"acf":[],"yoast_head":"<!-- This site is optimized with the Yoast SEO plugin v27.5 - https:\/\/yoast.com\/product\/yoast-seo-wordpress\/ -->\n<title>Nos tarifs - H\u00f4tel Solidaire Mangily<\/title>\n<meta name=\"robots\" content=\"index, follow, max-snippet:-1, max-image-preview:large, max-video-preview:-1\" \/>\n<link rel=\"canonical\" href=\"https:\/\/hotelsolidairemangily.com\/fr\/nos-tarifs\/\" \/>\n<meta property=\"og:locale\" content=\"fr_FR\" \/>\n<meta property=\"og:type\" content=\"article\" \/>\n<meta property=\"og:title\" content=\"Nos tarifs - H\u00f4tel Solidaire Mangily\" \/>\n<meta property=\"og:description\" content=\"H\u00c9BERGEMENT ** Vous pouvez payer en Euro suivant le cours du jour ** Tarif de base\u00a0 (Petit-d\u00e9jeuner non inclus) Bungalow twin 165 000 Ar \/ jour Bungalow double 165 000 Ar \/ jour Bungalow familial 275 000 Ar \/ jour Demi-pension (matin &#8211; midi) 70 000 Ar \/ jour \/ personne Pension compl\u00e8te (matin &#8211;... Read more &raquo;\" \/>\n<meta property=\"og:url\" content=\"https:\/\/hotelsolidairemangily.com\/fr\/nos-tarifs\/\" \/>\n<meta property=\"og:site_name\" content=\"H\u00f4tel Solidaire Mangily\" \/>\n<meta property=\"article:modified_time\" content=\"2025-10-28T14:24:51+00:00\" \/>\n<meta property=\"og:image\" content=\"https:\/\/hotelsolidairemangily.com\/wp-content\/uploads\/bord.jpg\" \/>\n\t<meta property=\"og:image:width\" content=\"115\" \/>\n\t<meta property=\"og:image:height\" content=\"175\" \/>\n\t<meta property=\"og:image:type\" content=\"image\/jpeg\" \/>\n<meta name=\"twitter:card\" content=\"summary_large_image\" \/>\n<meta name=\"twitter:label1\" content=\"Dur\u00e9e de lecture estim\u00e9e\" \/>\n\t<meta name=\"twitter:data1\" content=\"3 minutes\" \/>\n<script type=\"application\/ld+json\" class=\"yoast-schema-graph\">{\"@context\":\"https:\\\/\\\/schema.org\",\"@graph\":[{\"@type\":\"WebPage\",\"@id\":\"https:\\\/\\\/hotelsolidairemangily.com\\\/fr\\\/nos-tarifs\\\/\",\"url\":\"https:\\\/\\\/hotelsolidairemangily.com\\\/fr\\\/nos-tarifs\\\/\",\"name\":\"Nos tarifs - H\u00f4tel Solidaire Mangily\",\"isPartOf\":{\"@id\":\"https:\\\/\\\/hotelsolidairemangily.com\\\/#website\"},\"primaryImageOfPage\":{\"@id\":\"https:\\\/\\\/hotelsolidairemangily.com\\\/fr\\\/nos-tarifs\\\/#primaryimage\"},\"image\":{\"@id\":\"https:\\\/\\\/hotelsolidairemangily.com\\\/fr\\\/nos-tarifs\\\/#primaryimage\"},\"thumbnailUrl\":\"https:\\\/\\\/hotelsolidairemangily.com\\\/wp-content\\\/uploads\\\/bord.jpg\",\"datePublished\":\"2015-08-10T14:33:02+00:00\",\"dateModified\":\"2025-10-28T14:24:51+00:00\",\"breadcrumb\":{\"@id\":\"https:\\\/\\\/hotelsolidairemangily.com\\\/fr\\\/nos-tarifs\\\/#breadcrumb\"},\"inLanguage\":\"fr-FR\",\"potentialAction\":[{\"@type\":\"ReadAction\",\"target\":[\"https:\\\/\\\/hotelsolidairemangily.com\\\/fr\\\/nos-tarifs\\\/\"]}]},{\"@type\":\"ImageObject\",\"inLanguage\":\"fr-FR\",\"@id\":\"https:\\\/\\\/hotelsolidairemangily.com\\\/fr\\\/nos-tarifs\\\/#primaryimage\",\"url\":\"https:\\\/\\\/hotelsolidairemangily.com\\\/wp-content\\\/uploads\\\/bord.jpg\",\"contentUrl\":\"https:\\\/\\\/hotelsolidairemangily.com\\\/wp-content\\\/uploads\\\/bord.jpg\"},{\"@type\":\"BreadcrumbList\",\"@id\":\"https:\\\/\\\/hotelsolidairemangily.com\\\/fr\\\/nos-tarifs\\\/#breadcrumb\",\"itemListElement\":[{\"@type\":\"ListItem\",\"position\":1,\"name\":\"Accueil\",\"item\":\"https:\\\/\\\/hotelsolidairemangily.com\\\/fr\\\/\"},{\"@type\":\"ListItem\",\"position\":2,\"name\":\"Nos tarifs\"}]},{\"@type\":\"WebSite\",\"@id\":\"https:\\\/\\\/hotelsolidairemangily.com\\\/#website\",\"url\":\"https:\\\/\\\/hotelsolidairemangily.com\\\/\",\"name\":\"H\u00f4tel Solidaire Mangily\",\"description\":\"\u00a1Viaja de forma distinta!\",\"potentialAction\":[{\"@type\":\"SearchAction\",\"target\":{\"@type\":\"EntryPoint\",\"urlTemplate\":\"https:\\\/\\\/hotelsolidairemangily.com\\\/?s={search_term_string}\"},\"query-input\":{\"@type\":\"PropertyValueSpecification\",\"valueRequired\":true,\"valueName\":\"search_term_string\"}}],\"inLanguage\":\"fr-FR\"}]}<\/script>\n<!-- \/ Yoast SEO plugin. -->","yoast_head_json":{"title":"Nos tarifs - H\u00f4tel Solidaire Mangily","robots":{"index":"index","follow":"follow","max-snippet":"max-snippet:-1","max-image-preview":"max-image-preview:large","max-video-preview":"max-video-preview:-1"},"canonical":"https:\/\/hotelsolidairemangily.com\/fr\/nos-tarifs\/","og_locale":"fr_FR","og_type":"article","og_title":"Nos tarifs - H\u00f4tel Solidaire Mangily","og_description":"H\u00c9BERGEMENT ** Vous pouvez payer en Euro suivant le cours du jour ** Tarif de base\u00a0 (Petit-d\u00e9jeuner non inclus) Bungalow twin 165 000 Ar \/ jour Bungalow double 165 000 Ar \/ jour Bungalow familial 275 000 Ar \/ jour Demi-pension (matin &#8211; midi) 70 000 Ar \/ jour \/ personne Pension compl\u00e8te (matin &#8211;... Read more &raquo;","og_url":"https:\/\/hotelsolidairemangily.com\/fr\/nos-tarifs\/","og_site_name":"H\u00f4tel Solidaire Mangily","article_modified_time":"2025-10-28T14:24:51+00:00","og_image":[{"width":115,"height":175,"url":"https:\/\/hotelsolidairemangily.com\/wp-content\/uploads\/bord.jpg","type":"image\/jpeg"}],"twitter_card":"summary_large_image","twitter_misc":{"Dur\u00e9e de lecture estim\u00e9e":"3 minutes"},"schema":{"@context":"https:\/\/schema.org","@graph":[{"@type":"WebPage","@id":"https:\/\/hotelsolidairemangily.com\/fr\/nos-tarifs\/","url":"https:\/\/hotelsolidairemangily.com\/fr\/nos-tarifs\/","name":"Nos tarifs - H\u00f4tel Solidaire Mangily","isPartOf":{"@id":"https:\/\/hotelsolidairemangily.com\/#website"},"primaryImageOfPage":{"@id":"https:\/\/hotelsolidairemangily.com\/fr\/nos-tarifs\/#primaryimage"},"image":{"@id":"https:\/\/hotelsolidairemangily.com\/fr\/nos-tarifs\/#primaryimage"},"thumbnailUrl":"https:\/\/hotelsolidairemangily.com\/wp-content\/uploads\/bord.jpg","datePublished":"2015-08-10T14:33:02+00:00","dateModified":"2025-10-28T14:24:51+00:00","breadcrumb":{"@id":"https:\/\/hotelsolidairemangily.com\/fr\/nos-tarifs\/#breadcrumb"},"inLanguage":"fr-FR","potentialAction":[{"@type":"ReadAction","target":["https:\/\/hotelsolidairemangily.com\/fr\/nos-tarifs\/"]}]},{"@type":"ImageObject","inLanguage":"fr-FR","@id":"https:\/\/hotelsolidairemangily.com\/fr\/nos-tarifs\/#primaryimage","url":"https:\/\/hotelsolidairemangily.com\/wp-content\/uploads\/bord.jpg","contentUrl":"https:\/\/hotelsolidairemangily.com\/wp-content\/uploads\/bord.jpg"},{"@type":"BreadcrumbList","@id":"https:\/\/hotelsolidairemangily.com\/fr\/nos-tarifs\/#breadcrumb","itemListElement":[{"@type":"ListItem","position":1,"name":"Accueil","item":"https:\/\/hotelsolidairemangily.com\/fr\/"},{"@type":"ListItem","position":2,"name":"Nos tarifs"}]},{"@type":"WebSite","@id":"https:\/\/hotelsolidairemangily.com\/#website","url":"https:\/\/hotelsolidairemangily.com\/","name":"H\u00f4tel Solidaire Mangily","description":"\u00a1Viaja de forma distinta!","potentialAction":[{"@type":"SearchAction","target":{"@type":"EntryPoint","urlTemplate":"https:\/\/hotelsolidairemangily.com\/?s={search_term_string}"},"query-input":{"@type":"PropertyValueSpecification","valueRequired":true,"valueName":"search_term_string"}}],"inLanguage":"fr-FR"}]}},"_links":{"self":[{"href":"https:\/\/hotelsolidairemangily.com\/fr\/wp-json\/wp\/v2\/pages\/17","targetHints":{"allow":["GET"]}}],"collection":[{"href":"https:\/\/hotelsolidairemangily.com\/fr\/wp-json\/wp\/v2\/pages"}],"about":[{"href":"https:\/\/hotelsolidairemangily.com\/fr\/wp-json\/wp\/v2\/types\/page"}],"author":[{"embeddable":true,"href":"https:\/\/hotelsolidairemangily.com\/fr\/wp-json\/wp\/v2\/users\/3"}],"replies":[{"embeddable":true,"href":"https:\/\/hotelsolidairemangily.com\/fr\/wp-json\/wp\/v2\/comments?post=17"}],"version-history":[{"count":5,"href":"https:\/\/hotelsolidairemangily.com\/fr\/wp-json\/wp\/v2\/pages\/17\/revisions"}],"predecessor-version":[{"id":3546,"href":"https:\/\/hotelsolidairemangily.com\/fr\/wp-json\/wp\/v2\/pages\/17\/revisions\/3546"}],"wp:attachment":[{"href":"https:\/\/hotelsolidairemangily.com\/fr\/wp-json\/wp\/v2\/media?parent=17"}],"curies":[{"name":"wp","href":"https:\/\/api.w.org\/{rel}","templated":true}]}}