{"id":1706,"date":"2016-03-18T11:58:22","date_gmt":"2016-03-18T11:58:22","guid":{"rendered":"https:\/\/hotelsolidairemangily.com\/?page_id=1706"},"modified":"2016-03-18T11:58:22","modified_gmt":"2016-03-18T11:58:22","slug":"decouvrez-la-grande-foret-de-baobabs-et-ses-plantes-medicinales-dans-une-charrette-a-zebu","status":"publish","type":"page","link":"https:\/\/hotelsolidairemangily.com\/fr\/decouvrir\/decouvrez-la-grande-foret-de-baobabs-et-ses-plantes-medicinales-dans-une-charrette-a-zebu\/","title":{"rendered":"D\u00e9couvrez la grande for\u00eat de baobabs et ses plantes m\u00e9dicinales dans une charrette \u00e0 z\u00e9bu"},"content":{"rendered":"<a href=\"https:\/\/hotelsolidairemangily.com\/wp-content\/uploads\/IMG_9722.jpg\" rel=\"attachment wp-att-1709\"><img loading=\"lazy\" decoding=\"async\" class=\"alignnone wp-image-1709\" src=\"https:\/\/hotelsolidairemangily.com\/wp-content\/uploads\/IMG_9722.jpg\" alt=\"IMG_9722\" width=\"450\" height=\"300\" srcset=\"https:\/\/hotelsolidairemangily.com\/wp-content\/uploads\/IMG_9722.jpg 1000w, https:\/\/hotelsolidairemangily.com\/wp-content\/uploads\/IMG_9722-300x200.jpg 300w, https:\/\/hotelsolidairemangily.com\/wp-content\/uploads\/IMG_9722-768x512.jpg 768w, https:\/\/hotelsolidairemangily.com\/wp-content\/uploads\/IMG_9722-450x300.jpg 450w\" sizes=\"auto, (max-width: 450px) 100vw, 450px\" \/><\/a>\u00a0 \u00a0\u00a0<a href=\"https:\/\/hotelsolidairemangily.com\/wp-content\/uploads\/IMG_9971.jpg\" rel=\"attachment wp-att-1710\"><img loading=\"lazy\" decoding=\"async\" class=\"alignnone wp-image-1710\" src=\"https:\/\/hotelsolidairemangily.com\/wp-content\/uploads\/IMG_9971.jpg\" alt=\"IMG_9971\" width=\"450\" height=\"300\" srcset=\"https:\/\/hotelsolidairemangily.com\/wp-content\/uploads\/IMG_9971.jpg 1000w, https:\/\/hotelsolidairemangily.com\/wp-content\/uploads\/IMG_9971-300x200.jpg 300w, https:\/\/hotelsolidairemangily.com\/wp-content\/uploads\/IMG_9971-768x512.jpg 768w, https:\/\/hotelsolidairemangily.com\/wp-content\/uploads\/IMG_9971-450x300.jpg 450w\" sizes=\"auto, (max-width: 450px) 100vw, 450px\" \/><\/a>\n<p>&nbsp;<\/p>\n<p>L\u2019H\u00f4tel Solidaire Mangily souhaite vous faire\u00a0vivre une balade typiquement malgache dans\u00a0une charrette \u00e0 z\u00e9bu, en allant \u00e0 la d\u00e9couverte\u00a0des richesses que regorge la for\u00eat de baobabs\u00a0du village de Mangily.<\/p>\n<p>En plus de vous \u00e9merveiller dans ce d\u00e9cors typique,\u00a0vous apprendrez de nombreuses choses concernant\u00a0l\u2019utilisation du bois et des plantes.<\/p>\n<p>La balade en charrette permet de faire diff\u00e9rents arr\u00eats afin d\u2019admirer les arbres et d\u2019en d\u00e9couvrir leurs histoires. De nombreuses plantes m\u00e9dicinales sont d\u2019ailleurs pr\u00e9sentes dans cette for\u00eat. Les amateurs de la nature seront combl\u00e9s !<\/p>\n<p>(2-3 heures)<\/p>\n<div style=\"background-color: #436c3f;\"><span style=\"color: #ffffff;\">\u00a0 Prix: 25 000 Ar<\/span><\/div>\n","protected":false},"excerpt":{"rendered":"<p>\u00a0 \u00a0\u00a0 &nbsp; L\u2019H\u00f4tel Solidaire Mangily souhaite vous faire\u00a0vivre une balade typiquement malgache dans\u00a0une charrette \u00e0 z\u00e9bu, en allant \u00e0 la d\u00e9couverte\u00a0des richesses que regorge la for\u00eat de baobabs\u00a0du village de Mangily. En plus de vous \u00e9merveiller dans ce d\u00e9cors typique,\u00a0vous apprendrez de nombreuses choses concernant\u00a0l\u2019utilisation du bois et des plantes. La balade en charrette&#8230;  <a href=\"https:\/\/hotelsolidairemangily.com\/fr\/decouvrir\/decouvrez-la-grande-foret-de-baobabs-et-ses-plantes-medicinales-dans-une-charrette-a-zebu\/\" class=\"more-link\" title=\"Read D\u00e9couvrez la grande for\u00eat de baobabs et ses plantes m\u00e9dicinales dans une charrette \u00e0 z\u00e9bu\">Read more &raquo;<\/a><\/p>\n","protected":false},"author":3,"featured_media":0,"parent":32,"menu_order":0,"comment_status":"closed","ping_status":"closed","template":"","meta":{"_acf_changed":false,"footnotes":""},"class_list":["post-1706","page","type-page","status-publish","hentry"],"acf":[],"yoast_head":"<!-- This site is optimized with the Yoast SEO plugin v27.4 - https:\/\/yoast.com\/product\/yoast-seo-wordpress\/ -->\n<title>D\u00e9couvrez la grande for\u00eat de baobabs et ses plantes m\u00e9dicinales dans une charrette \u00e0 z\u00e9bu - H\u00f4tel Solidaire Mangily<\/title>\n<meta name=\"robots\" content=\"index, follow, max-snippet:-1, max-image-preview:large, max-video-preview:-1\" \/>\n<link rel=\"canonical\" href=\"https:\/\/hotelsolidairemangily.com\/descubrir\/descubre-el-gran-bosque-de-baobabs-y-sus-plantas-medicinales-sobre-un-carro-de-cebues\/\" \/>\n<meta property=\"og:locale\" content=\"fr_FR\" \/>\n<meta property=\"og:type\" content=\"article\" \/>\n<meta property=\"og:title\" content=\"D\u00e9couvrez la grande for\u00eat de baobabs et ses plantes m\u00e9dicinales dans une charrette \u00e0 z\u00e9bu - H\u00f4tel Solidaire Mangily\" \/>\n<meta property=\"og:description\" content=\"\u00a0 \u00a0\u00a0 &nbsp; L\u2019H\u00f4tel Solidaire Mangily souhaite vous faire\u00a0vivre une balade typiquement malgache dans\u00a0une charrette \u00e0 z\u00e9bu, en allant \u00e0 la d\u00e9couverte\u00a0des richesses que regorge la for\u00eat de baobabs\u00a0du village de Mangily. En plus de vous \u00e9merveiller dans ce d\u00e9cors typique,\u00a0vous apprendrez de nombreuses choses concernant\u00a0l\u2019utilisation du bois et des plantes. La balade en charrette... Read more &raquo;\" \/>\n<meta property=\"og:url\" content=\"https:\/\/hotelsolidairemangily.com\/descubrir\/descubre-el-gran-bosque-de-baobabs-y-sus-plantas-medicinales-sobre-un-carro-de-cebues\/\" \/>\n<meta property=\"og:site_name\" content=\"H\u00f4tel Solidaire Mangily\" \/>\n<meta property=\"og:image\" content=\"https:\/\/hotelsolidairemangily.com\/wp-content\/uploads\/IMG_9722.jpg\" \/>\n\t<meta property=\"og:image:width\" content=\"1000\" \/>\n\t<meta property=\"og:image:height\" content=\"667\" \/>\n\t<meta property=\"og:image:type\" content=\"image\/jpeg\" \/>\n<meta name=\"twitter:card\" content=\"summary_large_image\" \/>\n<meta name=\"twitter:label1\" content=\"Dur\u00e9e de lecture estim\u00e9e\" \/>\n\t<meta name=\"twitter:data1\" content=\"1 minute\" \/>\n<script type=\"application\/ld+json\" class=\"yoast-schema-graph\">{\"@context\":\"https:\\\/\\\/schema.org\",\"@graph\":[{\"@type\":\"WebPage\",\"@id\":\"https:\\\/\\\/hotelsolidairemangily.com\\\/descubrir\\\/descubre-el-gran-bosque-de-baobabs-y-sus-plantas-medicinales-sobre-un-carro-de-cebues\\\/\",\"url\":\"https:\\\/\\\/hotelsolidairemangily.com\\\/descubrir\\\/descubre-el-gran-bosque-de-baobabs-y-sus-plantas-medicinales-sobre-un-carro-de-cebues\\\/\",\"name\":\"D\u00e9couvrez la grande for\u00eat de baobabs et ses plantes m\u00e9dicinales dans une charrette \u00e0 z\u00e9bu - H\u00f4tel Solidaire Mangily\",\"isPartOf\":{\"@id\":\"https:\\\/\\\/hotelsolidairemangily.com\\\/#website\"},\"primaryImageOfPage\":{\"@id\":\"https:\\\/\\\/hotelsolidairemangily.com\\\/descubrir\\\/descubre-el-gran-bosque-de-baobabs-y-sus-plantas-medicinales-sobre-un-carro-de-cebues\\\/#primaryimage\"},\"image\":{\"@id\":\"https:\\\/\\\/hotelsolidairemangily.com\\\/descubrir\\\/descubre-el-gran-bosque-de-baobabs-y-sus-plantas-medicinales-sobre-un-carro-de-cebues\\\/#primaryimage\"},\"thumbnailUrl\":\"https:\\\/\\\/hotelsolidairemangily.com\\\/wp-content\\\/uploads\\\/IMG_9722.jpg\",\"datePublished\":\"2016-03-18T11:58:22+00:00\",\"breadcrumb\":{\"@id\":\"https:\\\/\\\/hotelsolidairemangily.com\\\/descubrir\\\/descubre-el-gran-bosque-de-baobabs-y-sus-plantas-medicinales-sobre-un-carro-de-cebues\\\/#breadcrumb\"},\"inLanguage\":\"fr-FR\",\"potentialAction\":[{\"@type\":\"ReadAction\",\"target\":[\"https:\\\/\\\/hotelsolidairemangily.com\\\/descubrir\\\/descubre-el-gran-bosque-de-baobabs-y-sus-plantas-medicinales-sobre-un-carro-de-cebues\\\/\"]}]},{\"@type\":\"ImageObject\",\"inLanguage\":\"fr-FR\",\"@id\":\"https:\\\/\\\/hotelsolidairemangily.com\\\/descubrir\\\/descubre-el-gran-bosque-de-baobabs-y-sus-plantas-medicinales-sobre-un-carro-de-cebues\\\/#primaryimage\",\"url\":\"https:\\\/\\\/hotelsolidairemangily.com\\\/wp-content\\\/uploads\\\/IMG_9722.jpg\",\"contentUrl\":\"https:\\\/\\\/hotelsolidairemangily.com\\\/wp-content\\\/uploads\\\/IMG_9722.jpg\"},{\"@type\":\"BreadcrumbList\",\"@id\":\"https:\\\/\\\/hotelsolidairemangily.com\\\/descubrir\\\/descubre-el-gran-bosque-de-baobabs-y-sus-plantas-medicinales-sobre-un-carro-de-cebues\\\/#breadcrumb\",\"itemListElement\":[{\"@type\":\"ListItem\",\"position\":1,\"name\":\"Accueil\",\"item\":\"https:\\\/\\\/hotelsolidairemangily.com\\\/fr\\\/\"},{\"@type\":\"ListItem\",\"position\":2,\"name\":\"D\u00e9couvrir\",\"item\":\"https:\\\/\\\/hotelsolidairemangily.com\\\/descubrir\\\/\"},{\"@type\":\"ListItem\",\"position\":3,\"name\":\"D\u00e9couvrez la grande for\u00eat de baobabs et ses plantes m\u00e9dicinales dans une charrette \u00e0 z\u00e9bu\"}]},{\"@type\":\"WebSite\",\"@id\":\"https:\\\/\\\/hotelsolidairemangily.com\\\/#website\",\"url\":\"https:\\\/\\\/hotelsolidairemangily.com\\\/\",\"name\":\"H\u00f4tel Solidaire Mangily\",\"description\":\"\u00a1Viaja de forma distinta!\",\"potentialAction\":[{\"@type\":\"SearchAction\",\"target\":{\"@type\":\"EntryPoint\",\"urlTemplate\":\"https:\\\/\\\/hotelsolidairemangily.com\\\/?s={search_term_string}\"},\"query-input\":{\"@type\":\"PropertyValueSpecification\",\"valueRequired\":true,\"valueName\":\"search_term_string\"}}],\"inLanguage\":\"fr-FR\"}]}<\/script>\n<!-- \/ Yoast SEO plugin. -->","yoast_head_json":{"title":"D\u00e9couvrez la grande for\u00eat de baobabs et ses plantes m\u00e9dicinales dans une charrette \u00e0 z\u00e9bu - H\u00f4tel Solidaire Mangily","robots":{"index":"index","follow":"follow","max-snippet":"max-snippet:-1","max-image-preview":"max-image-preview:large","max-video-preview":"max-video-preview:-1"},"canonical":"https:\/\/hotelsolidairemangily.com\/descubrir\/descubre-el-gran-bosque-de-baobabs-y-sus-plantas-medicinales-sobre-un-carro-de-cebues\/","og_locale":"fr_FR","og_type":"article","og_title":"D\u00e9couvrez la grande for\u00eat de baobabs et ses plantes m\u00e9dicinales dans une charrette \u00e0 z\u00e9bu - H\u00f4tel Solidaire Mangily","og_description":"\u00a0 \u00a0\u00a0 &nbsp; L\u2019H\u00f4tel Solidaire Mangily souhaite vous faire\u00a0vivre une balade typiquement malgache dans\u00a0une charrette \u00e0 z\u00e9bu, en allant \u00e0 la d\u00e9couverte\u00a0des richesses que regorge la for\u00eat de baobabs\u00a0du village de Mangily. En plus de vous \u00e9merveiller dans ce d\u00e9cors typique,\u00a0vous apprendrez de nombreuses choses concernant\u00a0l\u2019utilisation du bois et des plantes. La balade en charrette... Read more &raquo;","og_url":"https:\/\/hotelsolidairemangily.com\/descubrir\/descubre-el-gran-bosque-de-baobabs-y-sus-plantas-medicinales-sobre-un-carro-de-cebues\/","og_site_name":"H\u00f4tel Solidaire Mangily","og_image":[{"width":1000,"height":667,"url":"https:\/\/hotelsolidairemangily.com\/wp-content\/uploads\/IMG_9722.jpg","type":"image\/jpeg"}],"twitter_card":"summary_large_image","twitter_misc":{"Dur\u00e9e de lecture estim\u00e9e":"1 minute"},"schema":{"@context":"https:\/\/schema.org","@graph":[{"@type":"WebPage","@id":"https:\/\/hotelsolidairemangily.com\/descubrir\/descubre-el-gran-bosque-de-baobabs-y-sus-plantas-medicinales-sobre-un-carro-de-cebues\/","url":"https:\/\/hotelsolidairemangily.com\/descubrir\/descubre-el-gran-bosque-de-baobabs-y-sus-plantas-medicinales-sobre-un-carro-de-cebues\/","name":"D\u00e9couvrez la grande for\u00eat de baobabs et ses plantes m\u00e9dicinales dans une charrette \u00e0 z\u00e9bu - H\u00f4tel Solidaire Mangily","isPartOf":{"@id":"https:\/\/hotelsolidairemangily.com\/#website"},"primaryImageOfPage":{"@id":"https:\/\/hotelsolidairemangily.com\/descubrir\/descubre-el-gran-bosque-de-baobabs-y-sus-plantas-medicinales-sobre-un-carro-de-cebues\/#primaryimage"},"image":{"@id":"https:\/\/hotelsolidairemangily.com\/descubrir\/descubre-el-gran-bosque-de-baobabs-y-sus-plantas-medicinales-sobre-un-carro-de-cebues\/#primaryimage"},"thumbnailUrl":"https:\/\/hotelsolidairemangily.com\/wp-content\/uploads\/IMG_9722.jpg","datePublished":"2016-03-18T11:58:22+00:00","breadcrumb":{"@id":"https:\/\/hotelsolidairemangily.com\/descubrir\/descubre-el-gran-bosque-de-baobabs-y-sus-plantas-medicinales-sobre-un-carro-de-cebues\/#breadcrumb"},"inLanguage":"fr-FR","potentialAction":[{"@type":"ReadAction","target":["https:\/\/hotelsolidairemangily.com\/descubrir\/descubre-el-gran-bosque-de-baobabs-y-sus-plantas-medicinales-sobre-un-carro-de-cebues\/"]}]},{"@type":"ImageObject","inLanguage":"fr-FR","@id":"https:\/\/hotelsolidairemangily.com\/descubrir\/descubre-el-gran-bosque-de-baobabs-y-sus-plantas-medicinales-sobre-un-carro-de-cebues\/#primaryimage","url":"https:\/\/hotelsolidairemangily.com\/wp-content\/uploads\/IMG_9722.jpg","contentUrl":"https:\/\/hotelsolidairemangily.com\/wp-content\/uploads\/IMG_9722.jpg"},{"@type":"BreadcrumbList","@id":"https:\/\/hotelsolidairemangily.com\/descubrir\/descubre-el-gran-bosque-de-baobabs-y-sus-plantas-medicinales-sobre-un-carro-de-cebues\/#breadcrumb","itemListElement":[{"@type":"ListItem","position":1,"name":"Accueil","item":"https:\/\/hotelsolidairemangily.com\/fr\/"},{"@type":"ListItem","position":2,"name":"D\u00e9couvrir","item":"https:\/\/hotelsolidairemangily.com\/descubrir\/"},{"@type":"ListItem","position":3,"name":"D\u00e9couvrez la grande for\u00eat de baobabs et ses plantes m\u00e9dicinales dans une charrette \u00e0 z\u00e9bu"}]},{"@type":"WebSite","@id":"https:\/\/hotelsolidairemangily.com\/#website","url":"https:\/\/hotelsolidairemangily.com\/","name":"H\u00f4tel Solidaire Mangily","description":"\u00a1Viaja de forma distinta!","potentialAction":[{"@type":"SearchAction","target":{"@type":"EntryPoint","urlTemplate":"https:\/\/hotelsolidairemangily.com\/?s={search_term_string}"},"query-input":{"@type":"PropertyValueSpecification","valueRequired":true,"valueName":"search_term_string"}}],"inLanguage":"fr-FR"}]}},"_links":{"self":[{"href":"https:\/\/hotelsolidairemangily.com\/fr\/wp-json\/wp\/v2\/pages\/1706","targetHints":{"allow":["GET"]}}],"collection":[{"href":"https:\/\/hotelsolidairemangily.com\/fr\/wp-json\/wp\/v2\/pages"}],"about":[{"href":"https:\/\/hotelsolidairemangily.com\/fr\/wp-json\/wp\/v2\/types\/page"}],"author":[{"embeddable":true,"href":"https:\/\/hotelsolidairemangily.com\/fr\/wp-json\/wp\/v2\/users\/3"}],"replies":[{"embeddable":true,"href":"https:\/\/hotelsolidairemangily.com\/fr\/wp-json\/wp\/v2\/comments?post=1706"}],"version-history":[{"count":5,"href":"https:\/\/hotelsolidairemangily.com\/fr\/wp-json\/wp\/v2\/pages\/1706\/revisions"}],"predecessor-version":[{"id":1719,"href":"https:\/\/hotelsolidairemangily.com\/fr\/wp-json\/wp\/v2\/pages\/1706\/revisions\/1719"}],"up":[{"embeddable":true,"href":"https:\/\/hotelsolidairemangily.com\/fr\/wp-json\/wp\/v2\/pages\/32"}],"wp:attachment":[{"href":"https:\/\/hotelsolidairemangily.com\/fr\/wp-json\/wp\/v2\/media?parent=1706"}],"curies":[{"name":"wp","href":"https:\/\/api.w.org\/{rel}","templated":true}]}}