{"id":19,"date":"2015-08-10T14:33:16","date_gmt":"2015-08-10T14:33:16","guid":{"rendered":"http:\/\/www.hotelsolidaire.org\/?page_id=19"},"modified":"2019-07-22T13:43:54","modified_gmt":"2019-07-22T13:43:54","slug":"reservations","status":"publish","type":"page","link":"https:\/\/hotelsolidairemangily.com\/fr\/reservations\/","title":{"rendered":"R\u00e9servations"},"content":{"rendered":"\n<div class=\"wpcf7 no-js\" id=\"wpcf7-f329-o1\" lang=\"fr-FR\" dir=\"ltr\" data-wpcf7-id=\"329\">\n<div class=\"screen-reader-response\"><p role=\"status\" aria-live=\"polite\" aria-atomic=\"true\"><\/p> <ul><\/ul><\/div>\n<form action=\"\/fr\/wp-json\/wp\/v2\/pages\/19#wpcf7-f329-o1\" method=\"post\" class=\"wpcf7-form init form-horizontal\" aria-label=\"Formulaire de contact\" novalidate=\"novalidate\" data-status=\"init\">\n<fieldset class=\"hidden-fields-container\"><input type=\"hidden\" name=\"_wpcf7\" value=\"329\" \/><input type=\"hidden\" name=\"_wpcf7_version\" value=\"6.1.5\" \/><input type=\"hidden\" name=\"_wpcf7_locale\" value=\"fr_FR\" \/><input type=\"hidden\" name=\"_wpcf7_unit_tag\" value=\"wpcf7-f329-o1\" \/><input type=\"hidden\" name=\"_wpcf7_container_post\" value=\"0\" \/><input type=\"hidden\" name=\"_wpcf7_posted_data_hash\" value=\"\" \/>\n<\/fieldset>\n<div class=\"row\">\n<div class=\"col-sm-6\"><div class=\"form-group your-enter-date\"><label class=\" control-label col-sm-3\">Date de l'arriv\u00e9e<\/label><div class=\"col-sm-9\"><input class=\"wpcf7-form-control wpcf7-date wpcf7-validates-as-date form-control\" name=\"your-enter-date\" type=\"date\" value=\"YYYY-MM-DD\" min=\"\" max=\"\" step=\"\" aria-invalid=\"false\"><\/div><\/div><\/div>\n<div class=\"col-sm-6\"><div class=\"form-group your-leave-date\"><label class=\" control-label col-sm-3\">Date du d\u00e9part<\/label><div class=\"col-sm-9\"><input class=\"wpcf7-form-control wpcf7-date wpcf7-validates-as-date form-control\" name=\"your-leave-date\" type=\"date\" value=\"YYYY-MM-DD\" min=\"\" max=\"\" step=\"\" aria-invalid=\"false\"><\/div><\/div><\/div>\n<\/div>\n<div class=\"form-group wpcf7-form-control wpcf7-checkbox your-non-dates\"><div class=\"col-sm-9 col-sm-offset-3\"><div class=\"checkbox wpcf7-form-control wpcf7-checkbox your-non-dates\"><label ><input name=\"your-non-dates\" type=\"checkbox\" value=\"true\" aria-invalid=\"false\">Je ne connais pas les dates de mon s\u00e9jour<\/label><\/div><\/div><\/div>\n<div class=\"row\">\n<div class=\"col-sm-6\"><div class=\"form-group your-name\"><label class=\" control-label col-sm-3\">Nom <span class=\"required\">*<\/span><\/label><div class=\"col-sm-9\"><input class=\"wpcf7-form-control wpcf7-text wpcf7-validates-as-required form-control\" name=\"your-name\" type=\"text\" value=\"\" aria-invalid=\"false\" aria-required=\"true\" required><\/div><\/div><\/div>\n<div class=\"col-sm-6\"><div class=\"form-group your-country\"><label class=\" control-label col-sm-3\">Pays d'origine<\/label><div class=\"col-sm-9\"><input class=\"wpcf7-form-control wpcf7-text form-control\" name=\"your-country\" type=\"text\" value=\"\" aria-invalid=\"false\"><\/div><\/div><\/div>\n<div class=\"col-sm-6\"><div class=\"form-group your-email\"><label class=\" control-label col-sm-3\">Email <span class=\"required\">*<\/span><\/label><div class=\"col-sm-9\"><input class=\"wpcf7-form-control wpcf7-email wpcf7-validates-as-required wpcf7-text wpcf7-validates-as-email form-control\" name=\"your-email\" type=\"email\" value=\"\" aria-invalid=\"false\" aria-required=\"true\" required><\/div><\/div><\/div>\n<div class=\"col-sm-6\"><div class=\"form-group your-telephon\"><label class=\" control-label col-sm-3\">T\u00e9l\u00e9phone<\/label><div class=\"col-sm-9\"><input class=\"wpcf7-form-control wpcf7-text form-control\" name=\"your-telephon\" type=\"text\" value=\"\" aria-invalid=\"false\"><\/div><\/div><\/div>\n<\/div>\n<div class=\"row\">\n<div class=\"col-sm-6\">\n<h3>Nombre des personnes<\/h3>\n<div class=\"form-group your-adult\"><label class=\" control-label col-sm-3\">Adultes <span class=\"required\">*<\/span><\/label><div class=\"col-sm-9\"><input class=\"wpcf7-form-control wpcf7-number wpcf7-validates-as-required wpcf7-validates-as-number form-control\" name=\"your-adult\" type=\"number\" value=\"1\" min=\"1\" max=\"\" step=\"\" aria-invalid=\"false\" aria-required=\"true\" required><\/div><\/div>\n<div class=\"form-group your-children\"><label class=\" control-label col-sm-3\">Enfants <span class=\"required\">*<\/span><\/label><div class=\"col-sm-9\"><input class=\"wpcf7-form-control wpcf7-number wpcf7-validates-as-required wpcf7-validates-as-number form-control\" name=\"your-children\" type=\"number\" value=\"0\" min=\"0\" max=\"\" step=\"\" aria-invalid=\"false\" aria-required=\"true\" required><\/div><\/div>\n<\/div>\n<div class=\"col-sm-6\">\n<h3>Types de bungalow<\/h3>\n<div class=\"form-group your-room-3\"><label class=\" control-label col-sm-3\">Familial<\/label><div class=\"col-sm-9\"><input class=\"wpcf7-form-control wpcf7-number wpcf7-validates-as-number form-control\" name=\"your-room-3\" type=\"number\" value=\"0\" min=\"0\" max=\"3\" step=\"\" aria-invalid=\"false\"><\/div><\/div>\n<div class=\"form-group your-room-2\"><label class=\" control-label col-sm-3\">Double<\/label><div class=\"col-sm-9\"><input class=\"wpcf7-form-control wpcf7-number wpcf7-validates-as-number form-control\" name=\"your-room-2\" type=\"number\" value=\"0\" min=\"0\" max=\"10\" step=\"\" aria-invalid=\"false\"><\/div><\/div>\n<div class=\"form-group your-room-1\"><label class=\" control-label col-sm-3\">Twin<\/label><div class=\"col-sm-9\"><input class=\"wpcf7-form-control wpcf7-number wpcf7-validates-as-number form-control\" name=\"your-room-1\" type=\"number\" value=\"0\" min=\"0\" max=\"10\" step=\"\" aria-invalid=\"false\"><\/div><\/div>\n<\/div>\n<\/div>\n<div class=\"form-group your-message\"><label class=\" control-label col-sm-3\">Observations<\/label><div class=\"col-sm-9\"><textarea class=\"wpcf7-form-control wpcf7-textarea form-control\" name=\"your-message\" rows=\"4\" aria-invalid=\"false\"><\/textarea><\/div><\/div>\n<div class=\"form-group\"><div class=\"col-sm-9 col-sm-offset-3\"><input class=\"wpcf7-form-control wpcf7-submit btn btn-primary\" type=\"submit\" value=\"Envoyer\"><\/div><\/div>\n<span class=\"required\">*<\/span> Champs obligatoires<div class=\"wpcf7-response-output alert alert-warning\"><\/div>\n<\/form>\n<\/div>\n\n<div class=\"ttml ttml_2615\"><div class=\"ttml_3_columns ttml_default_layout \">\n        <div class=\"ttml_wrap ttml_picture_80\">\n                <div class='ttml_container'><div class=\"ttml_testimonial\"><div class=\"ttml_textblock\"><div class=\"ttml_photo_box\" style=\"width:80px; height:80px; float:left; margin-right:20px;\"><img decoding=\"async\" src=\"https:\/\/hotelsolidairemangily.com\/wp-content\/uploads\/casedoudous_002.jpg\" alt=\"casedoudous\"\/><\/div><div class=\"ttml_author_block\" style=\"padding: 4px 15px 10px; background: transparent;\"><p class=\"ttml_author\" style=\"text-align:left; color:#333 !important;  font-size:14px;\">casedoudous<\/p><p class=\"ttml_job\" style=\"text-align:left; color:#91c1bc !important; font-size:13px;\"><\/p><\/div><div class=\"ttml_text\" style=\"font-size:14px; text-align:;\">Magnifique h\u00f4tel avec piscine et jardin parfaitement entretenu. Les bungalows sont superbes et tout fonctionne parfaitement (eau chaude, \u00e9lectricit\u00e9). Tout est joli, propre, neuf et plein de soin. Nous avons \u00e9galement d\u00een\u00e9 au restaurant et le repas \u00e9tait d\u00e9licieux.\r\nC\u2019est un peu loin de la mer, mais comme il est difficile de se baigner \u00e0 Mangily (plage avec des roches et des algues dans l\u2019eau, peu de profondeur d\u2019eau, et vendeurs un peu partout sur la plage), la piscine de l\u2019h\u00f4tel est une excellente option. De plus, c\u2019est calme la nuit, contrairement aux h\u00e9bergements proches de la mer.\r\n\r\n<\/div><\/div><\/div><div class=\"ttml_testimonial\"><div class=\"ttml_textblock\"><div class=\"ttml_photo_box\" style=\"width:80px; height:80px; float:left; margin-right:20px;\"><img decoding=\"async\" src=\"https:\/\/hotelsolidairemangily.com\/wp-content\/uploads\/66195717_10213855812381515_5700919750809354240_n.jpg\" alt=\"Georgio Rijamanana\"\/><\/div><div class=\"ttml_author_block\" style=\"padding: 4px 15px 10px; background: transparent;\"><p class=\"ttml_author\" style=\"text-align:left; color:#333 !important;  font-size:14px;\">Georgio Rijamanana<\/p><p class=\"ttml_job\" style=\"text-align:left; color:#91c1bc !important; font-size:13px;\"><\/p><\/div><div class=\"ttml_text\" style=\"font-size:14px; text-align:;\">Un cadre tr\u00e8s agr\u00e9able et convivial. Personnel tr\u00e8s accueillant et souriant et service impecable!\r\n Les revenus g\u00e9n\u00e9r\u00e9s par l'h\u00f4tel financent l'\u00e9ducation des enfants de Tul\u00e9ar, une raison de plus pour choisir cet h\u00f4tel. \r\n Tr\u00e8s bonne nourriture et tarif pas cher par rapport \u00e0 leur prestation. \r\n Je recommande fortement <\/div><\/div><\/div><div class=\"ttml_testimonial\"><div class=\"ttml_textblock\"><div class=\"ttml_photo_box\" style=\"width:80px; height:80px; float:left; margin-right:20px;\"><img decoding=\"async\" src=\"https:\/\/hotelsolidairemangily.com\/wp-content\/uploads\/avatar006.jpg\" alt=\"NorthStar08435612527\"\/><\/div><div class=\"ttml_author_block\" style=\"padding: 4px 15px 10px; background: transparent;\"><p class=\"ttml_author\" style=\"text-align:left; color:#333 !important;  font-size:14px;\">NorthStar08435612527<\/p><p class=\"ttml_job\" style=\"text-align:left; color:#91c1bc !important; font-size:13px;\"><\/p><\/div><div class=\"ttml_text\" style=\"font-size:14px; text-align:;\">Une belle \u00e9tape avec en arri\u00e8re plan un esprit solidaire ( soutien une \u00e9cole ). Accueil chaleureux. Nous recommandons ce lieux pour un ou deux jours. Possibilit\u00e9 de b\u00e9n\u00e9ficier d'une visite, tr\u00e8s int\u00e9ressante d'un parc \u00e0 proximit\u00e9.\r\n<\/div><\/div><\/div><\/div><\/div><\/div><\/div><div style=\"clear:both;\"><\/div>\n","protected":false},"excerpt":{"rendered":"","protected":false},"author":2,"featured_media":0,"parent":0,"menu_order":0,"comment_status":"closed","ping_status":"closed","template":"","meta":{"_acf_changed":false,"footnotes":""},"class_list":["post-19","page","type-page","status-publish","hentry"],"acf":[],"yoast_head":"<!-- This site is optimized with the Yoast SEO plugin v27.5 - https:\/\/yoast.com\/product\/yoast-seo-wordpress\/ -->\n<title>R\u00e9servations - H\u00f4tel Solidaire Mangily<\/title>\n<meta name=\"robots\" content=\"index, follow, max-snippet:-1, max-image-preview:large, max-video-preview:-1\" \/>\n<link rel=\"canonical\" href=\"https:\/\/hotelsolidairemangily.com\/reservas\/\" \/>\n<meta property=\"og:locale\" content=\"fr_FR\" \/>\n<meta property=\"og:type\" content=\"article\" \/>\n<meta property=\"og:title\" content=\"R\u00e9servations - H\u00f4tel Solidaire Mangily\" \/>\n<meta property=\"og:url\" content=\"https:\/\/hotelsolidairemangily.com\/reservas\/\" \/>\n<meta property=\"og:site_name\" content=\"H\u00f4tel Solidaire Mangily\" \/>\n<meta property=\"article:modified_time\" content=\"2019-07-22T13:43:54+00:00\" \/>\n<meta name=\"twitter:card\" content=\"summary_large_image\" \/>\n<script type=\"application\/ld+json\" class=\"yoast-schema-graph\">{\"@context\":\"https:\\\/\\\/schema.org\",\"@graph\":[{\"@type\":\"WebPage\",\"@id\":\"https:\\\/\\\/hotelsolidairemangily.com\\\/reservas\\\/\",\"url\":\"https:\\\/\\\/hotelsolidairemangily.com\\\/reservas\\\/\",\"name\":\"R\u00e9servations - H\u00f4tel Solidaire Mangily\",\"isPartOf\":{\"@id\":\"https:\\\/\\\/hotelsolidairemangily.com\\\/#website\"},\"datePublished\":\"2015-08-10T14:33:16+00:00\",\"dateModified\":\"2019-07-22T13:43:54+00:00\",\"breadcrumb\":{\"@id\":\"https:\\\/\\\/hotelsolidairemangily.com\\\/reservas\\\/#breadcrumb\"},\"inLanguage\":\"fr-FR\",\"potentialAction\":[{\"@type\":\"ReadAction\",\"target\":[\"https:\\\/\\\/hotelsolidairemangily.com\\\/reservas\\\/\"]}]},{\"@type\":\"BreadcrumbList\",\"@id\":\"https:\\\/\\\/hotelsolidairemangily.com\\\/reservas\\\/#breadcrumb\",\"itemListElement\":[{\"@type\":\"ListItem\",\"position\":1,\"name\":\"Accueil\",\"item\":\"https:\\\/\\\/hotelsolidairemangily.com\\\/fr\\\/\"},{\"@type\":\"ListItem\",\"position\":2,\"name\":\"R\u00e9servations\"}]},{\"@type\":\"WebSite\",\"@id\":\"https:\\\/\\\/hotelsolidairemangily.com\\\/#website\",\"url\":\"https:\\\/\\\/hotelsolidairemangily.com\\\/\",\"name\":\"H\u00f4tel Solidaire Mangily\",\"description\":\"\u00a1Viaja de forma distinta!\",\"potentialAction\":[{\"@type\":\"SearchAction\",\"target\":{\"@type\":\"EntryPoint\",\"urlTemplate\":\"https:\\\/\\\/hotelsolidairemangily.com\\\/?s={search_term_string}\"},\"query-input\":{\"@type\":\"PropertyValueSpecification\",\"valueRequired\":true,\"valueName\":\"search_term_string\"}}],\"inLanguage\":\"fr-FR\"}]}<\/script>\n<!-- \/ Yoast SEO plugin. -->","yoast_head_json":{"title":"R\u00e9servations - H\u00f4tel Solidaire Mangily","robots":{"index":"index","follow":"follow","max-snippet":"max-snippet:-1","max-image-preview":"max-image-preview:large","max-video-preview":"max-video-preview:-1"},"canonical":"https:\/\/hotelsolidairemangily.com\/reservas\/","og_locale":"fr_FR","og_type":"article","og_title":"R\u00e9servations - H\u00f4tel Solidaire Mangily","og_url":"https:\/\/hotelsolidairemangily.com\/reservas\/","og_site_name":"H\u00f4tel Solidaire Mangily","article_modified_time":"2019-07-22T13:43:54+00:00","twitter_card":"summary_large_image","schema":{"@context":"https:\/\/schema.org","@graph":[{"@type":"WebPage","@id":"https:\/\/hotelsolidairemangily.com\/reservas\/","url":"https:\/\/hotelsolidairemangily.com\/reservas\/","name":"R\u00e9servations - H\u00f4tel Solidaire Mangily","isPartOf":{"@id":"https:\/\/hotelsolidairemangily.com\/#website"},"datePublished":"2015-08-10T14:33:16+00:00","dateModified":"2019-07-22T13:43:54+00:00","breadcrumb":{"@id":"https:\/\/hotelsolidairemangily.com\/reservas\/#breadcrumb"},"inLanguage":"fr-FR","potentialAction":[{"@type":"ReadAction","target":["https:\/\/hotelsolidairemangily.com\/reservas\/"]}]},{"@type":"BreadcrumbList","@id":"https:\/\/hotelsolidairemangily.com\/reservas\/#breadcrumb","itemListElement":[{"@type":"ListItem","position":1,"name":"Accueil","item":"https:\/\/hotelsolidairemangily.com\/fr\/"},{"@type":"ListItem","position":2,"name":"R\u00e9servations"}]},{"@type":"WebSite","@id":"https:\/\/hotelsolidairemangily.com\/#website","url":"https:\/\/hotelsolidairemangily.com\/","name":"H\u00f4tel Solidaire Mangily","description":"\u00a1Viaja de forma distinta!","potentialAction":[{"@type":"SearchAction","target":{"@type":"EntryPoint","urlTemplate":"https:\/\/hotelsolidairemangily.com\/?s={search_term_string}"},"query-input":{"@type":"PropertyValueSpecification","valueRequired":true,"valueName":"search_term_string"}}],"inLanguage":"fr-FR"}]}},"_links":{"self":[{"href":"https:\/\/hotelsolidairemangily.com\/fr\/wp-json\/wp\/v2\/pages\/19","targetHints":{"allow":["GET"]}}],"collection":[{"href":"https:\/\/hotelsolidairemangily.com\/fr\/wp-json\/wp\/v2\/pages"}],"about":[{"href":"https:\/\/hotelsolidairemangily.com\/fr\/wp-json\/wp\/v2\/types\/page"}],"author":[{"embeddable":true,"href":"https:\/\/hotelsolidairemangily.com\/fr\/wp-json\/wp\/v2\/users\/2"}],"replies":[{"embeddable":true,"href":"https:\/\/hotelsolidairemangily.com\/fr\/wp-json\/wp\/v2\/comments?post=19"}],"version-history":[{"count":5,"href":"https:\/\/hotelsolidairemangily.com\/fr\/wp-json\/wp\/v2\/pages\/19\/revisions"}],"predecessor-version":[{"id":2622,"href":"https:\/\/hotelsolidairemangily.com\/fr\/wp-json\/wp\/v2\/pages\/19\/revisions\/2622"}],"wp:attachment":[{"href":"https:\/\/hotelsolidairemangily.com\/fr\/wp-json\/wp\/v2\/media?parent=19"}],"curies":[{"name":"wp","href":"https:\/\/api.w.org\/{rel}","templated":true}]}}