{"id":25,"date":"2015-08-10T14:34:31","date_gmt":"2015-08-10T14:34:31","guid":{"rendered":"http:\/\/www.hotelsolidaire.org\/?page_id=25"},"modified":"2015-11-02T08:53:58","modified_gmt":"2015-11-02T08:53:58","slug":"dormir","status":"publish","type":"page","link":"https:\/\/hotelsolidairemangily.com\/fr\/dormir\/","title":{"rendered":"Dormir"},"content":{"rendered":"<p>&nbsp;<\/p>\n<table style=\"height: 254px;\" width=\"922\">\n<tbody>\n<tr>\n<td><a href=\"https:\/\/hotelsolidairemangily.com\/fr\/dormir\/bungalow-double\/\"><img loading=\"lazy\" decoding=\"async\" class=\"alignnone wp-image-755 size-medium\" src=\"http:\/\/hotelsolidario.org\/wp-content\/uploads\/Bdouble-300x200.jpg\" alt=\"Bdouble\" width=\"300\" height=\"200\" srcset=\"https:\/\/hotelsolidairemangily.com\/wp-content\/uploads\/Bdouble-300x200.jpg 300w, https:\/\/hotelsolidairemangily.com\/wp-content\/uploads\/Bdouble.jpg 1000w\" sizes=\"auto, (max-width: 300px) 100vw, 300px\" \/><\/a><\/td>\n<td><a href=\"https:\/\/hotelsolidairemangily.com\/fr\/dormir\/bungalow-twin\/\"><img loading=\"lazy\" decoding=\"async\" class=\"alignnone  wp-image-760\" src=\"http:\/\/hotelsolidario.org\/wp-content\/uploads\/Foto-12-05-14-14-23-48.jpg\" alt=\"Foto 12-05-14 14 23 48\" width=\"300\" height=\"200\" srcset=\"https:\/\/hotelsolidairemangily.com\/wp-content\/uploads\/Foto-12-05-14-14-23-48.jpg 1000w, https:\/\/hotelsolidairemangily.com\/wp-content\/uploads\/Foto-12-05-14-14-23-48-300x200.jpg 300w\" sizes=\"auto, (max-width: 300px) 100vw, 300px\" \/><\/a><\/td>\n<td><a href=\"https:\/\/hotelsolidairemangily.com\/fr\/dormir\/bungalow-familial\/\"><img loading=\"lazy\" decoding=\"async\" class=\"alignnone wp-image-680 size-medium\" src=\"http:\/\/hotelsolidario.org\/wp-content\/uploads\/IMG_9840-300x200.jpg\" alt=\"IMG_9840\" width=\"300\" height=\"200\" srcset=\"https:\/\/hotelsolidairemangily.com\/wp-content\/uploads\/IMG_9840-300x200.jpg 300w, https:\/\/hotelsolidairemangily.com\/wp-content\/uploads\/IMG_9840-1024x683.jpg 1024w\" sizes=\"auto, (max-width: 300px) 100vw, 300px\" \/><\/a><\/td>\n<\/tr>\n<tr>\n<td style=\"text-align: center;\">\n<h3><span style=\"color: #26350a;\"><a href=\"https:\/\/hotelsolidairemangily.com\/fr\/dormir\/bungalow-double\/\">Bungalow double<\/a><\/span><\/h3>\n<\/td>\n<td style=\"text-align: center;\">\n<h3><span style=\"color: #26350a;\"><a href=\"https:\/\/hotelsolidairemangily.com\/fr\/dormir\/bungalow-twin\/\">Bungalow twin<\/a><\/span><\/h3>\n<\/td>\n<td style=\"text-align: center;\">\n<h3><span style=\"color: #26350a;\"><a href=\"https:\/\/hotelsolidairemangily.com\/fr\/dormir\/bungalow-familial\/\">Bungalow familial<\/a><\/span><\/h3>\n<\/td>\n<\/tr>\n<\/tbody>\n<\/table>\n<p>&nbsp;<\/p>\n<p style=\"text-align: left;\"><span style=\"color: #26350a;\">L\u2019H\u00f4tel Solidaire Mangily dispose de 5 <a href=\"https:\/\/hotelsolidairemangily.com\/fr\/dormir\/bungalow-double\/\">bungalows doubles<\/a> (un grand lit), 2 <a href=\"https:\/\/hotelsolidairemangily.com\/fr\/dormir\/bungalow-twin\/\">bungalows twins<\/a> (2 lits simples) et 3 <a href=\"https:\/\/hotelsolidairemangily.com\/fr\/dormir\/bungalow-familial\/\">bungalows familiaux<\/a> (un grand lit et deux lits simples), dont un avec acc\u00e8s handicap\u00e9s. <\/span><\/p>\n<p style=\"text-align: left;\"><span style=\"color: #26350a;\">Tous les bungalows sont dot\u00e9s d\u2019\u00e9nergie 24h et d\u2019une salle de bain avec eau chaude et poss\u00e8dent un coffre-fort.<\/span><\/p>\n<h4 style=\"text-align: center;\"><\/h4>\n<p style=\"text-align: center;\"><span style=\"color: #26350a;\">\u00c0 l\u2019H\u00f4tel Solidaire Mangily, installez-vous confortablement<\/span><\/p>\n","protected":false},"excerpt":{"rendered":"<p>&nbsp; Bungalow double Bungalow twin Bungalow familial &nbsp; L\u2019H\u00f4tel Solidaire Mangily dispose de 5 bungalows doubles (un grand lit), 2 bungalows twins (2 lits simples) et 3 bungalows familiaux (un grand lit et deux lits simples), dont un avec acc\u00e8s handicap\u00e9s. Tous les bungalows sont dot\u00e9s d\u2019\u00e9nergie 24h et d\u2019une salle de bain avec eau&#8230;  <a href=\"https:\/\/hotelsolidairemangily.com\/fr\/dormir\/\" class=\"more-link\" title=\"Read Dormir\">Read more &raquo;<\/a><\/p>\n","protected":false},"author":2,"featured_media":0,"parent":0,"menu_order":0,"comment_status":"closed","ping_status":"closed","template":"","meta":{"_acf_changed":false,"footnotes":""},"class_list":["post-25","page","type-page","status-publish","hentry"],"acf":[],"yoast_head":"<!-- This site is optimized with the Yoast SEO plugin v27.5 - https:\/\/yoast.com\/product\/yoast-seo-wordpress\/ -->\n<title>Dormir - H\u00f4tel Solidaire Mangily<\/title>\n<meta name=\"robots\" content=\"index, follow, max-snippet:-1, max-image-preview:large, max-video-preview:-1\" \/>\n<link rel=\"canonical\" href=\"https:\/\/hotelsolidairemangily.com\/dormir\/\" \/>\n<meta property=\"og:locale\" content=\"fr_FR\" \/>\n<meta property=\"og:type\" content=\"article\" \/>\n<meta property=\"og:title\" content=\"Dormir - H\u00f4tel Solidaire Mangily\" \/>\n<meta property=\"og:description\" content=\"&nbsp; Bungalow double Bungalow twin Bungalow familial &nbsp; L\u2019H\u00f4tel Solidaire Mangily dispose de 5 bungalows doubles (un grand lit), 2 bungalows twins (2 lits simples) et 3 bungalows familiaux (un grand lit et deux lits simples), dont un avec acc\u00e8s handicap\u00e9s. Tous les bungalows sont dot\u00e9s d\u2019\u00e9nergie 24h et d\u2019une salle de bain avec eau... Read more &raquo;\" \/>\n<meta property=\"og:url\" content=\"https:\/\/hotelsolidairemangily.com\/dormir\/\" \/>\n<meta property=\"og:site_name\" content=\"H\u00f4tel Solidaire Mangily\" \/>\n<meta property=\"article:modified_time\" content=\"2015-11-02T08:53:58+00:00\" \/>\n<meta property=\"og:image\" content=\"https:\/\/hotelsolidairemangily.com\/wp-content\/uploads\/Bdouble.jpg\" \/>\n\t<meta property=\"og:image:width\" content=\"1000\" \/>\n\t<meta property=\"og:image:height\" content=\"667\" \/>\n\t<meta property=\"og:image:type\" content=\"image\/jpeg\" \/>\n<meta name=\"twitter:card\" content=\"summary_large_image\" \/>\n<script type=\"application\/ld+json\" class=\"yoast-schema-graph\">{\"@context\":\"https:\\\/\\\/schema.org\",\"@graph\":[{\"@type\":\"WebPage\",\"@id\":\"https:\\\/\\\/hotelsolidairemangily.com\\\/dormir\\\/\",\"url\":\"https:\\\/\\\/hotelsolidairemangily.com\\\/dormir\\\/\",\"name\":\"Dormir - H\u00f4tel Solidaire Mangily\",\"isPartOf\":{\"@id\":\"https:\\\/\\\/hotelsolidairemangily.com\\\/#website\"},\"primaryImageOfPage\":{\"@id\":\"https:\\\/\\\/hotelsolidairemangily.com\\\/dormir\\\/#primaryimage\"},\"image\":{\"@id\":\"https:\\\/\\\/hotelsolidairemangily.com\\\/dormir\\\/#primaryimage\"},\"thumbnailUrl\":\"http:\\\/\\\/hotelsolidario.org\\\/wp-content\\\/uploads\\\/Bdouble-300x200.jpg\",\"datePublished\":\"2015-08-10T14:34:31+00:00\",\"dateModified\":\"2015-11-02T08:53:58+00:00\",\"breadcrumb\":{\"@id\":\"https:\\\/\\\/hotelsolidairemangily.com\\\/dormir\\\/#breadcrumb\"},\"inLanguage\":\"fr-FR\",\"potentialAction\":[{\"@type\":\"ReadAction\",\"target\":[\"https:\\\/\\\/hotelsolidairemangily.com\\\/dormir\\\/\"]}]},{\"@type\":\"ImageObject\",\"inLanguage\":\"fr-FR\",\"@id\":\"https:\\\/\\\/hotelsolidairemangily.com\\\/dormir\\\/#primaryimage\",\"url\":\"http:\\\/\\\/hotelsolidario.org\\\/wp-content\\\/uploads\\\/Bdouble-300x200.jpg\",\"contentUrl\":\"http:\\\/\\\/hotelsolidario.org\\\/wp-content\\\/uploads\\\/Bdouble-300x200.jpg\"},{\"@type\":\"BreadcrumbList\",\"@id\":\"https:\\\/\\\/hotelsolidairemangily.com\\\/dormir\\\/#breadcrumb\",\"itemListElement\":[{\"@type\":\"ListItem\",\"position\":1,\"name\":\"Accueil\",\"item\":\"https:\\\/\\\/hotelsolidairemangily.com\\\/fr\\\/\"},{\"@type\":\"ListItem\",\"position\":2,\"name\":\"Dormir\"}]},{\"@type\":\"WebSite\",\"@id\":\"https:\\\/\\\/hotelsolidairemangily.com\\\/#website\",\"url\":\"https:\\\/\\\/hotelsolidairemangily.com\\\/\",\"name\":\"H\u00f4tel Solidaire Mangily\",\"description\":\"\u00a1Viaja de forma distinta!\",\"potentialAction\":[{\"@type\":\"SearchAction\",\"target\":{\"@type\":\"EntryPoint\",\"urlTemplate\":\"https:\\\/\\\/hotelsolidairemangily.com\\\/?s={search_term_string}\"},\"query-input\":{\"@type\":\"PropertyValueSpecification\",\"valueRequired\":true,\"valueName\":\"search_term_string\"}}],\"inLanguage\":\"fr-FR\"}]}<\/script>\n<!-- \/ Yoast SEO plugin. -->","yoast_head_json":{"title":"Dormir - H\u00f4tel Solidaire Mangily","robots":{"index":"index","follow":"follow","max-snippet":"max-snippet:-1","max-image-preview":"max-image-preview:large","max-video-preview":"max-video-preview:-1"},"canonical":"https:\/\/hotelsolidairemangily.com\/dormir\/","og_locale":"fr_FR","og_type":"article","og_title":"Dormir - H\u00f4tel Solidaire Mangily","og_description":"&nbsp; Bungalow double Bungalow twin Bungalow familial &nbsp; L\u2019H\u00f4tel Solidaire Mangily dispose de 5 bungalows doubles (un grand lit), 2 bungalows twins (2 lits simples) et 3 bungalows familiaux (un grand lit et deux lits simples), dont un avec acc\u00e8s handicap\u00e9s. Tous les bungalows sont dot\u00e9s d\u2019\u00e9nergie 24h et d\u2019une salle de bain avec eau... Read more &raquo;","og_url":"https:\/\/hotelsolidairemangily.com\/dormir\/","og_site_name":"H\u00f4tel Solidaire Mangily","article_modified_time":"2015-11-02T08:53:58+00:00","og_image":[{"width":1000,"height":667,"url":"https:\/\/hotelsolidairemangily.com\/wp-content\/uploads\/Bdouble.jpg","type":"image\/jpeg"}],"twitter_card":"summary_large_image","schema":{"@context":"https:\/\/schema.org","@graph":[{"@type":"WebPage","@id":"https:\/\/hotelsolidairemangily.com\/dormir\/","url":"https:\/\/hotelsolidairemangily.com\/dormir\/","name":"Dormir - H\u00f4tel Solidaire Mangily","isPartOf":{"@id":"https:\/\/hotelsolidairemangily.com\/#website"},"primaryImageOfPage":{"@id":"https:\/\/hotelsolidairemangily.com\/dormir\/#primaryimage"},"image":{"@id":"https:\/\/hotelsolidairemangily.com\/dormir\/#primaryimage"},"thumbnailUrl":"http:\/\/hotelsolidario.org\/wp-content\/uploads\/Bdouble-300x200.jpg","datePublished":"2015-08-10T14:34:31+00:00","dateModified":"2015-11-02T08:53:58+00:00","breadcrumb":{"@id":"https:\/\/hotelsolidairemangily.com\/dormir\/#breadcrumb"},"inLanguage":"fr-FR","potentialAction":[{"@type":"ReadAction","target":["https:\/\/hotelsolidairemangily.com\/dormir\/"]}]},{"@type":"ImageObject","inLanguage":"fr-FR","@id":"https:\/\/hotelsolidairemangily.com\/dormir\/#primaryimage","url":"http:\/\/hotelsolidario.org\/wp-content\/uploads\/Bdouble-300x200.jpg","contentUrl":"http:\/\/hotelsolidario.org\/wp-content\/uploads\/Bdouble-300x200.jpg"},{"@type":"BreadcrumbList","@id":"https:\/\/hotelsolidairemangily.com\/dormir\/#breadcrumb","itemListElement":[{"@type":"ListItem","position":1,"name":"Accueil","item":"https:\/\/hotelsolidairemangily.com\/fr\/"},{"@type":"ListItem","position":2,"name":"Dormir"}]},{"@type":"WebSite","@id":"https:\/\/hotelsolidairemangily.com\/#website","url":"https:\/\/hotelsolidairemangily.com\/","name":"H\u00f4tel Solidaire Mangily","description":"\u00a1Viaja de forma distinta!","potentialAction":[{"@type":"SearchAction","target":{"@type":"EntryPoint","urlTemplate":"https:\/\/hotelsolidairemangily.com\/?s={search_term_string}"},"query-input":{"@type":"PropertyValueSpecification","valueRequired":true,"valueName":"search_term_string"}}],"inLanguage":"fr-FR"}]}},"_links":{"self":[{"href":"https:\/\/hotelsolidairemangily.com\/fr\/wp-json\/wp\/v2\/pages\/25","targetHints":{"allow":["GET"]}}],"collection":[{"href":"https:\/\/hotelsolidairemangily.com\/fr\/wp-json\/wp\/v2\/pages"}],"about":[{"href":"https:\/\/hotelsolidairemangily.com\/fr\/wp-json\/wp\/v2\/types\/page"}],"author":[{"embeddable":true,"href":"https:\/\/hotelsolidairemangily.com\/fr\/wp-json\/wp\/v2\/users\/2"}],"replies":[{"embeddable":true,"href":"https:\/\/hotelsolidairemangily.com\/fr\/wp-json\/wp\/v2\/comments?post=25"}],"version-history":[{"count":5,"href":"https:\/\/hotelsolidairemangily.com\/fr\/wp-json\/wp\/v2\/pages\/25\/revisions"}],"predecessor-version":[{"id":1036,"href":"https:\/\/hotelsolidairemangily.com\/fr\/wp-json\/wp\/v2\/pages\/25\/revisions\/1036"}],"wp:attachment":[{"href":"https:\/\/hotelsolidairemangily.com\/fr\/wp-json\/wp\/v2\/media?parent=25"}],"curies":[{"name":"wp","href":"https:\/\/api.w.org\/{rel}","templated":true}]}}