{"id":27,"date":"2015-08-10T14:34:41","date_gmt":"2015-08-10T14:34:41","guid":{"rendered":"http:\/\/www.hotelsolidaire.org\/?page_id=27"},"modified":"2017-09-11T12:16:39","modified_gmt":"2017-09-11T12:16:39","slug":"manger","status":"publish","type":"page","link":"https:\/\/hotelsolidairemangily.com\/fr\/manger\/","title":{"rendered":"Manger"},"content":{"rendered":"<p style=\"text-align: left;\"><span style=\"color: #26350a;\">L\u2019H\u00f4tel vous propose une cuisine authentique et pleine de saveurs issues de la terre et de la mer. L\u2019ensemble des produits du restaurant sont des produits biologiques et frais issus du march\u00e9 local et des potagers de la ferme \u00e9cole de l&rsquo;<a style=\"color: #26350a;\" href=\"http:\/\/www.ongbelavenir.org\">ONG Bel Avenir<\/a>, contr\u00f4l\u00e9s par des professionnels en agroforesterie qui assurent la qualit\u00e9 et la fra\u00eecheur de tous nos produits.<\/span><\/p>\n<p style=\"text-align: center;\"><span style=\"color: #26350a;\">\u00c0 l\u2019H\u00f4tel Solidaire Mangily, \u00e9tonnez vos papilles en toute s\u00e9r\u00e9nit\u00e9.<\/span><\/p>\n<p style=\"text-align: center;\">&#8230;&#8230;&#8230;.<\/p>\n","protected":false},"excerpt":{"rendered":"<p>L\u2019H\u00f4tel vous propose une cuisine authentique et pleine de saveurs issues de la terre et de la mer. L\u2019ensemble des produits du restaurant sont des produits biologiques et frais issus du march\u00e9 local et des potagers de la ferme \u00e9cole de l&rsquo;ONG Bel Avenir, contr\u00f4l\u00e9s par des professionnels en agroforesterie qui assurent la qualit\u00e9 et&#8230;  <a href=\"https:\/\/hotelsolidairemangily.com\/fr\/manger\/\" class=\"more-link\" title=\"Read Manger\">Read more &raquo;<\/a><\/p>\n","protected":false},"author":2,"featured_media":0,"parent":0,"menu_order":0,"comment_status":"closed","ping_status":"closed","template":"templates\/big-slider.php","meta":{"_acf_changed":false,"footnotes":""},"class_list":["post-27","page","type-page","status-publish","hentry"],"acf":[],"yoast_head":"<!-- This site is optimized with the Yoast SEO plugin v27.5 - https:\/\/yoast.com\/product\/yoast-seo-wordpress\/ -->\n<title>Manger - H\u00f4tel Solidaire Mangily<\/title>\n<meta name=\"robots\" content=\"index, follow, max-snippet:-1, max-image-preview:large, max-video-preview:-1\" \/>\n<link rel=\"canonical\" href=\"https:\/\/hotelsolidairemangily.com\/comer\/\" \/>\n<meta property=\"og:locale\" content=\"fr_FR\" \/>\n<meta property=\"og:type\" content=\"article\" \/>\n<meta property=\"og:title\" content=\"Manger - H\u00f4tel Solidaire Mangily\" \/>\n<meta property=\"og:description\" content=\"L\u2019H\u00f4tel vous propose une cuisine authentique et pleine de saveurs issues de la terre et de la mer. L\u2019ensemble des produits du restaurant sont des produits biologiques et frais issus du march\u00e9 local et des potagers de la ferme \u00e9cole de l&rsquo;ONG Bel Avenir, contr\u00f4l\u00e9s par des professionnels en agroforesterie qui assurent la qualit\u00e9 et... Read more &raquo;\" \/>\n<meta property=\"og:url\" content=\"https:\/\/hotelsolidairemangily.com\/comer\/\" \/>\n<meta property=\"og:site_name\" content=\"H\u00f4tel Solidaire Mangily\" \/>\n<meta property=\"article:modified_time\" content=\"2017-09-11T12:16:39+00:00\" \/>\n<meta name=\"twitter:card\" content=\"summary_large_image\" \/>\n<script type=\"application\/ld+json\" class=\"yoast-schema-graph\">{\"@context\":\"https:\\\/\\\/schema.org\",\"@graph\":[{\"@type\":\"WebPage\",\"@id\":\"https:\\\/\\\/hotelsolidairemangily.com\\\/comer\\\/\",\"url\":\"https:\\\/\\\/hotelsolidairemangily.com\\\/comer\\\/\",\"name\":\"Manger - H\u00f4tel Solidaire Mangily\",\"isPartOf\":{\"@id\":\"https:\\\/\\\/hotelsolidairemangily.com\\\/#website\"},\"datePublished\":\"2015-08-10T14:34:41+00:00\",\"dateModified\":\"2017-09-11T12:16:39+00:00\",\"breadcrumb\":{\"@id\":\"https:\\\/\\\/hotelsolidairemangily.com\\\/comer\\\/#breadcrumb\"},\"inLanguage\":\"fr-FR\",\"potentialAction\":[{\"@type\":\"ReadAction\",\"target\":[\"https:\\\/\\\/hotelsolidairemangily.com\\\/comer\\\/\"]}]},{\"@type\":\"BreadcrumbList\",\"@id\":\"https:\\\/\\\/hotelsolidairemangily.com\\\/comer\\\/#breadcrumb\",\"itemListElement\":[{\"@type\":\"ListItem\",\"position\":1,\"name\":\"Accueil\",\"item\":\"https:\\\/\\\/hotelsolidairemangily.com\\\/fr\\\/\"},{\"@type\":\"ListItem\",\"position\":2,\"name\":\"Manger\"}]},{\"@type\":\"WebSite\",\"@id\":\"https:\\\/\\\/hotelsolidairemangily.com\\\/#website\",\"url\":\"https:\\\/\\\/hotelsolidairemangily.com\\\/\",\"name\":\"H\u00f4tel Solidaire Mangily\",\"description\":\"\u00a1Viaja de forma distinta!\",\"potentialAction\":[{\"@type\":\"SearchAction\",\"target\":{\"@type\":\"EntryPoint\",\"urlTemplate\":\"https:\\\/\\\/hotelsolidairemangily.com\\\/?s={search_term_string}\"},\"query-input\":{\"@type\":\"PropertyValueSpecification\",\"valueRequired\":true,\"valueName\":\"search_term_string\"}}],\"inLanguage\":\"fr-FR\"}]}<\/script>\n<!-- \/ Yoast SEO plugin. -->","yoast_head_json":{"title":"Manger - H\u00f4tel Solidaire Mangily","robots":{"index":"index","follow":"follow","max-snippet":"max-snippet:-1","max-image-preview":"max-image-preview:large","max-video-preview":"max-video-preview:-1"},"canonical":"https:\/\/hotelsolidairemangily.com\/comer\/","og_locale":"fr_FR","og_type":"article","og_title":"Manger - H\u00f4tel Solidaire Mangily","og_description":"L\u2019H\u00f4tel vous propose une cuisine authentique et pleine de saveurs issues de la terre et de la mer. L\u2019ensemble des produits du restaurant sont des produits biologiques et frais issus du march\u00e9 local et des potagers de la ferme \u00e9cole de l&rsquo;ONG Bel Avenir, contr\u00f4l\u00e9s par des professionnels en agroforesterie qui assurent la qualit\u00e9 et... Read more &raquo;","og_url":"https:\/\/hotelsolidairemangily.com\/comer\/","og_site_name":"H\u00f4tel Solidaire Mangily","article_modified_time":"2017-09-11T12:16:39+00:00","twitter_card":"summary_large_image","schema":{"@context":"https:\/\/schema.org","@graph":[{"@type":"WebPage","@id":"https:\/\/hotelsolidairemangily.com\/comer\/","url":"https:\/\/hotelsolidairemangily.com\/comer\/","name":"Manger - H\u00f4tel Solidaire Mangily","isPartOf":{"@id":"https:\/\/hotelsolidairemangily.com\/#website"},"datePublished":"2015-08-10T14:34:41+00:00","dateModified":"2017-09-11T12:16:39+00:00","breadcrumb":{"@id":"https:\/\/hotelsolidairemangily.com\/comer\/#breadcrumb"},"inLanguage":"fr-FR","potentialAction":[{"@type":"ReadAction","target":["https:\/\/hotelsolidairemangily.com\/comer\/"]}]},{"@type":"BreadcrumbList","@id":"https:\/\/hotelsolidairemangily.com\/comer\/#breadcrumb","itemListElement":[{"@type":"ListItem","position":1,"name":"Accueil","item":"https:\/\/hotelsolidairemangily.com\/fr\/"},{"@type":"ListItem","position":2,"name":"Manger"}]},{"@type":"WebSite","@id":"https:\/\/hotelsolidairemangily.com\/#website","url":"https:\/\/hotelsolidairemangily.com\/","name":"H\u00f4tel Solidaire Mangily","description":"\u00a1Viaja de forma distinta!","potentialAction":[{"@type":"SearchAction","target":{"@type":"EntryPoint","urlTemplate":"https:\/\/hotelsolidairemangily.com\/?s={search_term_string}"},"query-input":{"@type":"PropertyValueSpecification","valueRequired":true,"valueName":"search_term_string"}}],"inLanguage":"fr-FR"}]}},"_links":{"self":[{"href":"https:\/\/hotelsolidairemangily.com\/fr\/wp-json\/wp\/v2\/pages\/27","targetHints":{"allow":["GET"]}}],"collection":[{"href":"https:\/\/hotelsolidairemangily.com\/fr\/wp-json\/wp\/v2\/pages"}],"about":[{"href":"https:\/\/hotelsolidairemangily.com\/fr\/wp-json\/wp\/v2\/types\/page"}],"author":[{"embeddable":true,"href":"https:\/\/hotelsolidairemangily.com\/fr\/wp-json\/wp\/v2\/users\/2"}],"replies":[{"embeddable":true,"href":"https:\/\/hotelsolidairemangily.com\/fr\/wp-json\/wp\/v2\/comments?post=27"}],"version-history":[{"count":5,"href":"https:\/\/hotelsolidairemangily.com\/fr\/wp-json\/wp\/v2\/pages\/27\/revisions"}],"predecessor-version":[{"id":2448,"href":"https:\/\/hotelsolidairemangily.com\/fr\/wp-json\/wp\/v2\/pages\/27\/revisions\/2448"}],"wp:attachment":[{"href":"https:\/\/hotelsolidairemangily.com\/fr\/wp-json\/wp\/v2\/media?parent=27"}],"curies":[{"name":"wp","href":"https:\/\/api.w.org\/{rel}","templated":true}]}}