{"id":32,"date":"2015-08-10T14:35:12","date_gmt":"2015-08-10T14:35:12","guid":{"rendered":"http:\/\/www.hotelsolidaire.org\/?page_id=32"},"modified":"2017-09-11T12:21:23","modified_gmt":"2017-09-11T12:21:23","slug":"decouvrir","status":"publish","type":"page","link":"https:\/\/hotelsolidairemangily.com\/fr\/decouvrir\/","title":{"rendered":"D\u00e9couvrir"},"content":{"rendered":"<p>&nbsp;<\/p>\n<h4 style=\"text-align: center;\"><span style=\"color: #26350a;\">D\u00e9couvrez\u00a0ou participez aux activit\u00e9s quotidiennes des projets \u00e9ducatifs de l\u2019ONG Bel Avenir<\/span><\/h4>\n<p>&nbsp;<\/p>\n<ul>\n<li>\u00a0<a href=\"https:\/\/hotelsolidairemangily.com\/fr\/visite-solidaire\/\">Visite solidaire des projets \u00e9ducatifs et environnementaux de l&rsquo;ONG Bel Avenir \u00e0 Mangily<\/a>\u00a0<span style=\"color: #648b1a;\">*Gratuit!<\/span><\/li>\n<li><span class=\"s1\"><span class=\"s2\"><a href=\"https:\/\/hotelsolidairemangily.com\/fr\/activites-solidaire-avec-les-enfants-en-sejour-educatif-au-centre-deducation-environnementale\/\">Activit\u00e9s avec les enfants en s\u00e9jour \u00e9ducatif au Centre d\u2019\u00c9ducation Environnementale, avec les jeunes en formation en agriculture, \u00e9levage et \u00e9cotourisme \u00e0 la Ferme \u00c9cole\u00a0ou avec les enfants \u00e0 la biblioth\u00e8que du village\u00a0<\/a><span style=\"color: #648b1a;\">*Gratuit!<\/span><\/span><\/span><\/li>\n<li><span style=\"color: #26350a;\"><a href=\"https:\/\/hotelsolidairemangily.com\/fr\/decouvrir\/sejour-de-tourisme-solidaire\/\">Se\u0301jour de tourisme solidaire d&rsquo;une semaine m\u00eal\u00e9 de d\u00e9couvertes et des activite\u0301s solidaires<\/a><\/span><\/li>\n<\/ul>\n<p>&nbsp;<\/p>\n<h4 style=\"text-align: center;\"><span style=\"color: #26350a;\">D\u00e9couvrez\u00a0les alentours du village de Mangily<\/span><\/h4>\n<p><span style=\"color: #26350a;\">\u00a0<\/span><\/p>\n<ul>\n<li><span style=\"color: #26350a;\"><a href=\"https:\/\/hotelsolidairemangily.com\/fr\/ne-ratez-pas-la-visite-de-lunique-squelette-reconstitue-de-baleine-a-bosse-de-locean-indien\/\">Visite de l\u2019unique reconstitution d\u2019un squelette de baleine \u00e0 bosse de l\u2019oc\u00e9an Indien<\/a>\u00a0*<span style=\"color: #648b1a;\">Gratuit!<\/span><\/span><\/li>\n<li><span style=\"color: #26350a;\"><a href=\"https:\/\/hotelsolidairemangily.com\/fr\/la-reserve-marine-d-ankaranjenita\/\">Snorkling \u00e0 la r\u00e9serve marine d&rsquo;Ankaranjelita + pique-nique \u00e0 la plage de cocotiers de Madiorano<\/a><\/span><\/li>\n<li><span style=\"color: #26350a;\"><a href=\"https:\/\/hotelsolidairemangily.com\/fr\/decouvrir\/decouvrez-les-charmes-des-bancs-de-sable-autour-des-mangroves-de-tsongoritelo\/\">Visite au banc de sable et \u00e0 l\u2019aire prot\u00e9g\u00e9e des mangroves de l\u2019ONG Bel Avenir \u00e0 Tsingoritelo + pique-nique<\/a><\/span><\/li>\n<li><span style=\"color: #26350a;\"><a href=\"https:\/\/hotelsolidairemangily.com\/fr\/decouvrir\/decouvrez-la-grande-foret-de-baobabs-et-ses-plantes-medicinales-dans-une-charrette-a-zebu\/\">Promenade dans la traditionnelle charrette \u00e0 z\u00e9bu \u00e0 la for\u00eat des baobabs<\/a><\/span><\/li>\n<li><span style=\"color: #26350a;\"><a href=\"https:\/\/hotelsolidairemangily.com\/fr\/decouvrir\/vivez-une-experience-exceptionnelle-en-observant-les-baleines-en-migration\/\">Observation des baleines en migration<\/a><\/span><\/li>\n<li><span style=\"color: #26350a;\"><a href=\"https:\/\/hotelsolidairemangily.com\/fr\/decouvrez-les-beautes-aquatiques-a-la-reserve-marine-du-massif-des-roses\/\">Snorkling \u00e0 la r\u00e9serve marine des Massifs des Roses<\/a><\/span><\/li>\n<\/ul>\n<p><span style=\"color: #648b1a;\">*Gratuit pour les clients log\u00e9s \u00e0 l&rsquo;H\u00f4tel Solidaire Mangily.<\/span><\/p>\n","protected":false},"excerpt":{"rendered":"<p>&nbsp; D\u00e9couvrez\u00a0ou participez aux activit\u00e9s quotidiennes des projets \u00e9ducatifs de l\u2019ONG Bel Avenir &nbsp; \u00a0Visite solidaire des projets \u00e9ducatifs et environnementaux de l&rsquo;ONG Bel Avenir \u00e0 Mangily\u00a0*Gratuit! Activit\u00e9s avec les enfants en s\u00e9jour \u00e9ducatif au Centre d\u2019\u00c9ducation Environnementale, avec les jeunes en formation en agriculture, \u00e9levage et \u00e9cotourisme \u00e0 la Ferme \u00c9cole\u00a0ou avec les enfants&#8230;  <a href=\"https:\/\/hotelsolidairemangily.com\/fr\/decouvrir\/\" class=\"more-link\" title=\"Read D\u00e9couvrir\">Read more &raquo;<\/a><\/p>\n","protected":false},"author":2,"featured_media":0,"parent":0,"menu_order":0,"comment_status":"closed","ping_status":"closed","template":"templates\/big-slider.php","meta":{"_acf_changed":false,"footnotes":""},"class_list":["post-32","page","type-page","status-publish","hentry"],"acf":[],"yoast_head":"<!-- This site is optimized with the Yoast SEO plugin v27.5 - https:\/\/yoast.com\/product\/yoast-seo-wordpress\/ -->\n<title>D\u00e9couvrir - H\u00f4tel Solidaire Mangily<\/title>\n<meta name=\"robots\" content=\"index, follow, max-snippet:-1, max-image-preview:large, max-video-preview:-1\" \/>\n<link rel=\"canonical\" href=\"https:\/\/hotelsolidairemangily.com\/descubrir\/\" \/>\n<meta property=\"og:locale\" content=\"fr_FR\" \/>\n<meta property=\"og:type\" content=\"article\" \/>\n<meta property=\"og:title\" content=\"D\u00e9couvrir - H\u00f4tel Solidaire Mangily\" \/>\n<meta property=\"og:description\" content=\"&nbsp; D\u00e9couvrez\u00a0ou participez aux activit\u00e9s quotidiennes des projets \u00e9ducatifs de l\u2019ONG Bel Avenir &nbsp; \u00a0Visite solidaire des projets \u00e9ducatifs et environnementaux de l&rsquo;ONG Bel Avenir \u00e0 Mangily\u00a0*Gratuit! Activit\u00e9s avec les enfants en s\u00e9jour \u00e9ducatif au Centre d\u2019\u00c9ducation Environnementale, avec les jeunes en formation en agriculture, \u00e9levage et \u00e9cotourisme \u00e0 la Ferme \u00c9cole\u00a0ou avec les enfants... Read more &raquo;\" \/>\n<meta property=\"og:url\" content=\"https:\/\/hotelsolidairemangily.com\/descubrir\/\" \/>\n<meta property=\"og:site_name\" content=\"H\u00f4tel Solidaire Mangily\" \/>\n<meta property=\"article:modified_time\" content=\"2017-09-11T12:21:23+00:00\" \/>\n<meta name=\"twitter:card\" content=\"summary_large_image\" \/>\n<meta name=\"twitter:label1\" content=\"Dur\u00e9e de lecture estim\u00e9e\" \/>\n\t<meta name=\"twitter:data1\" content=\"1 minute\" \/>\n<script type=\"application\/ld+json\" class=\"yoast-schema-graph\">{\"@context\":\"https:\\\/\\\/schema.org\",\"@graph\":[{\"@type\":\"WebPage\",\"@id\":\"https:\\\/\\\/hotelsolidairemangily.com\\\/descubrir\\\/\",\"url\":\"https:\\\/\\\/hotelsolidairemangily.com\\\/descubrir\\\/\",\"name\":\"D\u00e9couvrir - H\u00f4tel Solidaire Mangily\",\"isPartOf\":{\"@id\":\"https:\\\/\\\/hotelsolidairemangily.com\\\/#website\"},\"datePublished\":\"2015-08-10T14:35:12+00:00\",\"dateModified\":\"2017-09-11T12:21:23+00:00\",\"breadcrumb\":{\"@id\":\"https:\\\/\\\/hotelsolidairemangily.com\\\/descubrir\\\/#breadcrumb\"},\"inLanguage\":\"fr-FR\",\"potentialAction\":[{\"@type\":\"ReadAction\",\"target\":[\"https:\\\/\\\/hotelsolidairemangily.com\\\/descubrir\\\/\"]}]},{\"@type\":\"BreadcrumbList\",\"@id\":\"https:\\\/\\\/hotelsolidairemangily.com\\\/descubrir\\\/#breadcrumb\",\"itemListElement\":[{\"@type\":\"ListItem\",\"position\":1,\"name\":\"Accueil\",\"item\":\"https:\\\/\\\/hotelsolidairemangily.com\\\/fr\\\/\"},{\"@type\":\"ListItem\",\"position\":2,\"name\":\"D\u00e9couvrir\"}]},{\"@type\":\"WebSite\",\"@id\":\"https:\\\/\\\/hotelsolidairemangily.com\\\/#website\",\"url\":\"https:\\\/\\\/hotelsolidairemangily.com\\\/\",\"name\":\"H\u00f4tel Solidaire Mangily\",\"description\":\"\u00a1Viaja de forma distinta!\",\"potentialAction\":[{\"@type\":\"SearchAction\",\"target\":{\"@type\":\"EntryPoint\",\"urlTemplate\":\"https:\\\/\\\/hotelsolidairemangily.com\\\/?s={search_term_string}\"},\"query-input\":{\"@type\":\"PropertyValueSpecification\",\"valueRequired\":true,\"valueName\":\"search_term_string\"}}],\"inLanguage\":\"fr-FR\"}]}<\/script>\n<!-- \/ Yoast SEO plugin. -->","yoast_head_json":{"title":"D\u00e9couvrir - H\u00f4tel Solidaire Mangily","robots":{"index":"index","follow":"follow","max-snippet":"max-snippet:-1","max-image-preview":"max-image-preview:large","max-video-preview":"max-video-preview:-1"},"canonical":"https:\/\/hotelsolidairemangily.com\/descubrir\/","og_locale":"fr_FR","og_type":"article","og_title":"D\u00e9couvrir - H\u00f4tel Solidaire Mangily","og_description":"&nbsp; D\u00e9couvrez\u00a0ou participez aux activit\u00e9s quotidiennes des projets \u00e9ducatifs de l\u2019ONG Bel Avenir &nbsp; \u00a0Visite solidaire des projets \u00e9ducatifs et environnementaux de l&rsquo;ONG Bel Avenir \u00e0 Mangily\u00a0*Gratuit! Activit\u00e9s avec les enfants en s\u00e9jour \u00e9ducatif au Centre d\u2019\u00c9ducation Environnementale, avec les jeunes en formation en agriculture, \u00e9levage et \u00e9cotourisme \u00e0 la Ferme \u00c9cole\u00a0ou avec les enfants... Read more &raquo;","og_url":"https:\/\/hotelsolidairemangily.com\/descubrir\/","og_site_name":"H\u00f4tel Solidaire Mangily","article_modified_time":"2017-09-11T12:21:23+00:00","twitter_card":"summary_large_image","twitter_misc":{"Dur\u00e9e de lecture estim\u00e9e":"1 minute"},"schema":{"@context":"https:\/\/schema.org","@graph":[{"@type":"WebPage","@id":"https:\/\/hotelsolidairemangily.com\/descubrir\/","url":"https:\/\/hotelsolidairemangily.com\/descubrir\/","name":"D\u00e9couvrir - H\u00f4tel Solidaire Mangily","isPartOf":{"@id":"https:\/\/hotelsolidairemangily.com\/#website"},"datePublished":"2015-08-10T14:35:12+00:00","dateModified":"2017-09-11T12:21:23+00:00","breadcrumb":{"@id":"https:\/\/hotelsolidairemangily.com\/descubrir\/#breadcrumb"},"inLanguage":"fr-FR","potentialAction":[{"@type":"ReadAction","target":["https:\/\/hotelsolidairemangily.com\/descubrir\/"]}]},{"@type":"BreadcrumbList","@id":"https:\/\/hotelsolidairemangily.com\/descubrir\/#breadcrumb","itemListElement":[{"@type":"ListItem","position":1,"name":"Accueil","item":"https:\/\/hotelsolidairemangily.com\/fr\/"},{"@type":"ListItem","position":2,"name":"D\u00e9couvrir"}]},{"@type":"WebSite","@id":"https:\/\/hotelsolidairemangily.com\/#website","url":"https:\/\/hotelsolidairemangily.com\/","name":"H\u00f4tel Solidaire Mangily","description":"\u00a1Viaja de forma distinta!","potentialAction":[{"@type":"SearchAction","target":{"@type":"EntryPoint","urlTemplate":"https:\/\/hotelsolidairemangily.com\/?s={search_term_string}"},"query-input":{"@type":"PropertyValueSpecification","valueRequired":true,"valueName":"search_term_string"}}],"inLanguage":"fr-FR"}]}},"_links":{"self":[{"href":"https:\/\/hotelsolidairemangily.com\/fr\/wp-json\/wp\/v2\/pages\/32","targetHints":{"allow":["GET"]}}],"collection":[{"href":"https:\/\/hotelsolidairemangily.com\/fr\/wp-json\/wp\/v2\/pages"}],"about":[{"href":"https:\/\/hotelsolidairemangily.com\/fr\/wp-json\/wp\/v2\/types\/page"}],"author":[{"embeddable":true,"href":"https:\/\/hotelsolidairemangily.com\/fr\/wp-json\/wp\/v2\/users\/2"}],"replies":[{"embeddable":true,"href":"https:\/\/hotelsolidairemangily.com\/fr\/wp-json\/wp\/v2\/comments?post=32"}],"version-history":[{"count":5,"href":"https:\/\/hotelsolidairemangily.com\/fr\/wp-json\/wp\/v2\/pages\/32\/revisions"}],"predecessor-version":[{"id":2450,"href":"https:\/\/hotelsolidairemangily.com\/fr\/wp-json\/wp\/v2\/pages\/32\/revisions\/2450"}],"wp:attachment":[{"href":"https:\/\/hotelsolidairemangily.com\/fr\/wp-json\/wp\/v2\/media?parent=32"}],"curies":[{"name":"wp","href":"https:\/\/api.w.org\/{rel}","templated":true}]}}